{"id":1039,"date":"2023-05-12T15:44:07","date_gmt":"2023-05-12T13:44:07","guid":{"rendered":"https:\/\/consedimburgo.esteri.it\/servizi-consolari-e-visti\/servizi-per-il-cittadino-italiano\/dichiarazione-di-accompagnamento\/"},"modified":"2024-06-04T18:29:01","modified_gmt":"2024-06-04T16:29:01","slug":"dichiarazione-di-accompagnamento","status":"publish","type":"page","link":"https:\/\/consedimburgo.esteri.it\/en\/servizi-consolari-e-visti\/servizi-per-il-cittadino-italiano\/dichiarazione-di-accompagnamento\/","title":{"rendered":"Children under 18 travelling without parents\/guardians"},"content":{"rendered":"<p><strong>AFFIDAMENTO DI MINORI CITTADINI ITALIANI A PERSONE DIVERSE DAI GENITORI IN CASO DI VIAGGIO<\/strong><\/p>\n<p>Se si desidera che un minore di anni 14 viaggi in Italia accompagnato da una persona diversa dai genitori o affidato alla compagnia aerea, \u00e8 necessario che i genitori o gli esercenti la potest\u00e0 genitoriale presentino una dichiarazione di accompagnamento (scarica il modulo <a href=\"https:\/\/consedimburgo.esteri.it\/it\/servizi-consolari-e-visti\/servizi-per-il-cittadino-italiano\/modulistica\/\"><strong>QUI<\/strong><\/a>).<br \/>\nIn caso di dubbio si\u00a0prega di contattare direttamente l&#8217;Ente\/Compagnia aerea per informazioni sulla documentazione da loro ritenuta necessaria, o di optare per la\u00a0<strong>Apposizione della menzione dell\u2019accompagnatore\/i sul passaporto del minore<\/strong>.<\/p>\n<p>&nbsp;<\/p>\n<p>La validit\u00e0 della dichiarazione \u00e8 di norma circoscritta ad un viaggio (da intendersi come andata e\/o ritorno) fuori dal Paese di residenza del minore infra-quattordicenne, con destinazione determinata. Il termine massimo di validit\u00e0 della dichiarazione &#8211; entro cui devono essere ricomprese la data di partenza e la data di rientro &#8211; \u00e8 di 6 mesi. La validit\u00e0 della dichiarazione non pu\u00f2 comunque oltrepassare la data di scadenza del passaporto del minore.<\/p>\n<p>La dichiarazione di accompagnamento va presentata presso le Questure in Italia o le Rappresentanze diplomatico-consolari all&#8217;estero. L&#8217;Autorit\u00e0 competente a ricevere la dichiarazione \u00e8 di norma quella nella cui circoscrizione risiede il richiedente.<\/p>\n<p>Nel caso in cui i genitori siano entrambi cittadini UE, detta dichiarazione deve essere presentata inviando per e-mail o via posta ordinaria, la Dichiarazione di accompagnamento (scaricala <a href=\"https:\/\/consedimburgo.esteri.it\/it\/servizi-consolari-e-visti\/servizi-per-il-cittadino-italiano\/modulistica\/\"><strong>QUI<\/strong><\/a>) insieme a:<\/p>\n<ul>\n<li style=\"list-style-type: none;\">\n<ul>\n<li>fotocopia dei documenti d&#8217;identit\u00e0 di entrambi dei genitori<\/li>\n<li>fotocopia del\/i documento\/i d&#8217;identit\u00e0 dell&#8217;accompagnatore\/i<\/li>\n<li>passaporto originale del minore (vedi sotto alla voce IMPORTANTE), o fotocopia del documento d&#8217;identit\u00e0 del minore<\/li>\n<li>busta\u00a0<em>special delivery<\/em>\u00a0o\u00a0<em>signed for<\/em>\u00a0<strong>prepagata\u00a0<\/strong>e indirizzata a s\u00e9 stessi<\/li>\n<li>copia del titolo di viaggio\u00a0<strong>con chiara indicazione del nome del passeggero e della data del viaggio<\/strong> (biglietto aereo, o stampa della prenotazione del viaggio, o carta d\u2019imbarco), sia per i minori che per i loro accompagnatori<\/li>\n<\/ul>\n<\/li>\n<\/ul>\n<p><strong>ATTENZIONE<\/strong>: Se uno dei genitori \u00e8 di cittadinanza non comunitaria (cittadino di stato non membro dell&#8217;UE), il modulo di richiesta deve essere <span style=\"text-decoration: underline;\">firmato di persona in presenza del funzionario del Consolato o della rete consolare onoraria<\/span>, previa esibizione di un valido documento d&#8217;identit\u00e0 (<strong>solo<\/strong> su appuntamento da concordare per e-mail: <a href=\"mailto:passaporti.edimburgo@esteri.it\">passaporti.edimburgo@esteri.it<\/a>).<\/p>\n<p>Poich\u00e9 la L. 1185\/1967 fa espresso riferimento ai &#8220;cittadini&#8221;, l&#8217;applicazione della procedura sopradescritta\u00a0\u00e8 limitata ai soli <strong>minori italiani<\/strong>.<\/p>\n<p>&nbsp;<\/p>\n<p><strong>NB<\/strong>: Spuntare sul modulo di richiesta di dichiarazione di accompagnamento una delle seguenti caselle:<\/p>\n<ul>\n<li>Apposizione della menzione dell\u2019accompagnatore\/i sul passaporto del minore<br \/>\nIl Ministero della Giustizia reputa preferibile la menzione sul passaporto rispetto alle dichiarazioni separate. Non pu\u00f2 negarsi, infatti, la maggiore garanzia di autenticit\u00e0 e integrit\u00e0 offerta dal passaporto nel cui unico contesto sono presenti le generalit\u00e0 del minore, nonch\u00e9 le menzioni di accompagnamento. Inoltre, il preciso riferimento spazio-temporale facilita il compito dei Paesi terzi nell&#8217;individuazione delle menzioni ancore valide ed efficaci.<\/li>\n<li>Rilascio di una Dichiarazione di accompagnamento cartacea\u00a0recante i dati sopra riportati<\/li>\n<\/ul>\n<p><strong>IMPORTANTE: Il ministero degli Esteri consiglia sempre, ove possibile, di optare per la menzione dell\u2019accompagnatore\/i sul passaporto del minore. L&#8217;operazione \u00e8 rapida, gratuita e pi\u00f9 sicura rispetto alla Dichiarazione di accompagnamento cartacea, e pu\u00f2 essere richiesta per posta, inviando il passaporto del minore insieme a una busta special delivery prepagata per la restituzione dello stesso.<\/strong><\/p>\n","protected":false},"excerpt":{"rendered":"AFFIDAMENTO DI MINORI CITTADINI ITALIANI A PERSONE DIVERSE DAI GENITORI IN CASO DI VIAGGIO Se si desidera che un minore di anni 14 viaggi in Italia accompagnato da una persona diversa dai genitori o affidato alla compagnia aerea, \u00e8 necessario che i genitori o gli esercenti la potest\u00e0 genitoriale presentino una dichiarazione di accompagnamento (scarica [&hellip;]","protected":false},"author":6,"featured_media":0,"parent":184,"menu_order":20,"comment_status":"closed","ping_status":"closed","template":"","meta":{"footnotes":""},"class_list":["post-1039","page","type-page","status-publish","hentry"],"_links":{"self":[{"href":"https:\/\/consedimburgo.esteri.it\/en\/wp-json\/wp\/v2\/pages\/1039","targetHints":{"allow":["GET"]}}],"collection":[{"href":"https:\/\/consedimburgo.esteri.it\/en\/wp-json\/wp\/v2\/pages"}],"about":[{"href":"https:\/\/consedimburgo.esteri.it\/en\/wp-json\/wp\/v2\/types\/page"}],"author":[{"embeddable":true,"href":"https:\/\/consedimburgo.esteri.it\/en\/wp-json\/wp\/v2\/users\/6"}],"replies":[{"embeddable":true,"href":"https:\/\/consedimburgo.esteri.it\/en\/wp-json\/wp\/v2\/comments?post=1039"}],"version-history":[{"count":2,"href":"https:\/\/consedimburgo.esteri.it\/en\/wp-json\/wp\/v2\/pages\/1039\/revisions"}],"predecessor-version":[{"id":3006,"href":"https:\/\/consedimburgo.esteri.it\/en\/wp-json\/wp\/v2\/pages\/1039\/revisions\/3006"}],"up":[{"embeddable":true,"href":"https:\/\/consedimburgo.esteri.it\/en\/wp-json\/wp\/v2\/pages\/184"}],"wp:attachment":[{"href":"https:\/\/consedimburgo.esteri.it\/en\/wp-json\/wp\/v2\/media?parent=1039"}],"curies":[{"name":"wp","href":"https:\/\/api.w.org\/{rel}","templated":true}]}}