{"id":244,"date":"2023-04-03T19:29:59","date_gmt":"2023-04-03T17:29:59","guid":{"rendered":"https:\/\/consedimburgo.esteri.it\/servizi-consolari-e-visti\/servizi-per-il-cittadino-italiano\/autoveicoli-e-patenti-di-guida\/"},"modified":"2024-07-02T13:32:03","modified_gmt":"2024-07-02T11:32:03","slug":"autoveicoli-e-patenti-di-guida","status":"publish","type":"page","link":"https:\/\/consedimburgo.esteri.it\/en\/servizi-consolari-e-visti\/servizi-per-il-cittadino-italiano\/autoveicoli-e-patenti-di-guida\/","title":{"rendered":"Autoveicoli e Patenti di guida"},"content":{"rendered":"<h3><strong>Autoveicoli<\/strong><\/h3>\n<p>I cittadini italiani che intendono vendere un veicolo immatricolato in Italia potranno rivolgersi all\u2019Ufficio Notarile di questo Consolato Generale per:<\/p>\n<p><strong>A)\u00a0Effettuare una dichiarazione di vendita del veicolo.<\/strong><\/p>\n<p>In tal caso il venditore dovr\u00e0 esibire:<\/p>\n<ul>\n<li>il certificato di propriet\u00e0 del veicolo in originale<\/li>\n<li>il documento di identit\u00e0 in corso di validit\u00e0 (passaporto italiano o carta d\u2019identit\u00e0)<\/li>\n<li>il codice fiscale<\/li>\n<\/ul>\n<p>Sar\u00e0 inoltre necessario conoscere:<\/p>\n<ul>\n<li>le generalit\u00e0 dell\u2019acquirente (se persona fisica copia documento di identit\u00e0 e del codice fiscale. Se persona giuridica indicare denominazione, indirizzo e codice fiscale)<\/li>\n<li>il prezzo di vendita del veicolo.<\/li>\n<\/ul>\n<p>Il costo del servizio \u00e8 quello indicato all\u2019art. 26 della Tabella dei diritti consolari (cliccare <a href=\"https:\/\/consedimburgo.esteri.it\/it\/servizi-consolari-e-visti\/servizi-per-il-cittadino-italiano\/548-2\/\"><strong>QUI<\/strong><\/a>)<\/p>\n<p><strong>B)\u00a0Conferire una procura speciale alla vendita del veicolo<\/strong><\/p>\n<p>In tala caso, richiedere\u00a0un appuntamento inviando l&#8217;apposito modulo di richiesta (clicca <a href=\"https:\/\/consedimburgo.esteri.it\/it\/servizi-consolari-e-visti\/servizi-per-il-cittadino-italiano\/modulistica\/\"><strong>QUI<\/strong><\/a>) per posta elettronica all\u2019indirizzo e-mail\u00a0<a href=\"mailto:notarile.edimburgo@esteri.it\">notarile.edimburgo@esteri.it<\/a><\/p>\n<p>Al fine di semplificare la procedura, si invitano i richiedenti a:<\/p>\n<ul>\n<li>far predisporre dal proprio notaio, o legale di fiducia, una bozza dell\u2019atto da anticipare per posta elettronica;<\/li>\n<li>inviare insieme al formulario di richiesta una copia di un valido documento di identit\u00e0 e del codice fiscale.<\/li>\n<\/ul>\n<p>Il costo del servizio \u00e8 quello indicato all\u2019art. 18 A della Tabella dei diritti consolari (clicca <a href=\"https:\/\/consedimburgo.esteri.it\/it\/servizi-consolari-e-visti\/servizi-per-il-cittadino-italiano\/modulistica\/\"><strong>QUI<\/strong><\/a>).<\/p>\n<p><strong>C) Cancellazione di veicoli dal PRA<\/strong><\/p>\n<div class=\"entry-content\">\n<p>Con l\u2019entrata in vigore delle modifiche all\u2019art. 103 Codice della Strada, a partire dal 1\u00b0 Aprile 2021 non \u00e8 pi\u00f9 possibile presentare richieste di radiazione per esportazione tramite gli uffici consolari. Gli interessati dovranno presentare richiesta di cancellazione del veicolo all\u2019Archivio Nazionale dei Veicoli e dal Pubblico Registro Automobilistico direttamente agli uffici di competenza in Italia, prima dell\u2019esportazione.<\/p>\n<p>Per informazioni dettagliate sulla nuova procedura si veda:<\/p>\n<p><a href=\"http:\/\/www.aci.it\/i-servizi\/guide-utili\/guida-pratiche-auto\/esportazione.html\">http:\/\/www.aci.it\/i-servizi\/guide-utili\/guida-pratiche-auto\/esportazione.html<\/a><\/p>\n<p><a href=\"https:\/\/www.mit.gov.it\/comunicazione\/news\/nuove-procedure-per-esportazione-veicoli-immatricolati-italia\">https:\/\/www.mit.gov.it\/comunicazione\/news\/nuove-procedure-per-esportazione-veicoli-immatricolati-italia<\/a><\/p>\n<\/div>\n<p>&nbsp;<\/p>\n<h4>Patenti di guida<\/h4>\n<p>Le informazioni relative alle patenti di guida italiane e britanniche contenute in questa sezione riflettono il contenuto dell\u2019accordo bilaterale tra l\u2019Italia ed il Regno Unito entrato in vigore in data <strong>30\/03\/2023 <\/strong>(clicca <a href=\"https:\/\/consedimburgo.esteri.it\/wp-content\/uploads\/2024\/01\/Accordo-ITA-UK-patenti-di-guida-2023-1.pdf\"><strong>QUI<\/strong><\/a> per consultarne il testo).<\/p>\n<p><strong>RINNOVO DELLA PATENTE DI GUIDA ITALIANA<\/strong><\/p>\n<p>Non \u00e8 possibile richiedere il rinnovo della patente di guida italiana presso questa sede consolare. Sar\u00e0 dunque necessario rivolgersi alla motorizzazione civile in Italia oppure effettuare la conversione della patente italiana in patente britannica (vedi sotto).<\/p>\n<p><strong>SMARRIMENTO O FURTO DI PATENTE ITALIANA<\/strong><\/p>\n<p>I possessori di patente italiana\u00a0<strong>non iscritti all\u2019Aire\/residenti in Italia<\/strong> che smarriscono la propria patente trovandosi in Gran Bretagna per un periodo di permanenza transitoria, dovranno presentare denuncia di smarrimento presso l\u2019Autorit\u00e0 di Polizia britannica.<\/p>\n<p>Per ottenere il duplicato della patente smarrita, i connazionali, solamente al rientro in Italia, potranno attivarsi per:<\/p>\n<ul>\n<li>presentare una nuova denuncia di smarrimento alle Autorit\u00e0 di Polizia italiane;<\/li>\n<li>ottenere un permesso di guida, rilasciato al momento della denuncia;<\/li>\n<li>ricevere, alla propria residenza, il duplicato della patente, trasmessa con posta assicurata, a seguito dell\u2019inoltro (effettuato dalle forze dell\u2019ordine) della denuncia di smarrimento.<\/li>\n<\/ul>\n<p>I possessori di patente italiana <strong>iscritti all\u2019Aire\/residenti in Gran Bretagna<\/strong> che smarriscono la propria patente italiana, dovranno presentare denuncia di smarrimento presso l\u2019Autorit\u00e0 di Polizia britannica e poi potranno richiedere direttamente alle Autorit\u00e0 britanniche (DVLA) la conversione in patente britannica della patente italiana smarrita o rubata.<\/p>\n<p>&nbsp;<\/p>\n<p><strong>CONVERSIONE DELLA PATENTE ITALIANA IN PATENTE BRITANNICA<\/strong><\/p>\n<p>I titolari di patente italiana residenti nel Regno Unito possono ottenerne la\u00a0<strong>conversione<\/strong>\u00a0in patente britannica presso la\u00a0Driver and Vehicle Licensing Agency \u00a0(DVLA) britannica. Clicca <a href=\"https:\/\/www.gov.uk\/exchange-foreign-driving-licence\"><strong>QUI<\/strong><\/a> per ulteriori informazioni sulla procedura. La medesima procedura si applica anche a patenti\u00a0smarrite e rubate,\u00a0scadute\u00a0senza limiti di tempo\u00a0e le patenti italiane ottenute a loro volta per conversione di patente britannica o di uno stato con il quale il Regno Unito abbia uno specifico accordo bilaterale (si veda la sezione \u2018<a href=\"https:\/\/www.gov.uk\/exchange-foreign-driving-licence\">designated country or territory\u2019<\/a>).<\/p>\n<p>La conversione avviene in automatico,\u00a0<strong>senza<\/strong> dover presentare certificato medico, traduzione o attestato di validit\u00e0 della patente (&#8220;Certificate of Entitlement&#8221;). Il costo della conversione tramite DVLA si aggira intorno alle 40\u00a3 e gli interessati possono ritirare presso qualsiasi Post Office, gratuitamente, il form \u201cD1\u201d della DVLA, il quale viene fornito unitamente ad un leaflet che illustra la procedura per la conversione e considera alcune casistiche frequenti.<\/p>\n<p>Per tutte le informazioni, gli interessati devono rivolgersi direttamente alla DVLA oppure, eventualmente, all\u2019Ufficio di Motorizzazione Civile competente. Il Consolato Generale <strong>non<\/strong> rilascia alcuna documentazione richiesta ai fini della conversione della patente.<\/p>\n<p>&nbsp;<\/p>\n<p><strong>GUIDARE IN ITALIA CON PATENTE BRITANNICA<\/strong><\/p>\n<p>Le patenti di guida britanniche sono valide per la circolazione sul territorio della Repubblica Italiana.<\/p>\n<p><strong>Turisti e visitatori<\/strong> possono utilizzare la propria patente di guida britannica\u00a0<strong>senza<\/strong>\u00a0<strong>la necessit\u00e0 di ottenere un international driving permit o una traduzione ufficiale<\/strong>\u00a0in lingua italiana del documento. Nel caso in cui si intenda noleggiare un veicolo, \u00e8 tuttavia consigliabile verificare i termini specifici del noleggio direttamente ed in anticipo con la compagnia privata di proprio interesse.<\/p>\n<p>I titolari di patente britannica che, invece,\u00a0<strong>trasferiscano la propria residenza<\/strong> anagrafica in Italia, potranno utilizzare la patente fino ad un anno dalla data del trasferimento. Successivamente, dovranno richiederne la conversione in patente di guida italiana presso l\u2019Ufficio di Motorizzazione Civile competente per territorio (clicca <strong><a href=\"https:\/\/www.ilportaledellautomobilista.it\/gms\/ricerca\/$N\/$N\">QUI<\/a><\/strong>). La medesima procedura si applica anche per patenti\u00a0<strong>smarrite<\/strong>\u00a0e\u00a0<strong>rubate<\/strong>, scadute da meno di 5 anni e le <strong>patenti britanniche ottenute a loro volta per conversione di patente italiana<\/strong> o di uno stato con il quale l\u2019Italia abbia uno specifico accordo bilaterale.<\/p>\n<p>&nbsp;<\/p>\n<p><strong>IMPORTAZIONE IN ITALIA DI VEICOLO BRITANNICO<\/strong><\/p>\n<p>Gli interessati ad importare in Italia un veicolo britannico dovranno verificare direttamente con la Driver and Vehicle Licensing Agency (DVLA) le\u00a0<a href=\"https:\/\/www.gov.uk\/taking-vehicles-out-of-uk\">procedure di cancellazione di veicoli dai registri britannici<\/a>\u00a0(<a href=\"https:\/\/www.gov.uk\/taking-vehicles-out-of-uk\">https:\/\/www.gov.uk\/taking-vehicles-out-of-uk<\/a>)<\/p>\n<p>Per quanto riguarda l\u2019immatricolazione in Italia, gli interessati dovranno rivolgersi direttamente all\u2019Ufficio Provinciale della Motorizzazione competente per il Comune di rimpatrio. Per tutte le informazioni si veda la sezione \u201cImmatricolazione e iscrizione al PRA di veicoli nuovi o usati di provenienza UE ed Extra UE non effettuabili in STA\u201d di\u00a0<a href=\"https:\/\/www.aci.it\/i-servizi\/guide-utili\/guida-pratiche-auto\/importare-un-veicolo.html\">questa pagina<\/a>. (<a href=\"https:\/\/www.aci.it\/i-servizi\/guide-utili\/guida-pratiche-auto\/importare-un-veicolo.html\">https:\/\/www.aci.it\/i-servizi\/guide-utili\/guida-pratiche-auto\/importare-un-veicolo.html<\/a>)<\/p>\n<p>Si sottolinea che questo Consolato Generale\u00a0<strong>non<\/strong>\u00a0offre servizi di\u00a0<strong>legalizzazione<\/strong>\u00a0<strong>n\u00e9<\/strong>\u00a0di\u00a0<strong>traduzione<\/strong>.<\/p>\n<p>Le\u00a0<strong>verifiche dell\u2019autenticit\u00e0<\/strong>\u00a0del certificati di registro\/immatricolazione\/circolazione britannici possono essere condotte direttamente dalle autorit\u00e0 italiane interessate utilizzando lo strumento offerto dall\u2019ente emittente (Driver &amp; Vehicle Licensing Agency britannica) alla seguente pagina:\u00a0<a href=\"https:\/\/www.gov.uk\/get-vehicle-information-from-dvla\">https:\/\/www.gov.uk\/get-vehicle-information-from-dvla<\/a>\u00a0(<a href=\"https:\/\/www.gov.uk\/get-vehicle-information-from-dvla\">https:\/\/www.gov.uk\/get-vehicle-information-from-dvla<\/a>)<\/p>\n<p>La traduzione in italiano del documento britannico potr\u00e0 essere ottenuta presso i competenti Tribunali o Comuni italiani.<\/p>\n<p>&nbsp;<\/p>\n<p><strong>Pagine utili:<\/strong><\/p>\n<p><a href=\"https:\/\/www.mit.gov.it\/temi\/patenti-mezzi-e-abilitazioni\">https:\/\/www.mit.gov.it\/temi\/patenti-mezzi-e-abilitazioni<\/a><\/p>\n<p><a href=\"https:\/\/www.sicurauto.it\/guide-utili\/patente\/patente-britannica-in-italia-brexit-proroga\/\">https:\/\/www.sicurauto.it\/guide-utili\/patente\/patente-britannica-in-italia-brexit-proroga\/<\/a><\/p>\n<p><a href=\"https:\/\/www.gov.uk\/browse\/driving\/driving-licences\">https:\/\/www.gov.uk\/browse\/driving\/driving-licences<\/a><\/p>\n","protected":false},"excerpt":{"rendered":"Autoveicoli I cittadini italiani che intendono vendere un veicolo immatricolato in Italia potranno rivolgersi all\u2019Ufficio Notarile di questo Consolato Generale per: A)\u00a0Effettuare una dichiarazione di vendita del veicolo. In tal caso il venditore dovr\u00e0 esibire: il certificato di propriet\u00e0 del veicolo in originale il documento di identit\u00e0 in corso di validit\u00e0 (passaporto italiano o carta [&hellip;]","protected":false},"author":1,"featured_media":0,"parent":184,"menu_order":16,"comment_status":"closed","ping_status":"closed","template":"","meta":{"footnotes":""},"class_list":["post-244","page","type-page","status-publish","hentry"],"_links":{"self":[{"href":"https:\/\/consedimburgo.esteri.it\/en\/wp-json\/wp\/v2\/pages\/244","targetHints":{"allow":["GET"]}}],"collection":[{"href":"https:\/\/consedimburgo.esteri.it\/en\/wp-json\/wp\/v2\/pages"}],"about":[{"href":"https:\/\/consedimburgo.esteri.it\/en\/wp-json\/wp\/v2\/types\/page"}],"author":[{"embeddable":true,"href":"https:\/\/consedimburgo.esteri.it\/en\/wp-json\/wp\/v2\/users\/1"}],"replies":[{"embeddable":true,"href":"https:\/\/consedimburgo.esteri.it\/en\/wp-json\/wp\/v2\/comments?post=244"}],"version-history":[{"count":4,"href":"https:\/\/consedimburgo.esteri.it\/en\/wp-json\/wp\/v2\/pages\/244\/revisions"}],"predecessor-version":[{"id":3098,"href":"https:\/\/consedimburgo.esteri.it\/en\/wp-json\/wp\/v2\/pages\/244\/revisions\/3098"}],"up":[{"embeddable":true,"href":"https:\/\/consedimburgo.esteri.it\/en\/wp-json\/wp\/v2\/pages\/184"}],"wp:attachment":[{"href":"https:\/\/consedimburgo.esteri.it\/en\/wp-json\/wp\/v2\/media?parent=244"}],"curies":[{"name":"wp","href":"https:\/\/api.w.org\/{rel}","templated":true}]}}