{"id":905,"date":"2023-12-27T17:00:19","date_gmt":"2023-12-27T16:00:19","guid":{"rendered":"https:\/\/consedimburgo.esteri.it\/servizi-consolari-e-visti\/servizi-per-il-cittadino-italiano\/548-2\/"},"modified":"2026-04-09T11:34:56","modified_gmt":"2026-04-09T09:34:56","slug":"548-2","status":"publish","type":"page","link":"https:\/\/consedimburgo.esteri.it\/en\/servizi-consolari-e-visti\/servizi-per-il-cittadino-italiano\/548-2\/","title":{"rendered":"Tariffe Consolari\/Consular Fees"},"content":{"rendered":"<p style=\"font-weight: 400;\">Importi in sterline (GBP) validi dal 1\u00b0 aprile 2026 fino al 30 giugno 2026<br \/>\n<em>Fees in GB Pounds valid from 1st April 2026 until 30th June 2026<\/em><\/p>\n<p><strong>IMPORTANTE:<\/strong> \u00e8 ora possibile pagare tramite carta di debito per i servizi consolari erogati allo sportello. Si accettano solo pagamenti tramite debit card britannica: NO CREDIT CARD, NO AMERICAN EXPRESS, NO CARTE NON BRITANNICHE, NO CARTE ELETTRONICHE ONLY INDIVDUAL CARDS (no business). <strong><span style=\"color: #ff0000;\">E&#8217; sempre possibile l&#8217;utilizzo della carta plastificata, chi invece \u00e8 munito di app sul telefono dovr\u00e0 dimostrare che la carta collegata \u00e8 una debit UK<\/span><\/strong>. Per l\u2019utilizzo della carta di debito, verr\u00e0 applicata una commissione per ciascuna transazione.<\/p>\n<p><em><strong>IMPORTANT:<\/strong> it is now possible to pay <\/em><em>for consular services <\/em><em>with debit card <\/em><em>at the counter. We can only accept payments made with a British debit card: NO CREDIT CARD, NO AMERICAN EXPRESS, NO FOREIGN BANK CARDS, NO ELECTRONIC CARDS, ONLY INDIVDUAL CARDS (no business). <strong><span style=\"color: #ff0000;\">It is always possible to use a plastic card, apps payment will be accepted only for debit cards<\/span><\/strong>. Fees apply for the use of debit cards.<\/em><\/p>\n<p>&nbsp;<\/p>\n<table>\n<tbody>\n<tr>\n<td><\/td>\n<td><strong>Pagamento in contanti\/Postal Order<\/strong><br \/>\n<em>Payment in cash\/Postal Order<\/em><\/td>\n<td><strong>Pagamento con Debit Card<\/strong><br \/>\n<em>Payment with Debit Card<\/em><\/td>\n<\/tr>\n<tr>\n<td><\/td>\n<td><\/td>\n<td><\/td>\n<\/tr>\n<tr>\n<td><strong>PASSAPORTO\/<em>PASSPORT<\/em><\/strong><\/td>\n<td><\/td>\n<td><\/td>\n<\/tr>\n<tr>\n<td>Passaporto valido per tutti i Paesi riconosciuti dal Governo italiano\/<em>Italian passport<\/em><\/td>\n<td><strong>\u00a3101.20<\/strong><\/td>\n<td><strong>\u00a3102.50<\/strong><\/td>\n<\/tr>\n<tr>\n<td><\/td>\n<td><\/td>\n<td><\/td>\n<\/tr>\n<tr>\n<td><strong>CARTA DI IDENTIT\u00c0 ELETTRONICA (CIE)\/<em>ELECTRONIC<\/em> <em>IDENTITY CARD<\/em><\/strong><\/td>\n<td><\/td>\n<td><\/td>\n<\/tr>\n<tr>\n<td>Rilascio carta di identit\u00e0 elettronica (CIE)\/<em>Issuance electronic<\/em><em> identity card<\/em> (<strong>Art. 28c<\/strong> + Costo S.V.)<\/td>\n<td><strong>\u00a319.20<\/strong><\/td>\n<td><strong>\u00a319.57<\/strong><\/td>\n<\/tr>\n<tr>\n<td>Rilascio duplicato della carta di identit\u00e0 elettronica in caso di furto, smarrimento o deterioramento<br \/>\ndel documento originale\/<em>Duplicate, in case of theft, loss or deterioration <\/em>(<strong>Art. 28d<\/strong> + Costo S.V.)<\/td>\n<td><strong>\u00a323.70<\/strong><\/td>\n<td><strong>\u00a324.12<\/strong><\/td>\n<\/tr>\n<tr>\n<td><\/td>\n<td><\/td>\n<td><\/td>\n<\/tr>\n<tr>\n<td><strong>STATO CIVILE\/<em>REGISTRY OFFICE<\/em><\/strong><\/td>\n<td><\/td>\n<td><\/td>\n<\/tr>\n<tr>\n<td>Certificato di stato civile\/C<em>ertificate of marital status<\/em> (<strong>Art. 2b<\/strong>)<\/td>\n<td><strong>\u00a35.30<\/strong> per pagina*<\/td>\n<td><strong>\u00a35.52<\/strong>\u00a0per pagina*<\/td>\n<\/tr>\n<tr>\n<td>Certificato contestuale\/<em>Comprehensive<\/em> c<em>ertificate<\/em> (<strong>Art. 8<\/strong>)<\/td>\n<td><strong>\u00a313.10<\/strong><\/td>\n<td><strong>\u00a313.40<\/strong><\/td>\n<\/tr>\n<tr>\n<td>Certificato di concordanza anagrafica (<span style=\"text-decoration: underline;\">solo per cittadini Italiani<\/span>)\/<em>Proof of being one and the same person in the case of name\/surname change (<span style=\"text-decoration: underline;\">for Italian citizens only<\/span>) <\/em>(<strong>Art. 8<\/strong>)<\/td>\n<td><strong>\u00a313.10<\/strong><\/td>\n<td><strong>\u00a313.40<\/strong><\/td>\n<\/tr>\n<tr>\n<td>Certificato di capacit\u00e0 matrimoniale<em>\/Certificate of no impediment<\/em> (<strong>Art. 2b<\/strong>)<\/td>\n<td><strong>\u00a35.30<\/strong> per pagina*<\/td>\n<td><strong>\u00a35.52<\/strong>\u00a0per pagina*<\/td>\n<\/tr>\n<tr>\n<td>Certificato di iscrizione nello schedario consolare\/<em>Certificate Of Consular<\/em><br \/>\n<em>Registration <\/em>(<strong>Art. 8<\/strong>)<\/td>\n<td><strong>\u00a313.10<\/strong><\/td>\n<td><strong>\u00a313.40<\/strong><\/td>\n<\/tr>\n<tr>\n<td><\/td>\n<td><\/td>\n<td><\/td>\n<\/tr>\n<tr>\n<td><strong>PUBBLICAZIONI DI MATRIMONIO\/<em>MARRIAGE BANNS<\/em><\/strong><\/td>\n<td><\/td>\n<td><\/td>\n<\/tr>\n<tr>\n<td>1. Affissione atto pubblicazioni di matrimonio\/<em>Marriage banns fee<\/em> (<strong>Art. 3<\/strong>)<\/td>\n<td><strong>\u00a35.30<\/strong><\/td>\n<td><strong>\u00a35.52<\/strong><\/td>\n<\/tr>\n<tr>\n<td>2. Certificato di avvenute pubblicazioni di matrimonio<em>\/Marriage banns fee<\/em> (<strong>Art. 2c<\/strong>)<\/td>\n<td><strong>\u00a35.30<\/strong><\/td>\n<td><strong>\u00a35.52<\/strong><\/td>\n<\/tr>\n<tr>\n<td><\/td>\n<td><\/td>\n<td><\/td>\n<\/tr>\n<tr>\n<td><strong>CITTADINANZA\/<em>CITIZENSHIP<\/em><\/strong><\/td>\n<td><\/td>\n<td><\/td>\n<\/tr>\n<tr>\n<td>Certificato di cittadinanza italiana\/<em>Certificate of Italian citizenship<\/em> (<strong>Art. 4a<\/strong>)<\/td>\n<td><strong>\u00a39.60<\/strong><\/td>\n<td><strong>\u00a39.86<\/strong><\/td>\n<\/tr>\n<tr>\n<td>Richiesta di riconoscimento della cittadinanza italiana per discendenza\/<em>Citizenship Application<\/em> <em>by birth right <\/em>(<strong>Art. 7b<\/strong>)<\/td>\n<td><strong>\u00a3522.30<\/strong><\/td>\n<td><strong>\u00a3528.37<\/strong><\/td>\n<\/tr>\n<tr>\n<td>Dichiarazione di riacquisto della cittadinanza\/<em>Declaratio of re-acquisition<\/em> <em>of lost citizenship <\/em>(<strong>Art. 7c<\/strong>)<\/td>\n<td><strong>\u00a3217.70<\/strong><\/td>\n<td><strong>\u00a3220.32<\/strong><\/td>\n<\/tr>\n<tr>\n<td>Autentica di firma \/<em>Legalization of a signature <\/em>(<strong>Art. 24<\/strong>)<\/td>\n<td><strong>\u00a317.50<\/strong><\/td>\n<td><strong>\u00a317.85<\/strong><\/td>\n<\/tr>\n<tr>\n<td>Rinuncia alla cittadinanza italiana\/<em>Italian Citizenship Renunciation<\/em> (<strong>Art. 4b<\/strong>)<\/td>\n<td><strong>\u00a343.60<\/strong><\/td>\n<td><strong>\u00a344.25<\/strong><\/td>\n<\/tr>\n<tr>\n<td>Decreto di acquisto di cittadinanza (per giuramento)\/<em>Decree of Italian citizenship (for oath)<\/em> (<strong>Art. 8<\/strong>)<\/td>\n<td><strong>\u00a313.10<\/strong><\/td>\n<td><strong>\u00a313.40<\/strong><\/td>\n<\/tr>\n<tr>\n<td><\/td>\n<td><\/td>\n<td><\/td>\n<\/tr>\n<tr>\n<td><strong>DICHIARAZIONI DI VALORE (per titoli di studio)<em>\/DECLARATION OF EQUAL VALUE (for academic titles)<\/em><\/strong><\/td>\n<td><\/td>\n<td><\/td>\n<\/tr>\n<tr>\n<td>Dichiarazione di valore\/<em>Dichiarazione di valore<\/em> (<strong>Art. 66n<\/strong>)<\/td>\n<td><strong>\u00a343.60<\/strong><\/td>\n<td><strong>\u00a344.25<\/strong><\/td>\n<\/tr>\n<tr>\n<td><\/td>\n<td><\/td>\n<td><\/td>\n<\/tr>\n<tr>\n<td><strong>ATTI NOTARILI\/<em>NOTARY OFFICE<\/em><\/strong><\/td>\n<td><\/td>\n<td><\/td>\n<\/tr>\n<tr>\n<td>Procura generale\/<em>General power of attorney<\/em> (<strong>Art. 17a<\/strong>)<\/td>\n<td><strong>\u00a378.40<\/strong><\/td>\n<td><strong>\u00a379.44<\/strong><\/td>\n<\/tr>\n<tr>\n<td>Modificazione, revoca, rinunzia, ratifica o conferma di procura generale\/<em>Confirmation, amendment, revocation of a general power of attorney<\/em> (<strong>Art. 17c<\/strong>)<\/td>\n<td><strong>\u00a378.40<\/strong><\/td>\n<td><strong>\u00a379.44<\/strong><\/td>\n<\/tr>\n<tr>\n<td>Procura o mandato speciale\/<em>Special power of attorney<\/em> (<strong>Art. 18a<\/strong>)<\/td>\n<td><strong>\u00a352.30<\/strong><\/td>\n<td><strong>\u00a353.05<\/strong><\/td>\n<\/tr>\n<tr>\n<td>Mandato speciale con o senza rappresentanza\/<em>Special mandate with or without representation<\/em> (<strong>Art. 18b<\/strong>)<\/td>\n<td><strong>\u00a352.30<\/strong><\/td>\n<td><strong>\u00a353.05<\/strong><\/td>\n<\/tr>\n<tr>\n<td>Atto di assenso o autorizzazione dei genitori o ascendenti a favore dei discendenti, o di un coniuge in favore dell&#8217;altro, per ogni atto o autorizzazione (<strong>Art. 19<\/strong>)<\/td>\n<td><strong>\u00a317.50<\/strong><\/td>\n<td><strong>\u00a317.85<\/strong><\/td>\n<\/tr>\n<tr>\n<td>Copia integrale o per estratto di qualsiasi atto notarile\/<em>Full certified copy or extract of notary act or deed<\/em> (<strong>Art. 25<\/strong>)<\/td>\n<td><strong>\u00a314.00<\/strong><\/td>\n<td><strong>\u00a314.31<\/strong><\/td>\n<\/tr>\n<tr>\n<td>Modificazione, revoca, rinunzia, ratifica o conferma di procura speciale\/<em>Confirmation, amendment, revocation or ratification of a special power of attorney<\/em> (<strong>Art. 18d<\/strong>)<\/td>\n<td><strong>\u00a352.30<\/strong><\/td>\n<td><strong>\u00a353.05<\/strong><\/td>\n<\/tr>\n<tr>\n<td>Autentica di fotografia\/<em>Authentication of a photo<\/em> (<strong>Art. 66b<\/strong>)<\/td>\n<td><strong>\u00a343.60<\/strong><\/td>\n<td><strong>\u00a3 44.25<\/strong><\/td>\n<\/tr>\n<tr>\n<td>Autentica di firma su scrittura privata non avente contenuto patrimoniale\/<em>Legalization of a signature as a private deed<\/em> (<strong>Art. 24<\/strong>)<\/td>\n<td><strong>\u00a317.50<\/strong><\/td>\n<td><strong>\u00a317.85<\/strong><\/td>\n<\/tr>\n<tr>\n<td>Dichiarazione di rinuncia alla chiamata di erede\/<em>Renunciation of inheritance<\/em> (Art. 26 TC)<\/td>\n<td><strong>\u00a324.40<\/strong> per foglio**<\/td>\n<td><strong>\u00a324.83<\/strong> per foglio**<\/td>\n<\/tr>\n<tr>\n<td>Altri atti notarili\/<em>Other<\/em> (Art. 26 TC)<\/td>\n<td><strong>\u00a324.40<\/strong> per foglio**<\/td>\n<td><strong>\u00a324.83 <\/strong>per foglio**<\/td>\n<\/tr>\n<tr>\n<td><\/td>\n<td><\/td>\n<td><\/td>\n<\/tr>\n<tr>\n<td><strong>ATTI DI VOLONTARIA GIURISDIZIONE\/<em>VOLUNTARY JURISDICTION<\/em><\/strong><\/td>\n<td><\/td>\n<td><\/td>\n<\/tr>\n<tr>\n<td>Istanze all&#8217;Autorit\u00e0 consolare\/<em>Petitions to the Consular authority<\/em> (<strong>Art. 31a<\/strong>)<\/td>\n<td><strong>\u00a39.60<\/strong><\/td>\n<td><strong>\u00a39.86<\/strong><\/td>\n<\/tr>\n<tr>\n<td>Provvedimenti dell\u2019Autorit\u00e0 consolare nell&#8217;esercizio dei poteri spettanti ai giudici tutelari\/<em>Order by the Consular authority acting as judge supervising a guardianship<\/em> (<strong>Art. 31b<\/strong>)<\/td>\n<td><strong>\u00a39.60<\/strong><\/td>\n<td><strong>\u00a39.86<\/strong><\/td>\n<\/tr>\n<tr>\n<td><\/td>\n<td><\/td>\n<td><\/td>\n<\/tr>\n<tr>\n<td><strong>ATTI AMMINISTRATIVI\/<em>ADMINISTRATIVE ACTS<\/em><\/strong><\/td>\n<td><\/td>\n<td><\/td>\n<\/tr>\n<tr>\n<td>Autorizzazione importazione temporanea arma da fuoco in Italia\/<em>Temporary firearms import permit<\/em> (<strong>Art. 66c<\/strong>)<\/td>\n<td><strong>\u00a343.60<\/strong><\/td>\n<td><strong>\u00a344.25<\/strong><\/td>\n<\/tr>\n<tr>\n<td>Copia conforme di atti o documenti\/<em>Certified copy<\/em> (<strong>Art. 71<\/strong>)<\/td>\n<td><strong>\u00a38.80<\/strong> per pagina*<\/td>\n<td><strong>\u00a39.05<\/strong> per pagina*<\/td>\n<\/tr>\n<tr>\n<td><\/td>\n<td><\/td>\n<td><\/td>\n<\/tr>\n<tr>\n<td><strong>CERTIFICAZIONI DI TRADUZIONE\/<em>CERTIFICATION OF TRANSLATIONS<\/em><\/strong><\/td>\n<td><\/td>\n<td><\/td>\n<\/tr>\n<tr>\n<td>Certificato di conformit\u00e0 all&#8217;originale di traduzione in lingua italiana non eseguita dall&#8217;ufficio consolare\/<em>Certification of a translation into Italian as faithful to the English original (not for academic titles)<\/em> (<strong>Art. 72a<\/strong>)<\/td>\n<td><strong>\u00a311.40<\/strong> per pagina*<\/td>\n<td><strong>\u00a311.68<\/strong> per pagina*<\/td>\n<\/tr>\n<tr>\n<td>Certificato di conformit\u00e0 all&#8217;originale di traduzione in lingua inglese non eseguita dall&#8217;ufficio consolare\/<em>Certification of a translation into English as faithful to the Italian original<\/em> (<strong>Art. 72c<\/strong>)<\/td>\n<td><strong>\u00a317.50<\/strong> per pagina*<\/td>\n<td><strong>\u00a317.85<\/strong> per pagina*<\/td>\n<\/tr>\n<\/tbody>\n<\/table>\n<p style=\"font-weight: 400;\">* Per &#8220;pagina&#8221; si intende ogni facciata di un foglio formato A4 con 25 righe di testo. Per testi di lunghezza inferiore \u00e8 dovuto l&#8217;intero importo.<br \/>\n<em>* For &#8220;page&#8221; is meant an A4 size paper sheet with 25 lines of text. For partly written pages the whole amount is due.<\/em><\/p>\n<p style=\"font-weight: 400;\">** Per &#8220;foglio&#8221; si intende ogni foglio protocollo (4 facciate) o frazione di esso.<br \/>\n<em>** For &#8220;foglio&#8221; is meant a legal double sheet (4 pages) or part of it.<\/em><\/p>\n<p style=\"font-weight: 400;\"><strong><br \/>\nDIRITTI DI URGENZA\/<em>PRIORITY FEE<\/em><\/strong><br \/>\nPer atti da rilasciare entro le 24 ore*\/<em>For certificates to be provided within 24h*<\/em> (<strong>Art. 74<\/strong>): \u00a343.60 (\u00a344.25 debit card).<\/p>\n<p><strong>*N.B.<\/strong> La tariffa dei diritti di urgenza deve essere corrisposta per ogni singolo atto oggetto della richiesta. Siccome non \u00e8 sempre possibile garantire l&#8217;emissione di atti entro le 24 ore, \u00e8 necessario chiedere e ottenere esplicita conferma preventiva al competente settore (indirizzi email <a href=\"https:\/\/consedimburgo.esteri.it\/consolato_edimburgo\/it\/il_consolato\/gli_uffici\"><strong>QUI<\/strong><\/a>).<br \/>\n<em><strong>*IMPORTANT<\/strong>: The priority fee must be paid for each item requested. Since it is not always possible to guarantee a service provided within 24h if,<\/em> <em>it is necessary to ask and obtain explicit confirmation by<\/em><em> the competent consular sector before making a request (email address <a href=\"https:\/\/consedimburgo.esteri.it\/en\/chi-siamo\/gli-uffici\/\"><strong>HERE<\/strong><\/a>).<\/em><\/p>\n","protected":false},"excerpt":{"rendered":"Importi in sterline (GBP) validi dal 1\u00b0 aprile 2026 fino al 30 giugno 2026 Fees in GB Pounds valid from 1st April 2026 until 30th June 2026 IMPORTANTE: \u00e8 ora possibile pagare tramite carta di debito per i servizi consolari erogati allo sportello. Si accettano solo pagamenti tramite debit card britannica: NO CREDIT CARD, NO [&hellip;]","protected":false},"author":6,"featured_media":0,"parent":184,"menu_order":21,"comment_status":"closed","ping_status":"closed","template":"","meta":{"footnotes":""},"class_list":["post-905","page","type-page","status-publish","hentry"],"_links":{"self":[{"href":"https:\/\/consedimburgo.esteri.it\/en\/wp-json\/wp\/v2\/pages\/905","targetHints":{"allow":["GET"]}}],"collection":[{"href":"https:\/\/consedimburgo.esteri.it\/en\/wp-json\/wp\/v2\/pages"}],"about":[{"href":"https:\/\/consedimburgo.esteri.it\/en\/wp-json\/wp\/v2\/types\/page"}],"author":[{"embeddable":true,"href":"https:\/\/consedimburgo.esteri.it\/en\/wp-json\/wp\/v2\/users\/6"}],"replies":[{"embeddable":true,"href":"https:\/\/consedimburgo.esteri.it\/en\/wp-json\/wp\/v2\/comments?post=905"}],"version-history":[{"count":7,"href":"https:\/\/consedimburgo.esteri.it\/en\/wp-json\/wp\/v2\/pages\/905\/revisions"}],"predecessor-version":[{"id":7054,"href":"https:\/\/consedimburgo.esteri.it\/en\/wp-json\/wp\/v2\/pages\/905\/revisions\/7054"}],"up":[{"embeddable":true,"href":"https:\/\/consedimburgo.esteri.it\/en\/wp-json\/wp\/v2\/pages\/184"}],"wp:attachment":[{"href":"https:\/\/consedimburgo.esteri.it\/en\/wp-json\/wp\/v2\/media?parent=905"}],"curies":[{"name":"wp","href":"https:\/\/api.w.org\/{rel}","templated":true}]}}