{"id":2525,"date":"2024-01-03T07:24:44","date_gmt":"2024-01-03T06:24:44","guid":{"rendered":"https:\/\/consedimburgo.esteri.it\/?page_id=2525"},"modified":"2024-01-12T20:16:15","modified_gmt":"2024-01-12T19:16:15","slug":"riconoscimento-del-servizio-sanitario-prestato-allestero","status":"publish","type":"page","link":"https:\/\/consedimburgo.esteri.it\/it\/servizi-consolari-e-visti\/servizi-per-il-cittadino-italiano\/titoli-di-studio\/riconoscimento-del-servizio-sanitario-prestato-allestero\/","title":{"rendered":"Riconoscimento del Servizio Sanitario prestato all\u2019estero"},"content":{"rendered":"<p>In base alla\u00a0<a href=\"https:\/\/www.normattiva.it\/atto\/caricaDettaglioAtto?atto.dataPubblicazioneGazzetta=1960-07-28&amp;atto.codiceRedazionale=060U0735&amp;atto.articolo.numero=0&amp;qId=d891c195-d125-474e-bf02-b84877ca8fb0&amp;tabID=0.31378288697510826&amp;title=lbl.dettaglioAtto\">legge n. 735 del 10.7.1960<\/a>, i <strong>cittadini italiani<\/strong> e <strong>comunitari<\/strong> possono richiedere il riconoscimento in Italia del servizio sanitario prestato all\u2019estero ai fini dell\u2019ammissione a concorsi pubblici e quale titolo di valutazione dei medesimi.<\/p>\n<p>Il riconoscimento avviene tramite il rilascio di un decreto da parte del Ministero della Salute o delle Regioni. Gli interessati potranno verificare l\u2019ente di competenza per il loro specifico caso sul sito del <a href=\"https:\/\/www.salute.gov.it\/portale\/riconoscimentoQualifiche\/dettaglioSchedaRiconoscimentoQualifiche.jsp?idMat=PROFS&amp;idAmb=RSE&amp;idSrv=R1&amp;flag=P\">Ministero della Salute<\/a>.<\/p>\n<p>Il Consolato Generale d\u2019Italia a Edimburgo \u00e8 competente solamente per la <strong>vidimazione<\/strong>\u00a0<strong>della documentazione attestante il servizio sanitario<\/strong> (apposizione del cosiddetto <em>\u201cVisto per Conferma\u201d<\/em>) prestato presso <span style=\"text-decoration: underline;\"><strong>strutture sanitarie pubbliche<\/strong><\/span>, <span style=\"text-decoration: underline;\"><strong>istituzioni di interesse pubblico<\/strong><\/span> o <span style=\"text-decoration: underline;\"><strong>istituzioni private senza scopo di lucro<\/strong><\/span> aventi sede nella circoscrizione consolare (<strong>Scozia<\/strong> o <strong>Irlanda del Nord<\/strong>).<\/p>\n<p>&nbsp;<\/p>\n<p><strong>Modalit\u00e0 di presentazione della domanda<\/strong><\/p>\n<p>La domanda va inviata\u00a0<strong>esclusivamente via posta elettronica<\/strong>, inviando tutta la documentazione sotto specificata all\u2019indirizzo <strong>edimburgo.scuole@esteri.it, <\/strong>indicando nell\u2019oggetto \u201cRiconoscimento del Servizio Sanitario\u201d.<\/p>\n<p><strong>\u00a0<\/strong><\/p>\n<p><strong>Documenti da presentare<\/strong><\/p>\n<ol>\n<li><strong>Modulo di richiesta<\/strong> da parte del richiedente\u00a0(clicca\u00a0<a href=\"https:\/\/consedimburgo.esteri.it\/it\/servizi-consolari-e-visti\/servizi-per-il-cittadino-italiano\/modulistica\/\"><strong>QUI<\/strong><\/a>), debitamente compilato e sottoscritto &#8211; il richiedente dovr\u00e0 fornire un recapito postale e telefonico;<\/li>\n<li><strong>Copia di un documento di identit\u00e0<\/strong> in corso di validit\u00e0 (passaporto o carta d\u2019identit\u00e0) attestante il possesso di cittadinanza italiana o comunitaria;<\/li>\n<li>copia scannerizzata in formato <span style=\"text-decoration: underline;\">.pdf<\/span> della <strong>certificazione di impiego<\/strong> rilasciata dalla struttura sanitaria (per il contenuto della certificazione, si veda pi\u00f9 sotto);<\/li>\n<li><strong>traduzione in lingua italiana<\/strong> della certificazione d\u2019impiego completa in ogni sua parte e in formato modificabile (<span style=\"text-decoration: underline;\">.doc o simile<\/span>) &#8211; la traduzione pu\u00f2 essere effettuata dall\u2019interessato o da terzi, sar\u00e0 compito di questo Consolato Generale apporre la conformit\u00e0 di traduzione.<\/li>\n<\/ol>\n<p>&nbsp;<\/p>\n<p><strong>Contenuto della certificazione d\u2019impiego<\/strong><\/p>\n<p><strong>La certificazione di impiego deve contenere TUTTI gli elementi sottoelencati<\/strong>. Si invitano gli interessati a verificare attentamente prima dell\u2019invio che la certificazione contenga tutte le informazioni; <span style=\"text-decoration: underline;\">in caso contrario questo ufficio non potr\u00e0 procedere con l\u2019istanza e sar\u00e0 costretto a chiudere la pratica<\/span>.<\/p>\n<ul>\n<li>Nome e cognome del richiedente;<\/li>\n<li>Ruolo;<\/li>\n<li>Fascia retributiva di riferimento;<\/li>\n<li>Stipendio;<\/li>\n<li>Periodo per il quale si \u00e8 prestato servizio (se il servizio \u00e8 ancora in corso, la data della certificazione segner\u00e0 la fine del periodo riconosciuto);<\/li>\n<li>Reparto (nel caso in cui si prestasse servizio contemporaneamente in diversi reparti, \u00e8 necessario che vengano specificate le principali mansioni svolte);<\/li>\n<li>Tipo di contratto (part time o full time);<\/li>\n<li><strong>IMPORTANTE<\/strong>: natura giuridica dell\u2019Ente o dell\u2019Istituto presso le cui dipendenze \u00e8 stato prestato servizio ovvero se si tratti di \u201cEnte pubblico\u201d o di un\u2019\u201cIstituzione di interesse pubblico\u201d o di una \u201cIstituzione privata senza scopo di lucro\u201d convenzionata con il Servizio Sanitario Nazione britannico, NHS.<\/li>\n<\/ul>\n<p>La certificazione deve essere firmata da una figura amministrativa dell\u2019ente da cui si evince il ruolo (per esempio, Finance Director, Director of HR o Director of Workforce).<\/p>\n<p>&nbsp;<\/p>\n<p><strong>Modalit\u00e0 di pagamento<\/strong><\/p>\n<p>Per il completamento dell\u2019istanza \u00e8 previsto il pagamento delle tariffe consolari necessarie (art. 66n TC per il rilascio dell\u2019attestato consolare e l\u2019apposizione del \u201cvisto per conferma\u201d e art. 72a TC per la certificazione di conformit\u00e0 all\u2019originale di traduzione).<\/p>\n<p>Dopo aver verificato la completezza della documentazione inviata, l\u2019Ufficio comunicher\u00e0 per e-mail (dall\u2019indirizzo edimburgo.scuole@esteri.it) l\u2019importo esatto da versare e le informazioni per l\u2019esecuzione del bonifico bancario. Sar\u00e0 necessario rispondere a tale comunicazione allegando la distinta del bonifico effettuato.<\/p>\n<p>&nbsp;<\/p>\n<p><strong>Restituzione dei documenti<\/strong><\/p>\n<p>La documentazione verr\u00e0 restituita esclusivamente mediante spedizione a carico del ricevente. In questo caso, l\u2019Ufficio Titoli di Studio contatter\u00e0 il richiedente quando la documentazione sar\u00e0 pronta per la spedizione, comunicandone le modalit\u00e0.<\/p>\n<p>&nbsp;<\/p>\n<p><strong>Tempistiche per la lavorazione della pratica<\/strong><\/p>\n<p>A norma di legge (art. 2, comma 2, Legge 241\/1990), tutte le istanze verranno concluse\u00a0<strong>entro 30 giorni<\/strong>\u00a0dalla ricezione della documentazione completa, termine che potr\u00e0 essere interrotto nell\u2019ipotesi di richiesta da parte dell\u2019amministrazione di ulteriori elementi conoscitivi e\/o integrativi.\u00a0<strong>Domande incomplete <\/strong>\u2013 soprattutto per quanto riguarda il \u2018Contenuto della certificazione d\u2019impiego\u2019 &#8211;<strong> non potranno essere processate e la pratica verr\u00e0 chiusa senza alcun adempimento.<\/strong><\/p>\n<p>ATTENZIONE: NON \u00e8 possibile richiedere la lavorazione delle istanze con procedura d\u2019urgenza dietro pagamento dei relativi diritti, in quanto al momento della ricezione della domanda, l\u2019Ufficio potrebbe dover avviare verifiche con uffici terzi, sulle cui tempistiche non si pu\u00f2 dare garanzia.<\/p>\n<p>&nbsp;<\/p>\n<p>Per eventuali informazioni si prega di inviare una e-mail al seguente indirizzo di posta elettronica: <a href=\"mailto:edimburgo.scuole@esteri.it\">edimburgo.scuole@esteri.it<\/a><br \/>\nNon si dar\u00e0 risposta a quei quesiti la cui risposta sia gi\u00e0 riportata nelle istruzioni di questa pagina.<\/p>\n","protected":false},"excerpt":{"rendered":"In base alla\u00a0legge n. 735 del 10.7.1960, i cittadini italiani e comunitari possono richiedere il riconoscimento in Italia del servizio sanitario prestato all\u2019estero ai fini dell\u2019ammissione a concorsi pubblici e quale titolo di valutazione dei medesimi. Il riconoscimento avviene tramite il rilascio di un decreto da parte del Ministero della Salute o delle Regioni. Gli [&hellip;]","protected":false},"author":7,"featured_media":0,"parent":407,"menu_order":6,"comment_status":"closed","ping_status":"closed","template":"","meta":{"footnotes":""},"class_list":["post-2525","page","type-page","status-publish","hentry"],"_links":{"self":[{"href":"https:\/\/consedimburgo.esteri.it\/it\/wp-json\/wp\/v2\/pages\/2525","targetHints":{"allow":["GET"]}}],"collection":[{"href":"https:\/\/consedimburgo.esteri.it\/it\/wp-json\/wp\/v2\/pages"}],"about":[{"href":"https:\/\/consedimburgo.esteri.it\/it\/wp-json\/wp\/v2\/types\/page"}],"author":[{"embeddable":true,"href":"https:\/\/consedimburgo.esteri.it\/it\/wp-json\/wp\/v2\/users\/7"}],"replies":[{"embeddable":true,"href":"https:\/\/consedimburgo.esteri.it\/it\/wp-json\/wp\/v2\/comments?post=2525"}],"version-history":[{"count":2,"href":"https:\/\/consedimburgo.esteri.it\/it\/wp-json\/wp\/v2\/pages\/2525\/revisions"}],"predecessor-version":[{"id":2603,"href":"https:\/\/consedimburgo.esteri.it\/it\/wp-json\/wp\/v2\/pages\/2525\/revisions\/2603"}],"up":[{"embeddable":true,"href":"https:\/\/consedimburgo.esteri.it\/it\/wp-json\/wp\/v2\/pages\/407"}],"wp:attachment":[{"href":"https:\/\/consedimburgo.esteri.it\/it\/wp-json\/wp\/v2\/media?parent=2525"}],"curies":[{"name":"wp","href":"https:\/\/api.w.org\/{rel}","templated":true}]}}