{"id":312,"date":"2023-05-12T11:15:05","date_gmt":"2023-05-12T09:15:05","guid":{"rendered":"https:\/\/consedimburgo.esteri.it\/?page_id=312"},"modified":"2026-02-23T11:55:16","modified_gmt":"2026-02-23T10:55:16","slug":"carta-didentita-elettronica-cie","status":"publish","type":"page","link":"https:\/\/consedimburgo.esteri.it\/it\/servizi-consolari-e-visti\/servizi-per-il-cittadino-italiano\/carta-didentita-elettronica-cie\/","title":{"rendered":"Carta d&#8217;identit\u00e0 elettronica (CIE)"},"content":{"rendered":"<p><strong>La carta d\u2019identit\u00e0 elettronica (CIE) \u00e8 la nuova carta d\u2019identit\u00e0 in formato tessera.<\/strong><\/p>\n<p>La CIE \u00e8 un documento multifunzionale: attesta l\u2019identit\u00e0 del cittadino, \u00e8 un documento di viaggio, riporta il codice fiscale e si pu\u00f2 utilizzare come identit\u00e0 digitale per accedere a tutte le piattaforme web della Pubblica Amministrazione che prevedano operazioni online, oltre che per richiedere un\u2019identit\u00e0 sul sistema SPID (Sistema Pubblico di Identit\u00e0 Digitale), con cui accedere ai Servizi erogati dalle Pubbliche Amministrazioni Italiane.<\/p>\n<p>Il rilascio della CIE \u00e8 riservato <strong>ai soli cittadini italiani regolarmente residenti nella circoscrizione consolare<\/strong>\u00a0(Scozia e Irlanda del Nord), registrati nello schedario consolare e i cui dati anagrafici siano gi\u00e0 presenti nel registro A.I.R.E. (Anagrafe degli Italiani Residenti all&#8217;Estero) del Ministero dell&#8217;Interno.<\/p>\n<p>Si segnala la possibilit\u00e0 per il cittadino iscritto all\u2019Anagrafe degli Italiani Residenti all\u2019Estero (AIRE) \u2013 <strong>a decorrere dal 1\u00b0 giugno 2026<\/strong> \u2013 di presentare domanda per il rilascio della carta d&#8217;identit\u00e0\u00a0 elettronica presso qualsiasi Comune italiano. La carta d\u2019identit\u00e0 sar\u00e0 consegnata con le medesime modalit\u00e0 previste in caso di domanda presentata tramite l\u2019Ufficio consolare, con facolt\u00e0 per l\u2019interessato di ritirarla personalmente presso il Comune ovvero di richiederne la spedizione all\u2019estero.<\/p>\n<p><strong>La CIE viene rilasciata<\/strong> anche a chi \u00e8 in possesso della Carta di Identita <strong>cartacea<\/strong> ancora valida, nonch\u00e9 <strong>in caso di furto, smarrimento o deterioramento della carta precedente.<\/strong><\/p>\n<p><strong>1. MODALITA&#8217; DI RICHIESTA APPUNTAMENTO \u2013 Prenot@Mi<\/strong><\/p>\n<p>Per richiedere il rilascio della carta d&#8217;identit\u00e0 elettronica \u00e8 necessario prenotare\u00a0<strong>un appuntamento <\/strong>utilizzando la piattaforma\u00a0<a href=\"https:\/\/prenotami.esteri.it\/\"><strong>Prenot@Mi<\/strong><\/a>.<\/p>\n<p><span style=\"text-decoration: underline;\">Prima di prenotare l&#8217;appuntamento, ci si deve assicurare che la propria posizione anagrafica e di stato civile sia regolarmente aggiornata presso questo Consolato.<\/span><\/p>\n<p>Nel formulario per la prenotazione dell\u2019appuntamento, \u00e8 necessario compilare i campi obbligatori (contrassegnati con *) inserendo i dati relativi all\u2019intestatario del documento richiesto, se diversi dall\u2019utente registrato.<\/p>\n<p><strong>Se la CIE \u00e8 per un minore di anni 18, l&#8217;appuntamento andr\u00e0 prenotato utilizzando l&#8217;account <a href=\"https:\/\/prenotami.esteri.it\/\" target=\"_blank\" rel=\"noopener\">Prenot@mi<\/a> di uno dei due genitori e selezionando dal men\u00f9 <em>tipo prenotazione<\/em> l&#8217;opzione &#8220;prenota per altre persone&#8221;.\u00a0<\/strong><\/p>\n<p>Dal momento della richiesta alla data dell\u2019appuntamento trascorrono almeno quindici giorni, necessari per consentire all\u2019Ufficio consolare di effettuare il controllo dei dati anagrafici, risolvere eventuali disallineamenti tra i dati presenti nello schedario consolare e quelli presenti nel registro del Comune italiano, e verificare che non sussistano cause ostative al rilascio del documento.<\/p>\n<p>&nbsp;<\/p>\n<p><strong>2. INFO E DOCUMENTAZIONE DA PRESENTARE<\/strong><\/p>\n<p><strong>La presenza del richiedente \u00e8 sempre obbligatoria, se di et\u00e0 maggiore di 12 anni. I minorenni devono essere accompagnati da almeno uno dei due genitori.<\/strong><\/p>\n<p>Il giorno della prenotazione il richiedente dovr\u00e0 presentarsi con i seguenti documenti:<\/p>\n<ol>\n<li><strong>carta d\u2019identit\u00e0 precedente<\/strong>\u00a0(se non si possiede, altro documento di riconoscimento);<\/li>\n<li><strong>1 fotografia <a href=\"https:\/\/consedimburgo.esteri.it\/wp-content\/uploads\/2023\/05\/photograph_guidelines_it.pdf\">formato ICAO<\/a><\/strong>\u00a0(recente, frontale, a colori formato 35 x 45 mm);<\/li>\n<li>nel caso di richiedente di et\u00e0 minore di anni 12, solo se non presente il giorno dell\u2019appuntamento, <strong>modulo di autentica di foto <\/strong>(vedi <strong><a href=\"https:\/\/consedimburgo.esteri.it\/it\/servizi-consolari-e-visti\/servizi-per-il-cittadino-italiano\/modulistica\/\">Modulistica<\/a><\/strong>), debitamente compilato e firmato da un professionista compreso nell\u2019elenco delle professioni abilitate all\u2019autentica di foto, accettate da questo Consolato;<\/li>\n<li>nel caso in cui si richieda la carta d&#8217;identit\u00e0 per un minorenne,<strong>\u00a0atto di assenso<\/strong> (vedi <strong><a href=\"https:\/\/consedimburgo.esteri.it\/it\/servizi-consolari-e-visti\/servizi-per-il-cittadino-italiano\/modulistica\/\">Modulistica<\/a><\/strong>) al rilascio del documento da parte dell\u2019altro genitore e copia del documento di identit\u00e0. Se l\u2019altro genitore non \u00e8 cittadino dell&#8217;Unione Europea, dovr\u00e0 firmare l\u2019atto di assenso in presenza del funzionario consolare al momento dell&#8217;appuntamento che la autenticher\u00e0;<\/li>\n<li><strong>formulario di dichiarazione di furto o smarrimento <\/strong>(vedi <strong><a href=\"https:\/\/consedimburgo.esteri.it\/it\/servizi-consolari-e-visti\/servizi-per-il-cittadino-italiano\/modulistica\/\">Modulistica<\/a><\/strong>) nel caso in cui il richiedente non sia pi\u00f9 in possesso del precedente documento in seguito a\u00a0<strong>furto o smarrimento<\/strong>.<\/li>\n<\/ol>\n<p>Il giorno dell\u2019appuntamento l\u2019operatore consolare acquisir\u00e0 foto, impronte digitali e firma del richiedente, che saranno registrate in sicurezza all\u2019interno del microchip presente nella propria CIE.<br \/>\nSar\u00e0 inoltre annullata la carta di identit\u00e0 cartacea o CIE in corso di validit\u00e0, anche se il richiedente non possiede altro documento di identit\u00e0.<\/p>\n<p>&nbsp;<\/p>\n<p><strong>3. COSTO E VALIDITA&#8217; TEMPORALE DELLA CIE<\/strong><\/p>\n<p><strong>Il pagamento dovr\u00e0 essere effettuato il giorno dell\u2019appuntamento in contanti o con debit card britannica presentando il tesserino (non si accettano le app su smartphone).<\/strong>\u00a0Il costo della CIE \u00e8 soggetto a fluttuazioni trimestrali dovute al cambio Euro\/GBP. Per il costo attuale della CIE vedi\u00a0<a href=\"https:\/\/consedimburgo.esteri.it\/it\/servizi-consolari-e-visti\/servizi-per-il-cittadino-italiano\/548-2\/\">Tariffe consolari<\/a>.<\/p>\n<p>La validit\u00e0 della carta d\u2019identit\u00e0 varia a seconda dell&#8217;et\u00e0 del titolare ed \u00e8 di:<\/p>\n<p>&#8211; 3 anni per i minori di et\u00e0 compresa tra 0 e 3 anni;<br \/>\n&#8211; 5 anni per i minori di et\u00e0 compresa tra 3 anni e il raggiungimento della maggiore et\u00e0 (18 anni);<br \/>\n&#8211; 10 anni dai 18 anni di et\u00e0.<\/p>\n<p>&nbsp;<\/p>\n<p><strong>4. CONSEGNA DELLA CARTA D&#8217;IDENTITA&#8217;<\/strong><\/p>\n<p><strong>La CIE non \u00e8 rilasciata a vista il giorno dell\u2019appuntamento.<\/strong>\u00a0La CIE \u00e8 emessa dal Ministero dell\u2019Interno e prodotta dall\u2019Istituto Poligrafico e Zecca dello Stato, che la spedisce, a mezzo posta raccomandata, all\u2019indirizzo di residenza (o recapito) dichiarato dal richiedente. Salvo casi particolari, la CIE dovrebbe arrivare per posta entro 15 giorni dal giorno dell\u2019appuntamento.<\/p>\n<p>&nbsp;<\/p>\n<p><strong>CONTATTI<\/strong><\/p>\n<p>Per contattare l\u2019Ufficio CIE scrivere al seguente indirizzo e-mail:\u00a0<a href=\"mailto:ci_conedim@esteri.it?subject=Informazioni%20CIE\">ci_conedim@esteri.it<\/a><\/p>\n","protected":false},"excerpt":{"rendered":"La carta d\u2019identit\u00e0 elettronica (CIE) \u00e8 la nuova carta d\u2019identit\u00e0 in formato tessera. La CIE \u00e8 un documento multifunzionale: attesta l\u2019identit\u00e0 del cittadino, \u00e8 un documento di viaggio, riporta il codice fiscale e si pu\u00f2 utilizzare come identit\u00e0 digitale per accedere a tutte le piattaforme web della Pubblica Amministrazione che prevedano operazioni online, oltre che [&hellip;]","protected":false},"author":6,"featured_media":0,"parent":59,"menu_order":2,"comment_status":"closed","ping_status":"closed","template":"","meta":{"footnotes":""},"class_list":["post-312","page","type-page","status-publish","hentry"],"_links":{"self":[{"href":"https:\/\/consedimburgo.esteri.it\/it\/wp-json\/wp\/v2\/pages\/312","targetHints":{"allow":["GET"]}}],"collection":[{"href":"https:\/\/consedimburgo.esteri.it\/it\/wp-json\/wp\/v2\/pages"}],"about":[{"href":"https:\/\/consedimburgo.esteri.it\/it\/wp-json\/wp\/v2\/types\/page"}],"author":[{"embeddable":true,"href":"https:\/\/consedimburgo.esteri.it\/it\/wp-json\/wp\/v2\/users\/6"}],"replies":[{"embeddable":true,"href":"https:\/\/consedimburgo.esteri.it\/it\/wp-json\/wp\/v2\/comments?post=312"}],"version-history":[{"count":8,"href":"https:\/\/consedimburgo.esteri.it\/it\/wp-json\/wp\/v2\/pages\/312\/revisions"}],"predecessor-version":[{"id":6635,"href":"https:\/\/consedimburgo.esteri.it\/it\/wp-json\/wp\/v2\/pages\/312\/revisions\/6635"}],"up":[{"embeddable":true,"href":"https:\/\/consedimburgo.esteri.it\/it\/wp-json\/wp\/v2\/pages\/59"}],"wp:attachment":[{"href":"https:\/\/consedimburgo.esteri.it\/it\/wp-json\/wp\/v2\/media?parent=312"}],"curies":[{"name":"wp","href":"https:\/\/api.w.org\/{rel}","templated":true}]}}