{"id":314,"date":"2023-05-12T11:26:35","date_gmt":"2023-05-12T09:26:35","guid":{"rendered":"https:\/\/consedimburgo.esteri.it\/?page_id=314"},"modified":"2024-09-25T13:52:52","modified_gmt":"2024-09-25T11:52:52","slug":"come-iscriversi-allaire","status":"publish","type":"page","link":"https:\/\/consedimburgo.esteri.it\/it\/servizi-consolari-e-visti\/servizi-per-il-cittadino-italiano\/anagrafe-degli-italiani-residenti-allestero-aire\/come-iscriversi-allaire\/","title":{"rendered":"Come iscriversi all&#8217;AIRE"},"content":{"rendered":"<p><strong>Come iscriversi all\u2019AIRE<\/strong><\/p>\n<p><strong>Vengo a vivere stabilmente in Scozia o Irlanda del Nord, cosa devo fare<\/strong>?<\/p>\n<p>I cittadini Italiani o che vengono a vivere stabilmente in\u00a0Scozia o Irlanda del Nord\u00a0dovranno inoltrare richiesta di iscrizione all\u2019AIRE tramite questo Ufficio.<\/p>\n<p>L\u2019iscrizione \u00e8\u00a0<strong>GRATUITA<\/strong>\u00a0e\u00a0<strong>non \u00e8 necessaria la presenza degli interessati<\/strong>.<\/p>\n<p>&nbsp;<\/p>\n<p><strong>NOVITA\u2019<\/strong><\/p>\n<p><strong>E\u2019 ora attivo il portale <\/strong><a href=\"https:\/\/serviziconsolari.esteri.it\/ScoFE\/index.sco\"><strong>FastIt<\/strong><\/a><strong> attraverso il quale \u00e8 possibile richiedere l\u2019iscrizione AIRE. E\u2019 sufficiente registrarsi e seguire una semplice procedura guidata. Clicca sull\u2019immagine a lato per maggiori informazioni e per effettuare la tua registrazione.<\/strong><\/p>\n<p><strong>NB: a seguito dell\u2019introduzione del portale Fast It le richieste di iscrizione AIRE pervenute tramite email non potranno pi\u00f9 essere accettate.<\/strong><\/p>\n<p>&nbsp;<\/p>\n<p>In alternativa, l\u2019iscrizione all\u2019Aire si pu\u00f2 ancora richiedere inviando documentazione cartacea sotto indicata tramite posta ordinaria (NO Email)* al seguente indirizzo:<\/p>\n<p style=\"text-align: center;\"><strong>Ufficio AIRE<br \/>\nConsolato Generale d\u2019Italia<br \/>\nItaly House<br \/>\n20-22 East London Street<br \/>\nEdinburgh &#8211; EH7 4BQ<br \/>\n<\/strong><\/p>\n<ul>\n<li>apposito modulo di iscrizione (vedi <a href=\"https:\/\/consedimburgo.esteri.it\/it\/servizi-consolari-e-visti\/servizi-per-il-cittadino-italiano\/modulistica\/\">Modulistica<\/a>) compilato\u00a0in tutte le sue parti<\/li>\n<li>copia di un documento di identit\u00e0 ITALIANO (passaporto o carta di identit\u00e0), comprensivo della pagina con foto e firma e della pagina col timbro\u00a0dell\u2019autorit\u00e0 che ha\u00a0rilasciato il documento<\/li>\n<li>copia di registrazione nel \u201cSettlement Scheme\u201d britannico o copia di altro valido permesso di residenza per il Regno Unito<\/li>\n<li>copia documenti di identit\u00e0 di tutti i familiari residenti di et\u00e0 minore e\/o stranieri. Per familiari stranieri \u2013 cittadini non UE \u00e8 necessario inviare:\n<ul>\n<li>Copia passaporto nazionale (pagina con dettagli personali + pagina con timbro d\u2019ingresso nel regno Unito)<\/li>\n<li>Copia valido \u201cPermesso di Residenza\u201d per il Regno Unito.<\/li>\n<\/ul>\n<\/li>\n<li>una delle seguenti prove di indirizzo recante nell\u2019intestazione il <strong>nome<\/strong> e l\u2019<strong>indirizzo<\/strong> degli interessati :\n<ul>\n<li>utility bill (elettricit\u00e0, gas, etc.) non anteriore a tre mesi<\/li>\n<li>council tax non anteriore ad un anno<\/li>\n<li>bank statement non anteriore a tre mesi<\/li>\n<li>registrazione dal medico NHS non anteriore a tre mesi<\/li>\n<li>lettera conferma attribuzione NIN non anteriore a tre mesi<\/li>\n<li>lettera ufficiale di un ente Britannico (Job Centre, HMRC, etc.) non anteriore a tre mesi<\/li>\n<li>lettera di conferma di frequentazione dell\u2019Universit\u00e0 non anteriore a tre mesi<\/li>\n<\/ul>\n<\/li>\n<\/ul>\n<p><strong>*NB: a seguito dell\u2019introduzione del portale <\/strong><a href=\"https:\/\/serviziconsolari.esteri.it\/ScoFE\/index.sco\"><strong>FastIt<\/strong><\/a><strong>, le richieste di iscrizione AIRE pervenute tramite email non potranno pi\u00f9 essere accettate.<\/strong><\/p>\n<p><strong>A causa dell\u2019elevata quantit\u00e0 di richieste ricevute da questo ufficio non sar\u00e0 possibile confermare la correttezza delle singole richieste prima che esse vengano processate, pertanto si prega di assicurarsi di aver inviato tutti i documenti richiesti.<\/strong><\/p>\n<p><strong>Qualora la domanda risulti incompleta, i documenti necessari ed eventuali ulteriori informazioni verranno richieste direttamente agli interessati di preferenza via e-mail. E\u2019 pertanto opportuno accertarsi di avere comunicato correttamente il proprio indirizzo e-mail.<\/strong><\/p>\n<p><strong>Una volta inserito nello schedario consolare, ricever\u00e0 \u2013 in copia via email \u2013\u00a0 messaggio di richiesta di Sua iscrizione inviato al Comune competente.<\/strong><\/p>\n<p><strong>Nota bene: La conferma di avvenuta iscrizione in Aire deve essere richiesta esclusivamente al Comune in Italia e NON a questo Consolato Generale.<\/strong><\/p>\n<p>&nbsp;<\/p>\n<p><strong>ISCRIZIONE ALL&#8217;AIRE DI<\/strong>\u00a0<strong>CITTADINI ITALIANI MINORENNI NON CONVIVENTI CON ENTRAMBI I GENITORI<\/strong><\/p>\n<p>Si precisa che l&#8217;iscrizione AIRE di un minorenne ha come unico scopo quello di attestare l&#8217;effettiva residenza (ovvero l&#8217;abituale dimora) del cittadino all&#8217;estero e pertanto prescinde da eventuali contestazioni derivanti da provvedimenti dell&#8217;autorit\u00e0 giudiziaria italiana o locale.<\/p>\n<p>Entrambi i genitori di un minorenne hanno la responsabilit\u00e0 genitoriale e di comune accordo stabiliscono quindi la residenza abituale del minore.<\/p>\n<p>La richiesta di iscrizione\/variazione AIRE di un minore non convivente con entrambi i genitori deve, comunque, essere sottoscritta da entrambi e corredata dalle copie dei relativi documenti d&#8217;identit\u00e0.<\/p>\n<p>In difetto dell&#8217;espressione di volont\u00e0 di entrambi i genitori, la domanda dovr\u00e0 essere integrata con:<\/p>\n<ul>\n<li>il consenso mancante, mediante presentazione di \u201cMod 1\u201d (scaricabile dalla sez. \u2018<a href=\"https:\/\/consedimburgo.esteri.it\/it\/servizi-consolari-e-visti\/servizi-per-il-cittadino-italiano\/modulistica\/\" target=\"_blank\" rel=\"noopener\"><strong>Modulistica<\/strong><\/a>&#8216;) &#8211; completato e firmato dall\u2019altro genitore con allegata fotocopia di valido documento d\u2019identit\u00e0 (N.B.: la firma di genitore non cittadino UE deve essere autenticata a norma di legge).<\/li>\n<li>evidenza documentale qualora l&#8217;istante dichiari l&#8217;inesistenza dell&#8217;altro consenso (ad esempio per morte dell&#8217;altro genitore o per provvedimento giurisdizionale interdittivo della sua genitorialit\u00e0, o perch\u00e9 il minore \u00e9 stato riconosciuto da un solo genitore)<\/li>\n<li>\u201cMod 2\u201d (scaricabile dalla sez. \u2018<a href=\"https:\/\/consedimburgo.esteri.it\/it\/servizi-consolari-e-visti\/servizi-per-il-cittadino-italiano\/modulistica\/\" target=\"_blank\" rel=\"noopener\"><strong>Modulistica<\/strong><\/a>&#8216; del Nostro sito web), completato e firmato &#8211; con allegata copia di valido documento d\u2019identit\u00e0 del dichiarante \u2013 recante l\u2019ultimo indirizzo conosciuto ed eventuali contatti telefonici o di posta elettronica, qualora l&#8217;istante dichiari invece la semplice impossibilit\u00e0 di ottenere il consenso dell&#8217;altro genitore (non solo, ad esempio, nel caso di irreperibilit\u00e0 della stesso, ma soprattutto in caso di mero disinteresse)<\/li>\n<\/ul>\n","protected":false},"excerpt":{"rendered":"Come iscriversi all\u2019AIRE Vengo a vivere stabilmente in Scozia o Irlanda del Nord, cosa devo fare? I cittadini Italiani o che vengono a vivere stabilmente in\u00a0Scozia o Irlanda del Nord\u00a0dovranno inoltrare richiesta di iscrizione all\u2019AIRE tramite questo Ufficio. L\u2019iscrizione \u00e8\u00a0GRATUITA\u00a0e\u00a0non \u00e8 necessaria la presenza degli interessati. &nbsp; NOVITA\u2019 E\u2019 ora attivo il portale FastIt attraverso [&hellip;]","protected":false},"author":6,"featured_media":0,"parent":85,"menu_order":2,"comment_status":"closed","ping_status":"closed","template":"","meta":{"footnotes":""},"class_list":["post-314","page","type-page","status-publish","hentry"],"_links":{"self":[{"href":"https:\/\/consedimburgo.esteri.it\/it\/wp-json\/wp\/v2\/pages\/314","targetHints":{"allow":["GET"]}}],"collection":[{"href":"https:\/\/consedimburgo.esteri.it\/it\/wp-json\/wp\/v2\/pages"}],"about":[{"href":"https:\/\/consedimburgo.esteri.it\/it\/wp-json\/wp\/v2\/types\/page"}],"author":[{"embeddable":true,"href":"https:\/\/consedimburgo.esteri.it\/it\/wp-json\/wp\/v2\/users\/6"}],"replies":[{"embeddable":true,"href":"https:\/\/consedimburgo.esteri.it\/it\/wp-json\/wp\/v2\/comments?post=314"}],"version-history":[{"count":7,"href":"https:\/\/consedimburgo.esteri.it\/it\/wp-json\/wp\/v2\/pages\/314\/revisions"}],"predecessor-version":[{"id":3497,"href":"https:\/\/consedimburgo.esteri.it\/it\/wp-json\/wp\/v2\/pages\/314\/revisions\/3497"}],"up":[{"embeddable":true,"href":"https:\/\/consedimburgo.esteri.it\/it\/wp-json\/wp\/v2\/pages\/85"}],"wp:attachment":[{"href":"https:\/\/consedimburgo.esteri.it\/it\/wp-json\/wp\/v2\/media?parent=314"}],"curies":[{"name":"wp","href":"https:\/\/api.w.org\/{rel}","templated":true}]}}