{"id":322,"date":"2023-05-12T11:27:32","date_gmt":"2023-05-12T09:27:32","guid":{"rendered":"https:\/\/consedimburgo.esteri.it\/?page_id=322"},"modified":"2024-09-25T13:53:44","modified_gmt":"2024-09-25T11:53:44","slug":"come-cambiare-indirizzo","status":"publish","type":"page","link":"https:\/\/consedimburgo.esteri.it\/it\/servizi-consolari-e-visti\/servizi-per-il-cittadino-italiano\/anagrafe-degli-italiani-residenti-allestero-aire\/come-cambiare-indirizzo\/","title":{"rendered":"Come cambiare indirizzo"},"content":{"rendered":"<p><strong>Sono iscritto all&#8217;AIRE presso il Consolato di\u00a0Edimburgo e cambio indirizzo nella Circoscrizione Consolare di Edimburgo, cosa devo fare?<\/strong><\/p>\n<p>I cittadini italiani che sono iscritti all&#8217;AIRE presso il Consolato di\u00a0Edimburgo e cambiano indirizzo all\u2019interno della Circoscrizione Consolare di\u00a0Edimburgo (Scozia e Irlanda del Nord), dovranno\u00a0inoltrare la richiesta di aggiornamento a questo Ufficio AIRE, inviando la seguente documentazione:<\/p>\n<ul>\n<li>modulo di variazione di indirizzo (vedi <a href=\"https:\/\/consedimburgo.esteri.it\/it\/servizi-consolari-e-visti\/servizi-per-il-cittadino-italiano\/modulistica\/\">Modulistica<\/a>), compilato in tutte le sue parti<\/li>\n<li>copia di un documento di identit\u00e0 ITALIANO (passaporto o carta di identit\u00e0), comprensivo della pagine con foto e firma e della pagina con l&#8217;autorit\u00e0 che ha rilasciato il documento, del dichiarante.<\/li>\n<li>una tra le seguenti valide prove di nuovo indirizzo:\n<ul>\n<li>utility bill (elettricit\u00e0, gas, etc.) non anteriore a tre mesi<\/li>\n<li>council tax non anteriore ad un anno<\/li>\n<li>bank statement non anteriore a tre mesi<\/li>\n<li>registrazione dal medico NHS non anteriore a tre mesi<\/li>\n<li>lettera conferma attribuzione NIN non anteriore a tre mesi<\/li>\n<li>lettera ufficiale di un ente Britannico (Job Centre, HMRC, etc.) non anteriore a tre mesi<\/li>\n<li>lettera di conferma di frequentazione dell\u2019Universit\u00e0 non anteriore a tre mesi<\/li>\n<\/ul>\n<\/li>\n<\/ul>\n<p>&nbsp;<\/p>\n<p><strong>NOVITA&#8217;<\/strong><\/p>\n<p><strong>E&#8217; ora attivo il portale <a href=\"https:\/\/serviziconsolari.esteri.it\/ScoFE\/index.sco\">FastIt<\/a> <\/strong><strong>attraverso il quale \u00e8 possibile richiedere la variazione di indirizzo all&#8217;interno della stessa circoscrizione consolare. E&#8217;\u00a0<\/strong><strong>sufficiente registrarsi e seguire una semplice procedura guidata.\u00a0<\/strong><strong>Clicca\u00a0<\/strong><strong>sull&#8217;immagine a lato per maggiori informazioni e per effettuare la tua\u00a0<\/strong><strong>registrazione.<\/strong><\/p>\n<p><strong>NB: a seguito\u00a0<\/strong><strong>dell&#8217;introduzione del portale Fast It le\u00a0<\/strong><strong>richieste di variazione di indirizzo pervenute tramite email non potranno pi\u00f9\u00a0<\/strong><strong>essere accettate.<\/strong><\/p>\n<p>&nbsp;<\/p>\n<p>In alternativa, la variazione di indirizzo si pu\u00f2 ancora richiedere inviando documentazione cartacea sotto indicata tramite posta ordinaria (NO email) al seguente indirizzo:<\/p>\n<p style=\"text-align: center;\">Ufficio AIRE<br \/>\nItalian General Consulate<br \/>\nItaly House<br \/>\n20-22 East London Street<br \/>\nEdinburgh &#8211; EH7 4BQ<\/p>\n<p>&nbsp;<\/p>\n<p><strong>Il servizio\u00a0\u00e8 GRATUITO e non \u00e8 necessaria la presenza degli interessati<\/strong><\/p>\n<p>&nbsp;<\/p>\n<p><strong>Nota bene:<\/strong>\u00a0qualsiasi informazione inerente l&#8217;effettivo aggiornamento nei registri Aire dovr\u00e0 essere posta esclusivamente al Comune di appartenenza in Italia, in quanto titolato all&#8217;effettivo aggiornamento in Aire e NON a questo Consolato Generale d&#8217;Italia a Edimburgo. Non verr\u00e0 pertanto fornita nessuna informazione in proposito in quanto di competenza esclusiva dei Comuni.<\/p>\n","protected":false},"excerpt":{"rendered":"Sono iscritto all&#8217;AIRE presso il Consolato di\u00a0Edimburgo e cambio indirizzo nella Circoscrizione Consolare di Edimburgo, cosa devo fare? I cittadini italiani che sono iscritti all&#8217;AIRE presso il Consolato di\u00a0Edimburgo e cambiano indirizzo all\u2019interno della Circoscrizione Consolare di\u00a0Edimburgo (Scozia e Irlanda del Nord), dovranno\u00a0inoltrare la richiesta di aggiornamento a questo Ufficio AIRE, inviando la seguente documentazione: [&hellip;]","protected":false},"author":6,"featured_media":0,"parent":85,"menu_order":3,"comment_status":"closed","ping_status":"closed","template":"","meta":{"footnotes":""},"class_list":["post-322","page","type-page","status-publish","hentry"],"_links":{"self":[{"href":"https:\/\/consedimburgo.esteri.it\/it\/wp-json\/wp\/v2\/pages\/322","targetHints":{"allow":["GET"]}}],"collection":[{"href":"https:\/\/consedimburgo.esteri.it\/it\/wp-json\/wp\/v2\/pages"}],"about":[{"href":"https:\/\/consedimburgo.esteri.it\/it\/wp-json\/wp\/v2\/types\/page"}],"author":[{"embeddable":true,"href":"https:\/\/consedimburgo.esteri.it\/it\/wp-json\/wp\/v2\/users\/6"}],"replies":[{"embeddable":true,"href":"https:\/\/consedimburgo.esteri.it\/it\/wp-json\/wp\/v2\/comments?post=322"}],"version-history":[{"count":6,"href":"https:\/\/consedimburgo.esteri.it\/it\/wp-json\/wp\/v2\/pages\/322\/revisions"}],"predecessor-version":[{"id":3500,"href":"https:\/\/consedimburgo.esteri.it\/it\/wp-json\/wp\/v2\/pages\/322\/revisions\/3500"}],"up":[{"embeddable":true,"href":"https:\/\/consedimburgo.esteri.it\/it\/wp-json\/wp\/v2\/pages\/85"}],"wp:attachment":[{"href":"https:\/\/consedimburgo.esteri.it\/it\/wp-json\/wp\/v2\/media?parent=322"}],"curies":[{"name":"wp","href":"https:\/\/api.w.org\/{rel}","templated":true}]}}