{"id":336,"date":"2023-05-12T11:59:22","date_gmt":"2023-05-12T09:59:22","guid":{"rendered":"https:\/\/consedimburgo.esteri.it\/?page_id=336"},"modified":"2023-11-27T17:34:02","modified_gmt":"2023-11-27T16:34:02","slug":"iscrizione-aire-di-minorenni","status":"publish","type":"page","link":"https:\/\/consedimburgo.esteri.it\/it\/servizi-consolari-e-visti\/servizi-per-il-cittadino-italiano\/anagrafe-degli-italiani-residenti-allestero-aire\/iscrizione-aire-di-minorenni\/","title":{"rendered":"Iscrizione AIRE di minorenni"},"content":{"rendered":"<p>L\u2019iscrizione in Aire del minore italiano nato in UK, i cui genitori risiedono all\u2019estero, viene fatta contestualmente alla trascrizione dell\u2019atto di nascita (vedi\u00a0<a href=\"https:\/\/consedimburgo.esteri.it\/it\/servizi-consolari-e-visti\/servizi-per-il-cittadino-italiano\/stato-civile\/\">Stato Civile<\/a>).<\/p>\n<p>L\u2019iscrizione in Aire del minore italiano nato in Italia, i cui genitori risiedono all\u2019estero, viene fatta direttamente dall\u2019Ufficiale d\u2019Anagrafe in Italia contestualmente alla denuncia della nascita. Il Comune provveder\u00e0 ad informare il l\u2019Ufficio consolare per l\u2019aggiornamento dell\u2019anagrafe consolare.<\/p>\n<p><strong>ISCRIZIONE ALL&#8217;AIRE DI<\/strong>\u00a0<strong>CITTADINI ITALIANI MINORENNI NON CONVIVENTI CON ENTRAMBI I GENITORI<\/strong><\/p>\n<p>Si precisa che l&#8217;iscrizione AIRE di un minorenne ha come unico scopo quello di attestare l&#8217;effettiva residenza (ovvero l&#8217;abituale dimora) del cittadino all&#8217;estero e pertanto prescinde da eventuali contestazioni derivanti da provvedimenti dell&#8217;autorit\u00e0 giudiziaria italiana o locale.<\/p>\n<p>Entrambi i genitori di un minorenne hanno la responsabilit\u00e0 genitoriale e di comune accordo stabiliscono quindi la residenza abituale del minore.<\/p>\n<p>La richiesta di iscrizione\/variazione AIRE di un minore non convivente con entrambi i genitori deve, comunque, essere sottoscritta da entrambi e corredata dalle copie dei relativi documenti d&#8217;identit\u00e0.<\/p>\n<p>In difetto dell&#8217;espressione di volont\u00e0 di entrambi i genitori, la domanda dovr\u00e0 essere integrata con:<\/p>\n<ul>\n<li>il consenso mancante, mediante presentazione di \u201cMod 1\u201d (scaricabile dalla sez. \u2018<a href=\"https:\/\/consedimburgo.esteri.it\/it\/servizi-consolari-e-visti\/servizi-per-il-cittadino-italiano\/modulistica\/\" target=\"_blank\" rel=\"noopener\"><strong>Modulistica<\/strong><\/a>&#8216;) &#8211; completato e firmato dall\u2019altro genitore con allegata fotocopia di valido documento d\u2019identit\u00e0 (N.B.: la firma di genitore non cittadino UE deve essere autenticata a norma di legge).<\/li>\n<li>evidenza documentale qualora l&#8217;istante dichiari l&#8217;inesistenza dell&#8217;altro consenso (ad esempio per morte dell&#8217;altro genitore o per provvedimento giurisdizionale interdittivo della sua genitorialit\u00e0, o perch\u00e9 il minore \u00e9 stato riconosciuto da un solo genitore)<\/li>\n<li>\u201cMod 2\u201d (scaricabile dalla sez. \u2018<a href=\"https:\/\/consedimburgo.esteri.it\/it\/servizi-consolari-e-visti\/servizi-per-il-cittadino-italiano\/modulistica\/\" target=\"_blank\" rel=\"noopener\"><strong>Modulistica<\/strong><\/a>&#8216; del Nostro sito web), completato e firmato &#8211; con allegata copia di valido documento d\u2019identit\u00e0 del dichiarante \u2013 recante l\u2019ultimo indirizzo conosciuto ed eventuali contatti telefonici o di posta elettronica, qualora l&#8217;istante dichiari invece la semplice impossibilit\u00e0 di ottenere il consenso dell&#8217;altro genitore (non solo, ad esempio, nel caso di irreperibilit\u00e0 della stesso, ma soprattutto in caso di mero disinteresse)<\/li>\n<\/ul>\n","protected":false},"excerpt":{"rendered":"L\u2019iscrizione in Aire del minore italiano nato in UK, i cui genitori risiedono all\u2019estero, viene fatta contestualmente alla trascrizione dell\u2019atto di nascita (vedi\u00a0Stato Civile). L\u2019iscrizione in Aire del minore italiano nato in Italia, i cui genitori risiedono all\u2019estero, viene fatta direttamente dall\u2019Ufficiale d\u2019Anagrafe in Italia contestualmente alla denuncia della nascita. Il Comune provveder\u00e0 ad informare [&hellip;]","protected":false},"author":6,"featured_media":0,"parent":85,"menu_order":7,"comment_status":"closed","ping_status":"closed","template":"","meta":{"footnotes":""},"class_list":["post-336","page","type-page","status-publish","hentry"],"_links":{"self":[{"href":"https:\/\/consedimburgo.esteri.it\/it\/wp-json\/wp\/v2\/pages\/336","targetHints":{"allow":["GET"]}}],"collection":[{"href":"https:\/\/consedimburgo.esteri.it\/it\/wp-json\/wp\/v2\/pages"}],"about":[{"href":"https:\/\/consedimburgo.esteri.it\/it\/wp-json\/wp\/v2\/types\/page"}],"author":[{"embeddable":true,"href":"https:\/\/consedimburgo.esteri.it\/it\/wp-json\/wp\/v2\/users\/6"}],"replies":[{"embeddable":true,"href":"https:\/\/consedimburgo.esteri.it\/it\/wp-json\/wp\/v2\/comments?post=336"}],"version-history":[{"count":6,"href":"https:\/\/consedimburgo.esteri.it\/it\/wp-json\/wp\/v2\/pages\/336\/revisions"}],"predecessor-version":[{"id":2253,"href":"https:\/\/consedimburgo.esteri.it\/it\/wp-json\/wp\/v2\/pages\/336\/revisions\/2253"}],"up":[{"embeddable":true,"href":"https:\/\/consedimburgo.esteri.it\/it\/wp-json\/wp\/v2\/pages\/85"}],"wp:attachment":[{"href":"https:\/\/consedimburgo.esteri.it\/it\/wp-json\/wp\/v2\/media?parent=336"}],"curies":[{"name":"wp","href":"https:\/\/api.w.org\/{rel}","templated":true}]}}