{"id":35,"date":"2023-04-03T19:15:30","date_gmt":"2023-04-03T17:15:30","guid":{"rendered":"https:\/\/consolatozurigo.esteri.it\/?page_id=35"},"modified":"2026-01-02T13:27:27","modified_gmt":"2026-01-02T12:27:27","slug":"la-sede","status":"publish","type":"page","link":"https:\/\/consedimburgo.esteri.it\/it\/chi-siamo\/la-sede\/","title":{"rendered":"La Sede"},"content":{"rendered":"<p><strong>Consolato Generale d&#8217;Italia per Scozia e Irlanda del Nord<br \/>\n<\/strong>Italy House<br \/>\n20-22 East London Street<br \/>\nEdinburgh &#8211; EH7 4BQ <strong>(<a href=\"https:\/\/www.google.com\/maps\/place\/20+E+London+St,+Edinburgh+EH7+4BQ\/@55.9602122,-3.1869866,642m\/data=!3m2!1e3!4b1!4m6!3m5!1s0x4887c78c961e4cef:0x6c1d925e43d2e960!8m2!3d55.9602122!4d-3.1869866!16s%2Fg%2F11gsmbl1tv?entry=ttu&amp;g_ep=EgoyMDI0MDkyMi4wIKXMDSoASAFQAw%3D%3D\">mappa<\/a>)<\/strong><\/p>\n<p>&nbsp;<\/p>\n<table class=\"table\">\n<tbody>\n<tr>\n<td colspan=\"2\"><strong>Giorni di chiusura per il 2026<\/strong><\/td>\n<\/tr>\n<tr>\n<td>1\u00b0 gennaio (gioved\u00ec)<\/td>\n<td>CAPODANNO<\/td>\n<\/tr>\n<tr>\n<td>3 aprile (venerd\u00ec)<\/td>\n<td>VENERDI&#8217; SANTO<\/td>\n<\/tr>\n<tr>\n<td>6 aprile (luned\u00ec)<\/td>\n<td>LUNEDI&#8217; DELL&#8217;ANGELO<\/td>\n<\/tr>\n<tr>\n<td>25 aprile (sabato)<\/td>\n<td>FESTA DELLA LIBERAZIONE<\/td>\n<\/tr>\n<tr>\n<td>1\u00b0 maggio (venerd\u00ec)<\/td>\n<td>FESTA DEL LAVORO<\/td>\n<\/tr>\n<tr>\n<td>25 maggio (luned\u00ec)<\/td>\n<td>SPRING BANK HOLIDAY<\/td>\n<\/tr>\n<tr>\n<td>2 giugno (marted\u00ec)<\/td>\n<td>FESTA DELLA REPUBBLICA<\/td>\n<\/tr>\n<tr>\n<td>31 agosto (luned\u00ec)<\/td>\n<td>SUMMER BANK HOLIDAY<\/td>\n<\/tr>\n<tr>\n<td>1\u00b0 novembre (domenica)<\/td>\n<td>TUTTI I SANTI<\/td>\n<\/tr>\n<tr>\n<td>25 dicembre (venerd\u00ec)<\/td>\n<td>NATALE<\/td>\n<\/tr>\n<tr>\n<td>26 dicembre (sabato)<\/td>\n<td>SANTO STEFANO<\/td>\n<\/tr>\n<\/tbody>\n<\/table>\n","protected":false},"excerpt":{"rendered":"Consolato Generale d&#8217;Italia per Scozia e Irlanda del Nord Italy House 20-22 East London Street Edinburgh &#8211; EH7 4BQ (mappa) &nbsp; Giorni di chiusura per il 2026 1\u00b0 gennaio (gioved\u00ec) CAPODANNO 3 aprile (venerd\u00ec) VENERDI&#8217; SANTO 6 aprile (luned\u00ec) LUNEDI&#8217; DELL&#8217;ANGELO 25 aprile (sabato) FESTA DELLA LIBERAZIONE 1\u00b0 maggio (venerd\u00ec) FESTA DEL LAVORO 25 maggio [&hellip;]","protected":false},"author":1,"featured_media":0,"parent":13,"menu_order":2,"comment_status":"closed","ping_status":"closed","template":"","meta":{"footnotes":""},"class_list":["post-35","page","type-page","status-publish","hentry"],"_links":{"self":[{"href":"https:\/\/consedimburgo.esteri.it\/it\/wp-json\/wp\/v2\/pages\/35","targetHints":{"allow":["GET"]}}],"collection":[{"href":"https:\/\/consedimburgo.esteri.it\/it\/wp-json\/wp\/v2\/pages"}],"about":[{"href":"https:\/\/consedimburgo.esteri.it\/it\/wp-json\/wp\/v2\/types\/page"}],"author":[{"embeddable":true,"href":"https:\/\/consedimburgo.esteri.it\/it\/wp-json\/wp\/v2\/users\/1"}],"replies":[{"embeddable":true,"href":"https:\/\/consedimburgo.esteri.it\/it\/wp-json\/wp\/v2\/comments?post=35"}],"version-history":[{"count":8,"href":"https:\/\/consedimburgo.esteri.it\/it\/wp-json\/wp\/v2\/pages\/35\/revisions"}],"predecessor-version":[{"id":6427,"href":"https:\/\/consedimburgo.esteri.it\/it\/wp-json\/wp\/v2\/pages\/35\/revisions\/6427"}],"up":[{"embeddable":true,"href":"https:\/\/consedimburgo.esteri.it\/it\/wp-json\/wp\/v2\/pages\/13"}],"wp:attachment":[{"href":"https:\/\/consedimburgo.esteri.it\/it\/wp-json\/wp\/v2\/media?parent=35"}],"curies":[{"name":"wp","href":"https:\/\/api.w.org\/{rel}","templated":true}]}}