{"id":359,"date":"2023-05-12T12:24:54","date_gmt":"2023-05-12T10:24:54","guid":{"rendered":"https:\/\/consedimburgo.esteri.it\/?page_id=359"},"modified":"2025-03-24T15:03:08","modified_gmt":"2025-03-24T14:03:08","slug":"matrimonio-da-celebrarsi-in-italia","status":"publish","type":"page","link":"https:\/\/consedimburgo.esteri.it\/it\/servizi-consolari-e-visti\/servizi-per-il-cittadino-italiano\/stato-civile\/matrimonio-da-celebrarsi-in-italia\/","title":{"rendered":"Matrimonio da celebrarsi in Italia"},"content":{"rendered":"<p><span lang=\"IT\">Il cittadino italiano iscritto all&#8217;AIRE (Anagrafe degli Italiani Residenti all&#8217;Estero) che intende sposarsi in Italia deve effettuare le PUBBLICAZIONI DI MATRIMONIO presso l&#8217;Ufficio consolare di propria iscrizione anagrafica.<\/span><\/p>\n<p><span lang=\"IT\">Gli accordi circa la data e le modalit\u00e0 di celebrazione del matrimonio in Italia dovranno essere presi direttamente dagli interessati con l&#8217;ufficiale dello stato civile\/parroco in Italia.<\/span><\/p>\n<p><span lang=\"IT\">Requisito imprescindibile \u00e8 che almeno uno dei due sposi sia cittadino italiano residente nella Circoscrizione del Consolato Generale d&#8217;Italia in Edimburgo e regolarmente iscritto all&#8217;AIRE presso questo Consolato Generale.<\/span><\/p>\n<p>Ai fini della PUBBLICAZIONE DI MATRIMONIO gli interessati si dovranno presentare personalmente, <strong>PREVIO APPUNTAMENTO,<\/strong> presso questo Ufficio, consegnando tutta la prescritta documentazione.<\/p>\n<p>&nbsp;<\/p>\n<p><strong><span lang=\"IT\">SE CON RITO RELIGIOSO<\/span><\/strong><span lang=\"IT\">:<\/span><\/p>\n<p><span lang=\"IT\">Ai fini della \u2018Pubblicazione\u2019\u00a0<strong>l\u2019interessato dovr\u00e0 fornire <\/strong>\u2013 oltre alla documentazione come sotto indicata \u2013<strong>\u00a0<\/strong><\/span><strong><span lang=\"IT\">\u201crichiesta\u201d\u00a0<\/span><\/strong><strong><span lang=\"IT\">su carta intestata della Chiesa con timbro e firma del Sacerdote che celebrer\u00e0 le nozze, in cui dovranno essere specificate le generalit\u00e0 complete degli sposi, nonch\u00e9 la Chiesa e la data del matrimonio stesso.<\/span><\/strong><span lang=\"IT\"><br \/>\nA seguito di avvenuta \u2018pubblicazione di matrimonio\u2019 (8 gg consecutivi) questo consolato invier\u00e0 debita &#8220;Autorizzazione&#8221; alla celebrazione del matrimonio &#8211; ai sensi del Concordato Lateranense dell&#8217; 11\/02\/1984 (ratificato con Legge 25\/03\/1985, n. 21) &#8211; direttamente al competente Sacerdote italiano.<br \/>\n<strong>Il Consolato non provvede ad eventuale perfezionamento di documentazione religiosa.<\/strong><br \/>\n<\/span><span lang=\"IT\"><br \/>\n<\/span><strong><span lang=\"IT\">SE CON RITO CIVILE<\/span><\/strong><span lang=\"IT\">:<br \/>\nUna volta effettuata la pubblicazione (8 gg consecutivi) questo Consolato Generale delegher\u00e0 la celebrazione del matrimonio all\u2019ufficiale di stato civile competente, mediante apposita richiesta ai sensi dell\u2019art. 109 del codice civile.<br \/>\n<\/span><\/p>\n<p align=\"center\"><strong><span lang=\"IT\">DOCUMENTI NECESSARI:<\/span><\/strong><\/p>\n<p><span lang=\"IT\">\u00a0<strong>SE ENTRAMBI\u00a0<\/strong><strong>CITTADINI ITALIANI<\/strong>:<\/span><\/p>\n<ul>\n<li><span lang=\"IT\">valido documento d\u2019identit\u00e0 (passaporto o carta d\u2019identit\u00e0) e fotocopia semplice di detto documento;<\/span><\/li>\n<li><strong><em><span lang=\"IT\">&#8220;Comunicazione dati &amp; richiesta Pubblicazione di Matrimonio\u2019 <\/span><\/em><\/strong><span lang=\"IT\">(vedi <a href=\"https:\/\/consedimburgo.esteri.it\/it\/servizi-consolari-e-visti\/servizi-per-il-cittadino-italiano\/modulistica\/\">Modulistica<\/a>)<\/span><\/li>\n<li><span lang=\"IT\">Dichiarazione circa la non esistenza di matrimoni contratti nel corso del periodo della loro\u00a0residenza estera &#8211;\u00a0<strong>solo per coloro residenti in questa circoscrizione consolare per pi\u00f9 di 18 mesi<\/strong>:<\/span><\/li>\n<\/ul>\n<p><span lang=\"IT\">&#8211; Se residenti in Scozia: (lettera &#8220;TO WHOM IT MAY CONCERN&#8221;) rilasciata dal &#8220;National Records od Scotland&#8221;.<\/span><\/p>\n<p><span lang=\"IT\">&#8211; Se residenti in Irlanda del Nord: dichiarazione (resa a seguito di &#8220;Marriage Check&#8221;) rilasciata da The Marriage Section &#8211; General Register Office<\/span><\/p>\n<p>&nbsp;<\/p>\n<p><strong><span lang=\"IT\">SE IL NUBENDO E\u2019 STRANIERO<\/span><\/strong><span lang=\"IT\">:\u00a0<\/span><\/p>\n<ul>\n<li><span lang=\"IT\"><strong>CITTADINO\u00a0BRITANNICO:<\/strong> <\/span>\n<ul>\n<li><span lang=\"IT\">estratto integrale dell\u2019atto di nascita (in <strong>originale<\/strong> \u2013 non si accettano fotocopie) e fotocopia semplice del certificato stesso;<\/span><\/li>\n<li><span lang=\"IT\">valido documento d\u2019identit\u00e0 (passaporto) e fotocopia semplice di detto documento;<\/span><\/li>\n<li><span lang=\"IT\">\u2018CERTIFICATE of NO IMPEDIMENT to MARRY\u201d rilasciato dal\u00a0\u00a0competente \u2018Registry Office\u2019<\/span><\/li>\n<\/ul>\n<\/li>\n<\/ul>\n<p><strong>NOTA BENE:<\/strong> i cittadini britannici (SOLO SE) residenti in Galles o Inghilterra dovranno presentare anche una &#8220;Statutory declaration&#8221; bilingue resa davanti a un notaio nel Regno Unito.<\/p>\n<p>&nbsp;<\/p>\n<ul>\n<li><strong><span lang=\"IT\">CITTADINO UE E NON<\/span><\/strong><span lang=\"IT\">:<\/span>\n<ul>\n<li>estratto integrale\u00a0<strong>dell\u2019atto di nascita<\/strong> con indicazione dei nomi dei genitori (<span lang=\"IT\">in <strong>originale<\/strong><\/span> &#8211; non si accettano fotocopie) in formato plurilingue (oppure debitamente tradotto, con certificazione di traduzione da parte del competente Ufficio consolare italiano), debitamente legalizzato per mezzo di apostille \u2013 <strong>ove richiesto dalla legge<\/strong>;<\/li>\n<li>fotocopia semplice del suddetto certificato<\/li>\n<li>valido documento d&#8217;identit\u00e0 (passaporto) e fotocopia semplice di detto documenti<\/li>\n<\/ul>\n<\/li>\n<\/ul>\n<p>I cittadini dei seguenti Stati: AUSTRIA, LUSSEMBURGO, OLANDA, PORTOGALLO, SPAGNA, SVIZZERA, TURCHIA, GERMANIA, REPUBBLICA della MOLDAVIA (anche se non UE), devono esibire:<\/p>\n<ul>\n<li style=\"list-style-type: none;\">\n<ul>\n<li><strong>\u201cCertificato di Capacit\u00e0 Matrimoniale\u201d<\/strong>, rilasciato dall\u2019Ufficio di Stato Civile del Comune di residenza nello Stato di Origine (esente da legalizzazione, ma debitamente tradotto \u2013 certificazione di traduzione da parte del competente Ufficio consolare italiano)<\/li>\n<\/ul>\n<\/li>\n<\/ul>\n<p><strong>Tutti gli altri cittadini<\/strong> devono esibire:<\/p>\n<ul>\n<li style=\"list-style-type: none;\">\n<ul>\n<li><strong>\u201cNULLA OSTA\u201d<\/strong> rilasciato dalla competente Autorit\u00e0 del paese di origine debitamente tradotto (certificazione di traduzione da parte del competente Ufficio consolare italiano) e debitamente legalizzato per mezzo di apostille.<br \/>\nIl \u201cNULLA OSTA\u201d deve indicare:\u00a0che non vi sono impedimenti al matrimonio secondo le leggi dello Stato di appartenenza, cognome, nome, data e luogo di nascita, cittadinanza, residenza, stato libero, nome e cognome dei genitori. Per la donna divorziata , inoltre, deve essere indicata la data di scioglimento del matrimonio. Per la vedova necessita la data di vedovanza.<\/li>\n<\/ul>\n<\/li>\n<\/ul>\n<p>&nbsp;<\/p>\n<ul>\n<li><strong>CITTADINI STATUNITENSI E AUSTRALIANI:<\/strong>\n<ul>\n<li>passaporto in corso di validit\u00e0;<\/li>\n<li>atto di nascita (\u201c<em>long form<\/em>\u201d) \u2013 con l\u2019indicazione dei nomi dei genitori \u2013 debitamente legalizzato per mezzo di apostille;<\/li>\n<li>\u201c<em>Dichiarazione Giurata<\/em>\u201d resa alla presenza di Notaio (non pi\u00f9 di tre mesi precedenti alla data di richiesta di pubblicazione), la cui firma dovr\u00e0 essere APOSTILLATA, nella quale viene confermato che in base alle leggi vigenti nel Paese di origine non sussistono impedimenti alla celebrazione di matrimonio da parte dell\u2019interessato;<\/li>\n<li>\u201cAtto Notorio\u201d reso (non pi\u00f9 di tre mesi precedenti alla data di richiesta di pubblicazione) da due testimoni maggiorenni, alla presenza di Notaio, la cui firma dovr\u00e0 essere legalizzata per mezzo di apostille;<\/li>\n<li>se del caso: Sentenza di Divorzio o Certificato di morte del precedente coniuge \u2013 debitamente legalizzati per mezzo di apostille.<\/li>\n<\/ul>\n<\/li>\n<\/ul>\n<p>&nbsp;<\/p>\n<p><a name=\"a\"><\/a><strong>LEGALIZZAZIONE \/ APOSTILLE:<\/strong><\/p>\n<ul>\n<li><strong>NESSUNA LEGALIZZAZIONE \/ APOSTILLE<\/strong> viene richiesta per gli atti rilasciati dai seguenti Paesi: AUSTRIA, BELGIO, DANIMARCA, FRANCIA, GERMANIA, IRLANDA, LETTONIA, LUSSEMBURGO, OLANDA, POLONIA, PORTOGALLO e TURCHIA.<\/li>\n<li><strong>APOSTILLE<\/strong> (Convenzione dell\u2019Aja \u2013 05\/10\/1961) richiesta per documenti rilasciati dai seguenti Paesi: vedi <a href=\"https:\/\/www.hcch.net\/en\/states\/hcch-members\"><strong>QUI<\/strong><\/a><\/li>\n<\/ul>\n<p>&nbsp;<\/p>\n<p>Le PUBBLICAZIONI di MATRIMONIO \u2013 che rimangono affisse a questo \u201cAlbo Consolare\u201d per un periodo totale di otto (8) gg consecutivi &#8211;\u00a0<strong>devono essere effettuate entro sei (6) mesi precedenti la data di presunta celebrazione di matrimonio<\/strong>.<\/p>\n<p>Il pagamento delle tariffe consolari applicabili\u00a0(clicca <a href=\"https:\/\/consedimburgo.esteri.it\/it\/servizi-consolari-e-visti\/servizi-per-il-cittadino-italiano\/548-2\/\"><strong>QUI<\/strong><\/a>) dovr\u00e0 essere effettuato \u2013 in contante \/ o tramite \u2018postal orders\u2019 \u2013 al momento di richiesta di pubblicazione.<\/p>\n<p>&nbsp;<\/p>\n<p><a name=\"b\"><\/a><strong>COME PRENOTARE UN APPUNTAMENTO<\/strong><\/p>\n<p><span lang=\"IT\">Una volta in possesso di tutta la suddetta necessaria documentazione, per fissare un\u00a0<\/span>appuntamento al quale dovranno presentarsi entrambi gli sposi, occorre inviare al seguente indirizzo di posta elettronica\u00a0<a href=\"mailto:anagrafe.consedimburgo@esteri.it\">anagrafe.consedimburgo@esteri.it<\/a>, la seguente documentazione:<\/p>\n<ul>\n<li>\u00a0il modulo Comunicazione dati &amp; richiesta Pubblicazione di Matrimonio (vedi <a href=\"https:\/\/consedimburgo.esteri.it\/it\/servizi-consolari-e-visti\/servizi-per-il-cittadino-italiano\/modulistica\/\">Modulistica<\/a>), debitamente completato e sottoscritto;<\/li>\n<li>\u00a0copia della documentazione prevista.<\/li>\n<\/ul>\n<p>&nbsp;<\/p>\n<p><span lang=\"IT\"><br \/>\n<strong>ENTRAMBI CITTADINI NON ITALIANI <\/strong><strong>che intendono sposarsi in Italia si devono rivolgere alle proprie Ambasciate in Italia. L\u2019elenco delle Ambasciate in Italia si pu\u00f2 trovare sul sito <a href=\"http:\/\/www.esteri.it\">www.esteri.it<\/a>.<\/strong><\/span><\/p>\n<p>&nbsp;<\/p>\n<p><strong><span lang=\"IT\">ENTRAMBI CITTADINI BRITANNICI che intendono contrarre matrimonio in Italia \u2013 a partire dal 1 marzo 2013 (ai sensi della Circolare N. 6\/2013 del Ministero dell\u2019Interno) \u2013 in sostituzione di \u2018NULLA OSTA\u2019 dovranno presentare:<\/span><\/strong><\/p>\n<ul>\n<li><strong><span lang=\"IT\">\u201cCertificato di non impedimento\u201d \u2013 ufficialmente tradotto in lingua italiana e legalizzato mediante \u2018APOSTILLE\u2019 da parte del Foreign &amp; Commonwealth Office britannico;<\/span><\/strong><\/li>\n<li><strong><span lang=\"IT\">&#8220;Dichiarazione giurata bilingue&#8221; sottoscritta dall\u2019interessato alla presenza di locale Notaio Pubblico \u2013 la cui firma dovr\u00e0 essere legalizzata mediante \u2018APOSTILLE\u2019 da parte del Foreign &amp; Commonwealth Office britannico.<\/span><\/strong><\/li>\n<\/ul>\n","protected":false},"excerpt":{"rendered":"Il cittadino italiano iscritto all&#8217;AIRE (Anagrafe degli Italiani Residenti all&#8217;Estero) che intende sposarsi in Italia deve effettuare le PUBBLICAZIONI DI MATRIMONIO presso l&#8217;Ufficio consolare di propria iscrizione anagrafica. Gli accordi circa la data e le modalit\u00e0 di celebrazione del matrimonio in Italia dovranno essere presi direttamente dagli interessati con l&#8217;ufficiale dello stato civile\/parroco in Italia. [&hellip;]","protected":false},"author":6,"featured_media":0,"parent":86,"menu_order":8,"comment_status":"closed","ping_status":"closed","template":"","meta":{"footnotes":""},"class_list":["post-359","page","type-page","status-publish","hentry"],"_links":{"self":[{"href":"https:\/\/consedimburgo.esteri.it\/it\/wp-json\/wp\/v2\/pages\/359","targetHints":{"allow":["GET"]}}],"collection":[{"href":"https:\/\/consedimburgo.esteri.it\/it\/wp-json\/wp\/v2\/pages"}],"about":[{"href":"https:\/\/consedimburgo.esteri.it\/it\/wp-json\/wp\/v2\/types\/page"}],"author":[{"embeddable":true,"href":"https:\/\/consedimburgo.esteri.it\/it\/wp-json\/wp\/v2\/users\/6"}],"replies":[{"embeddable":true,"href":"https:\/\/consedimburgo.esteri.it\/it\/wp-json\/wp\/v2\/comments?post=359"}],"version-history":[{"count":6,"href":"https:\/\/consedimburgo.esteri.it\/it\/wp-json\/wp\/v2\/pages\/359\/revisions"}],"predecessor-version":[{"id":4371,"href":"https:\/\/consedimburgo.esteri.it\/it\/wp-json\/wp\/v2\/pages\/359\/revisions\/4371"}],"up":[{"embeddable":true,"href":"https:\/\/consedimburgo.esteri.it\/it\/wp-json\/wp\/v2\/pages\/86"}],"wp:attachment":[{"href":"https:\/\/consedimburgo.esteri.it\/it\/wp-json\/wp\/v2\/media?parent=359"}],"curies":[{"name":"wp","href":"https:\/\/api.w.org\/{rel}","templated":true}]}}