{"id":37,"date":"2023-04-03T19:15:59","date_gmt":"2023-04-03T17:15:59","guid":{"rendered":"https:\/\/consolatozurigo.esteri.it\/?page_id=37"},"modified":"2026-03-23T10:24:41","modified_gmt":"2026-03-23T09:24:41","slug":"contatti","status":"publish","type":"page","link":"https:\/\/consedimburgo.esteri.it\/it\/chi-siamo\/contatti\/","title":{"rendered":"Contatti"},"content":{"rendered":"<p style=\"text-align: center;\"><strong>Consolato Generale d&#8217;Italia per Scozia e Irlanda del Nord<\/strong><br \/>\nItaly House<br \/>\n20-22 East London Street<br \/>\nEdinburgh &#8211; EH7 4BQ (<a href=\"https:\/\/www.google.com\/maps\/place\/20+E+London+St,+Edinburgh+EH7+4BQ\/@55.9602122,-3.1869866,642m\/data=!3m2!1e3!4b1!4m6!3m5!1s0x4887c78c961e4cef:0x6c1d925e43d2e960!8m2!3d55.9602122!4d-3.1869866!16s%2Fg%2F11gsmbl1tv?entry=ttu&amp;g_ep=EgoyMDI0MDkyMi4wIKXMDSoASAFQAw%3D%3D\">mappa<\/a>)<\/p>\n<p>&nbsp;<\/p>\n<p><strong>CENTRALINO TELEFONICO<\/strong><\/p>\n<p>L\u2019operatore risponde al seguente numero:<\/p>\n<h2 style=\"text-align: center;\"><span style=\"color: #ff0000;\"><strong>0131 226 3631<\/strong><\/span><\/h2>\n<p><span style=\"color: #ff0000;\">Si informa che <span style=\"text-decoration: underline;\">fra luned\u00ec 23 marzo e gioved\u00ec 2 aprile<\/span>, il centralino telefonico del Consolato Generale sar\u00e0 disponibile <\/span><span style=\"color: #ff0000;\">solamente nei giorni di <strong>luned\u00ec, mercoled\u00ec e venerd\u00ec<\/strong>, nella consueta fascia oraria (<strong>10:00-12:00<\/strong>).<\/span><br \/>\n<span style=\"color: #ff0000;\">Il servizio riprender\u00e0 regolarmente a partire da marted\u00ec 7 aprile, con il consueto orario<strong>.<\/strong><\/span><\/p>\n<p>Il servizio di risposta telefonica al centralino \u00e8 attivo <strong>dal luned\u00ec al venerd\u00ec, dalle ore 10:00 alle ore 12:00<\/strong>. <strong>Al di fuori di questi orari si prega voler <\/strong><strong>inviare una email <\/strong>(clicca <strong><a href=\"https:\/\/consedimburgo.esteri.it\/it\/chi-siamo\/gli-uffici\/\">QUI<\/a><\/strong>).<\/p>\n<p>Il centralino \u00e8 a disposizione per fornire informazioni relative all\u2019erogazione dei servizi consolari per coloro che avessero difficolt\u00e0 di accesso ad internet. Per tutti i servizi si consiglia comunque di privilegiare la comunicazione attraverso e-mail, contattando il settore di competenza. Si ringrazia per la gentile collaborazione.<\/p>\n<p><img loading=\"lazy\" decoding=\"async\" class=\"img-fluid aligncenter wp-image-3694 size-large\" src=\"https:\/\/consedimburgo.esteri.it\/wp-content\/uploads\/2024\/10\/Diapositiva1-1024x576.jpg\" alt=\"\" width=\"640\" height=\"360\" srcset=\"https:\/\/consedimburgo.esteri.it\/wp-content\/uploads\/2024\/10\/Diapositiva1-1024x576.jpg 1024w, https:\/\/consedimburgo.esteri.it\/wp-content\/uploads\/2024\/10\/Diapositiva1-300x169.jpg 300w, https:\/\/consedimburgo.esteri.it\/wp-content\/uploads\/2024\/10\/Diapositiva1-768x432.jpg 768w, https:\/\/consedimburgo.esteri.it\/wp-content\/uploads\/2024\/10\/Diapositiva1.jpg 1280w\" sizes=\"auto, (max-width: 640px) 100vw, 640px\" \/><\/p>\n<p><strong>IMPORTANTE<\/strong>: la maggior parte dei servizi consolari viene erogata <span style=\"text-decoration: underline;\">esclusivamente previo appuntamento<\/span>, molti altri possono essere disbrigati per posta o tramite email. Per i contatti dei singoli settori, visita la pagina <a href=\"https:\/\/consedimburgo.esteri.it\/it\/chi-siamo\/gli-uffici\/\">Uffici<\/a><\/p>\n","protected":false},"excerpt":{"rendered":"Consolato Generale d&#8217;Italia per Scozia e Irlanda del Nord Italy House 20-22 East London Street Edinburgh &#8211; EH7 4BQ (mappa) &nbsp; CENTRALINO TELEFONICO L\u2019operatore risponde al seguente numero: 0131 226 3631 Si informa che fra luned\u00ec 23 marzo e gioved\u00ec 2 aprile, il centralino telefonico del Consolato Generale sar\u00e0 disponibile solamente nei giorni di luned\u00ec, [&hellip;]","protected":false},"author":1,"featured_media":0,"parent":13,"menu_order":8,"comment_status":"closed","ping_status":"closed","template":"","meta":{"footnotes":""},"class_list":["post-37","page","type-page","status-publish","hentry"],"_links":{"self":[{"href":"https:\/\/consedimburgo.esteri.it\/it\/wp-json\/wp\/v2\/pages\/37","targetHints":{"allow":["GET"]}}],"collection":[{"href":"https:\/\/consedimburgo.esteri.it\/it\/wp-json\/wp\/v2\/pages"}],"about":[{"href":"https:\/\/consedimburgo.esteri.it\/it\/wp-json\/wp\/v2\/types\/page"}],"author":[{"embeddable":true,"href":"https:\/\/consedimburgo.esteri.it\/it\/wp-json\/wp\/v2\/users\/1"}],"replies":[{"embeddable":true,"href":"https:\/\/consedimburgo.esteri.it\/it\/wp-json\/wp\/v2\/comments?post=37"}],"version-history":[{"count":8,"href":"https:\/\/consedimburgo.esteri.it\/it\/wp-json\/wp\/v2\/pages\/37\/revisions"}],"predecessor-version":[{"id":6958,"href":"https:\/\/consedimburgo.esteri.it\/it\/wp-json\/wp\/v2\/pages\/37\/revisions\/6958"}],"up":[{"embeddable":true,"href":"https:\/\/consedimburgo.esteri.it\/it\/wp-json\/wp\/v2\/pages\/13"}],"wp:attachment":[{"href":"https:\/\/consedimburgo.esteri.it\/it\/wp-json\/wp\/v2\/media?parent=37"}],"curies":[{"name":"wp","href":"https:\/\/api.w.org\/{rel}","templated":true}]}}