{"id":38,"date":"2023-04-03T19:16:15","date_gmt":"2023-04-03T17:16:15","guid":{"rendered":"https:\/\/consolatozurigo.esteri.it\/?page_id=38"},"modified":"2023-05-09T14:03:43","modified_gmt":"2023-05-09T12:03:43","slug":"numeri-di-emergenza","status":"publish","type":"page","link":"https:\/\/consedimburgo.esteri.it\/it\/chi-siamo\/numeri-di-emergenza\/","title":{"rendered":"Numeri di emergenza"},"content":{"rendered":"<p><strong>CELLULARE DI EMERGENZA <\/strong><\/p>\n<p><em><strong>Il cellulare di emergenza del Consolato Generale (n. +44 (0) 7713159591) \u00e8 <\/strong><strong>o<\/strong><strong>perativo <span style=\"text-decoration: underline;\">dal luned\u00ec al venerd\u00ec dalle 18 alle 22<\/span> e\u00a0<span style=\"text-decoration: underline;\">nei giorni festivi dalle ore 9 alle ore 22<\/span>.<\/strong><\/em><\/p>\n<p>QUESTO NUMERO E&#8217; RISERVATO <strong>ESCLUSIVAMENTE<\/strong>\u00a0A\u00a0CITTADINI ITALIANI\u00a0E\u00a0<strong>SOLO<\/strong> PER\u00a0SITUAZIONI DI REALE E COMPROVATA EMERGENZA\u00a0(incidenti, pericolo per l&#8217;incolumit\u00e0 fisica delle persone et simili).<\/p>\n<p>Le chiamate per pratiche consolari ordinarie (passaporti, visti, etc.)\u00a0<strong>NON<\/strong>\u00a0verranno prese in considerazione.<\/p>\n<p>&nbsp;<\/p>\n<p><strong>FUNZIONARIO DI TURNO DEL MINISTERO DEGLI AFFARI ESTERI E DELLA COOPERAZIONE ALLO SVILUPPO<\/strong><\/p>\n<p><em><strong>Il numero del Funzionario di turno del MAECI (n. 0039 06 3691 2666) \u00e8 operativo per tutte le altre fasce orarie non coperte dal numero di emergenza di cui sopra.<\/strong><\/em><\/p>\n<p>In caso di effettiva necessit\u00e0, il funzionario di turno del Ministero degli Affari Esteri e della Cooperazione allo Sviluppo raggiunger\u00e0 tempestivamente i funzionari del Consolato Generale di Edimburgo.<\/p>\n<p>&nbsp;<\/p>\n<p><strong>ATTENZIONE<\/strong><\/p>\n<p>In caso di incidenti gravi, situazioni comportanti rischi immediati per la salute o di pericolo per l\u2019incolumit\u00e0 personale, in cui si richiede il soccorso urgente delle locali autorit\u00e0 sanitarie, di polizia o di vigili del fuoco, si consiglia di chiamare direttamente il numero unico di pronto intervento:\u00a0<strong>999<\/strong><\/p>\n","protected":false},"excerpt":{"rendered":"CELLULARE DI EMERGENZA Il cellulare di emergenza del Consolato Generale (n. +44 (0) 7713159591) \u00e8 operativo dal luned\u00ec al venerd\u00ec dalle 18 alle 22 e\u00a0nei giorni festivi dalle ore 9 alle ore 22. QUESTO NUMERO E&#8217; RISERVATO ESCLUSIVAMENTE\u00a0A\u00a0CITTADINI ITALIANI\u00a0E\u00a0SOLO PER\u00a0SITUAZIONI DI REALE E COMPROVATA EMERGENZA\u00a0(incidenti, pericolo per l&#8217;incolumit\u00e0 fisica delle persone et simili). Le chiamate [&hellip;]","protected":false},"author":1,"featured_media":0,"parent":13,"menu_order":10,"comment_status":"closed","ping_status":"closed","template":"","meta":{"footnotes":""},"class_list":["post-38","page","type-page","status-publish","hentry"],"_links":{"self":[{"href":"https:\/\/consedimburgo.esteri.it\/it\/wp-json\/wp\/v2\/pages\/38","targetHints":{"allow":["GET"]}}],"collection":[{"href":"https:\/\/consedimburgo.esteri.it\/it\/wp-json\/wp\/v2\/pages"}],"about":[{"href":"https:\/\/consedimburgo.esteri.it\/it\/wp-json\/wp\/v2\/types\/page"}],"author":[{"embeddable":true,"href":"https:\/\/consedimburgo.esteri.it\/it\/wp-json\/wp\/v2\/users\/1"}],"replies":[{"embeddable":true,"href":"https:\/\/consedimburgo.esteri.it\/it\/wp-json\/wp\/v2\/comments?post=38"}],"version-history":[{"count":4,"href":"https:\/\/consedimburgo.esteri.it\/it\/wp-json\/wp\/v2\/pages\/38\/revisions"}],"predecessor-version":[{"id":299,"href":"https:\/\/consedimburgo.esteri.it\/it\/wp-json\/wp\/v2\/pages\/38\/revisions\/299"}],"up":[{"embeddable":true,"href":"https:\/\/consedimburgo.esteri.it\/it\/wp-json\/wp\/v2\/pages\/13"}],"wp:attachment":[{"href":"https:\/\/consedimburgo.esteri.it\/it\/wp-json\/wp\/v2\/media?parent=38"}],"curies":[{"name":"wp","href":"https:\/\/api.w.org\/{rel}","templated":true}]}}