{"id":411,"date":"2023-05-12T13:46:21","date_gmt":"2023-05-12T11:46:21","guid":{"rendered":"https:\/\/consedimburgo.esteri.it\/?page_id=411"},"modified":"2026-02-25T12:06:13","modified_gmt":"2026-02-25T11:06:13","slug":"dichiarazioni-di-valore","status":"publish","type":"page","link":"https:\/\/consedimburgo.esteri.it\/it\/servizi-consolari-e-visti\/servizi-per-il-cittadino-italiano\/titoli-di-studio\/dichiarazioni-di-valore\/","title":{"rendered":"Dichiarazioni di valore"},"content":{"rendered":"<p>L\u2019Ufficio Titoli di Studio ha competenza unicamente per il rilascio di \u201cDichiarazioni di Valore\u201d relative a\u00a0<strong>Titoli di studio\/professionali<\/strong>\u00a0rilasciati esclusivamente da\u00a0<strong>Istituti di istruzione secondaria\/accademica o enti professionali ufficialmente riconosciuti<\/strong>, con sede nella circoscrizione di questo Consolato Generale (<strong>Scozia ed Irlanda del Nord<\/strong>).<\/p>\n<p>La procedura di riconoscimento in Italia dei titoli di studio britannici, sia per il proseguimento degli studi (Scuola\/Universit\u00e0), che per fini lavorativi, prevede da parte del Consolato d\u2019Italia territorialmente competente il rilascio della \u201cDichiarazione di Valore in Loco\u201d (DV).<\/p>\n<p>La Dichiarazione di Valore \u00e8 un documento di natura informativa che descrive il titolo estero conseguito e fornisce ogni elemento utile per consentire, alle Autorit\u00e0 italiane competenti, una valutazione del titolo stesso ai fini del suo riconoscimento nell\u2019ordinamento italiano ai sensi della normativa vigente.<\/p>\n<p>La Dichiarazione di Valore non implica alcun riconoscimento, equipollenza od omologazione del titolo di studio a cui fa riferimento.\u00a0Saranno, successivamente, le competenti Amministrazioni italiane (Ministero dell\u2019Istruzione, Ministero dell\u2019Universit\u00e0 e della Ricerca, Uffici Scolastici Provinciali, Universit\u00e0, ecc.) a dichiarare l\u2019equivalenza (detta equipollenza) dei titoli stranieri ad analoghi titoli italiani.<\/p>\n<p>&nbsp;<\/p>\n<p><strong>Modalit\u00e0 di presentazione della domanda<\/strong><\/p>\n<p>La domanda va inviata\u00a0<strong>esclusivamente per posta<\/strong>, inviando tutta la documentazione sotto specificata relativa al tipo di diploma\/certificato in possesso al seguente indirizzo:<\/p>\n<p style=\"text-align: center;\"><strong>Ufficio Titoli di Studio<br \/>\n<\/strong><strong>Consolato Generale d&#8217;Italia<br \/>\nItaly House<\/strong><br \/>\n<strong>20-22 East London Street<\/strong><br \/>\n<strong>Edinburgh &#8211; EH7 4BQ<\/strong><\/p>\n<p>&nbsp;<\/p>\n<p><strong>Tempistiche per il rilascio della Dichiarazione di Valore<\/strong><\/p>\n<p>A norma di legge (art. 2, comma 2, Legge 241\/1990), tutte le istanze verranno concluse <strong>entro 30 giorni<\/strong> dalla ricezione della documentazione completa, termine che potr\u00e0 essere interrotto nell\u2019ipotesi di richiesta da parte dell\u2019amministrazione di ulteriori elementi conoscitivi e\/o integrativi. <strong>Domande incomplete non potranno essere processate e verranno restituite al richiedente.<br \/>\n<\/strong><\/p>\n<p>ATTENZIONE: NON \u00e8 possibile richiedere il rilascio della Dichiarazione di Valore con procedura d&#8217;urgenza dietro pagamento dei relativi diritti, in quanto al momento della ricezione della domanda, l&#8217;Ufficio Titoli di Studio potrebbe dover avviare verifiche con uffici terzi, sulle cui tempistiche non si pu\u00f2 dare garanzia.<\/p>\n<p>&nbsp;<\/p>\n<p><strong>Documenti da presentare<\/strong><\/p>\n<p>1)\u00a0Modulo di richiesta da parte del richiedente\u00a0(clicca\u00a0<a href=\"https:\/\/consedimburgo.esteri.it\/it\/servizi-consolari-e-visti\/servizi-per-il-cittadino-italiano\/modulistica\/\"><strong>QUI<\/strong><\/a>), debitamente compilato e sottoscritto con firma autografa. Il richiedente dovr\u00e0 fornire un recapito postale e telefonico;<\/p>\n<p>2)\u00a0Fotocopia di un documento di identit\u00e0\u00a0del richiedente (passaporto o carta di identit\u00e0) in corso di validit\u00e0;<\/p>\n<p>3) Copia autenticata del titolo, debitamente legalizzata dal Foreign, Commonwealth &amp; Development Office &#8211; <strong>Attenzione<\/strong>: Si sconsiglia vivamente di far circolare i diplomi originali in quanto essi sono copie uniche e \u2013 se smarriti \u2013 non possono essere riprodotti. Si invita pertanto a seguire la corretta procedura descritta qui sotto, <strong>richiedendo al notary public\/solicitor di effettuare una copia autentica dell&#8217;originale<\/strong>, sul quale far apporre successivamente l&#8217;apostille. Il documento cos\u00ec ricevuto andr\u00e0 inviato in originale.<\/p>\n<p style=\"padding-left: 40px;\">a) Una copia del diploma di laurea o di altro titolo di studio rilasciato in UK dovr\u00e0 dapprima essere certificata da un notary public\/solicitor che esercita in Regno Unito (non necessariamente in Scozia o Irlanda del Nord).<\/p>\n<p style=\"padding-left: 80px;\">Per una lista di Notai in Scozia clicca\u00a0<a href=\"http:\/\/www.lawscot.org.uk\/\"><strong>QUI<\/strong><\/a><br \/>\nPer una lista di Notai in Irlanda del Nord clicca\u00a0<strong><a href=\"http:\/\/www.lawsoc-ni.org\/\">QUI<\/a><\/strong><\/p>\n<p style=\"padding-left: 40px;\">b) Successivamente il documento andr\u00e0 legalizzato per mezzo di apostille, ai sensi della Convenzione dell\u2019Aia, presso il Legalisation Office del Foreign, Commonwealth &amp; Development Office (FCDO); per maggiori informazioni clicca <a href=\"https:\/\/www.gov.uk\/get-document-legalised\"><strong>QUI<\/strong><\/a><\/p>\n<p><strong>N.B.:\u00a0\u00a0<\/strong>A seguito della recente introduzione da parte del governo britannico dell&#8217;apostille elettronica (e-apostille), \u00e8 possibile ricorrere a questo strumento qualora il titolo sia stato rilasciato dall&#8217;istituzione scolastica o dall&#8217;Universit\u00e0 in formato digitale. Sar\u00e0 dunque necessario inviare all&#8217;indirizzo di posta elettronica <a href=\"mailto:edimburgo.scuole@esteri.it\">edimburgo.scuole@esteri.it<\/a> il file in formato non editabile (es: PDF) munito di firme digitali e di e-apostille, indicando nell&#8217;oggetto &#8220;nome, cognome + titolo per dichiarazione di valore\u201d.<br \/>\nSulla base delle informazioni in possesso di questo ufficio, la procedura \u00e8 applicabile solamente per alcuni titoli di studio rilasciati recenetemente dalla University of Strathclyde. In caso di dubbi, siete pregati di contattare l&#8217;ufficio.<br \/>\n<span style=\"text-decoration: underline;\">NON \u00e8 invece possibile ricorrere all&#8217;apostille elettronica qualora l\u2019autentica venga effettuata su scansione di documento rilasciato dall&#8217;istituzione scolastica o dall&#8217;Universit\u00e0 in formato materiale (cartaceo)<\/span>.<\/p>\n<p>4) In base al proprio titolo di studio, uno dei seguenti documenti, in copia semplice:<\/p>\n<p>&#8211;\u00a0<strong>Per Titoli di Scuola Superiore\/professional<\/strong>i:\u00a0Certificato di frequenza da parte della Scuola\/College\u00a0che contenga le seguenti informazioni:<\/p>\n<p style=\"padding-left: 40px;\">a) nome, cognome, data di nascita del richiedente<br \/>\nb) date di iscrizione\/immatricolazione<br \/>\nc) durata legale del corso in questione<br \/>\nd) spiegazioni circa la scala di valori utilizzata per il voto finale<\/p>\n<p>&#8211;\u00a0<strong>Per Titoli Accademici<\/strong>:\u00a0\u201cHigher Education Achievement Report &#8211; HEAR\u201d\u00a0(rilasciato da alcune universit\u00e0) oppure il\u00a0Trascritto completo degli esami (Academic Transcript), contenente le seguenti informazioni:<\/p>\n<p style=\"padding-left: 40px;\">a) nome, cognome, data di nascita, data di prima immatricolazione del richiedente<br \/>\nb) durata legale del corso<br \/>\nc) se era previsto un periodo di formazione all\u2019estero, effettuando studi, tirocinio o ricerca presso un\u2019universit\u00e0 o azienda<br \/>\nd) se era prevista la difesa di una tesi finale o la presentazione di un progetto<br \/>\ne) spiegazioni circa la scala di valori utilizzata per il voto finale<\/p>\n<p>&#8211;\u00a0<strong>Per Dottorato (PhD)<\/strong>:\u00a0Lettera dell\u2019Universit\u00e0, attestante:<\/p>\n<p style=\"padding-left: 40px;\">a) nome, cognome, data di immatricolazione del richiedente<br \/>\nb) durata minima legale del corso<br \/>\nc) se il corso era di tipo full time o part time<br \/>\nd) se il corso comprendeva periodi di ricerca o di tirocinio<br \/>\ne) requisiti per l\u2019ammissione al corso di dottorato<\/p>\n<p>5) (se viene richiesta la restituzione della documentazione in Regno Unito):\u00a0una busta preindirizzata e preaffrancata, preferibilmente utilizzando la modalit\u00e0 di spedizione \u201cSpecial Delivery\u201d.<\/p>\n<p>&nbsp;<\/p>\n<p><strong>Modalit\u00e0 di pagamento<\/strong><\/p>\n<p>Qualora dovuto (per i casi di Gratuit\u00e0 della Dichiarazione di Valore si veda il paragrafo successivo) il pagamento della tariffa consolare per la Dichiarazione di Valore pu\u00f2 essere effettuato:<\/p>\n<ul>\n<li>mediante \u201cPostal Order\u201d per l\u2019importo dovuto, intestato a \u201cItalian Consulate General\u201d, indicando il proprio nome sul retro dello stesso;<\/li>\n<li>chiedendo di essere ricontattati via e-mail dall&#8217;Ufficio Titoli di Studio, una volta analizzata la pratica. La comunicazione (dall&#8217;indirizzo edimburgo.scuole@esteri.it) conterr\u00e0 le istruzioni per il bonifico bancario unitamente all\u2019importo esatto da versare. Sar\u00e0 necessario rispondere a tale comunicazione allegando la distinta del bonifico effettuato.<\/li>\n<\/ul>\n<p>Per la tariffa consolare aggiornata (art. 66n TC) clicca\u00a0<a href=\"https:\/\/consedimburgo.esteri.it\/it\/servizi-consolari-e-visti\/servizi-per-il-cittadino-italiano\/548-2\/\"><strong>QUI<\/strong><\/a>.<\/p>\n<p>&nbsp;<\/p>\n<p><strong>Gratuit\u00e0 della Dichiarazione di Valore<\/strong><\/p>\n<p>La Dichiarazione di Valore viene rilasciata gratuitamente solo se \u00e8 finalizzata al proseguimento degli studi.<\/p>\n<p>Possono usufruirne coloro che allegano\u00a0prova di pre-iscrizione, iscrizione o lettera di accettazione dell\u2019Universit\u00e0 italiana; i cittadini stranieri, indipendentemente dalla residenza, e i cittadini italiani residenti all\u2019estero in grado di dimostrare la propria residenza all\u2019estero al momento della domanda (es.: iscrizione all\u2019AIRE, intestazione e pagamento di utenze, presentazione del pagamento della council tax, estratto conto bancario).<\/p>\n<p>La dichiarazione di valore richiesta per motivi di lavoro \u00e8 sempre a pagamento, sia per i cittadini italiani che per i cittadini stranieri.<\/p>\n<p>&nbsp;<\/p>\n<p><strong>Traduzione del titolo di studio<\/strong><\/p>\n<p>Ai fini del rilascio della Dichiarazione di Valore, l\u2019Ufficio Titoli di Studio non richiede n\u00e9 la traduzione del titolo, n\u00e9 della documentazione annessa.<\/p>\n<p><strong>Il Consolato non offre un servizio di traduzione<\/strong>. Se necessaria per altre finalit\u00e0, questo Consolato pu\u00f2 unicamente certificare la traduzione in italiano del titolo di studio, contestualmente al rilascio della Dichiarazione di Valore. A tal fine, oltre alla documentazione sopra elencata, sar\u00e0 necessario allegare nella stessa busta:<\/p>\n<p style=\"padding-left: 40px;\">1) Modulo di richiesta da parte del richiedente (clicca\u00a0<a href=\"https:\/\/consedimburgo.esteri.it\/it\/servizi-consolari-e-visti\/servizi-per-il-cittadino-italiano\/modulistica\/\"><strong>QUI<\/strong><\/a>), debitamente compilato e sottoscritto con firma autografa<\/p>\n<p style=\"padding-left: 40px;\">2)\u00a0Traduzione\u00a0in lingua italiana del titolo di studio<\/p>\n<p style=\"padding-left: 40px;\">3)\u00a0pagamento della tariffa consolare\u00a0(sempre dovuta) per la certificazione di traduzione in lingua italiana (art.72a TC) \u2013 per le tariffe consolari aggiornate clicca\u00a0<a href=\"https:\/\/consedimburgo.esteri.it\/it\/servizi-consolari-e-visti\/servizi-per-il-cittadino-italiano\/548-2\/\"><strong>QUI<\/strong><\/a>. Si consiglia di fare un unico pagamento, che includa le due tariffe.<\/p>\n<p>&nbsp;<\/p>\n<p><strong>Restituzione dei documenti<\/strong><\/p>\n<p>Se in Regno Unito, la documentazione verr\u00e0 restituita con la busta preindirizzata e preaffrancata da allegare alla domanda (vedi punto 5).<\/p>\n<p>Se al di fuori del Regno Unito, la documentazione verr\u00e0 restituita esclusivamente mediante spedizione internazionale tracciata o corriere internazionale a carico del ricevente. In questo caso, l\u2019Ufficio Titoli di Studio contatter\u00e0 il richiedente quando la Dichiarazione di Valore sar\u00e0 pronta per la spedizione, comunicandone le modalit\u00e0.<\/p>\n<p>&nbsp;<\/p>\n<p>Per eventuali informazioni si prega di inviare una e-mail al seguente indirizzo di posta elettronica: <a href=\"mailto:edimburgo.scuole@esteri.it\">edimburgo.scuole@esteri.it<\/a><br \/>\nNon si dar\u00e0 risposta a quei quesiti la cui risposta sia gi\u00e0 riportata nelle istruzioni di questa pagina.<\/p>\n","protected":false},"excerpt":{"rendered":"L\u2019Ufficio Titoli di Studio ha competenza unicamente per il rilascio di \u201cDichiarazioni di Valore\u201d relative a\u00a0Titoli di studio\/professionali\u00a0rilasciati esclusivamente da\u00a0Istituti di istruzione secondaria\/accademica o enti professionali ufficialmente riconosciuti, con sede nella circoscrizione di questo Consolato Generale (Scozia ed Irlanda del Nord). La procedura di riconoscimento in Italia dei titoli di studio britannici, sia per il [&hellip;]","protected":false},"author":6,"featured_media":0,"parent":407,"menu_order":3,"comment_status":"closed","ping_status":"closed","template":"","meta":{"footnotes":""},"class_list":["post-411","page","type-page","status-publish","hentry"],"_links":{"self":[{"href":"https:\/\/consedimburgo.esteri.it\/it\/wp-json\/wp\/v2\/pages\/411","targetHints":{"allow":["GET"]}}],"collection":[{"href":"https:\/\/consedimburgo.esteri.it\/it\/wp-json\/wp\/v2\/pages"}],"about":[{"href":"https:\/\/consedimburgo.esteri.it\/it\/wp-json\/wp\/v2\/types\/page"}],"author":[{"embeddable":true,"href":"https:\/\/consedimburgo.esteri.it\/it\/wp-json\/wp\/v2\/users\/6"}],"replies":[{"embeddable":true,"href":"https:\/\/consedimburgo.esteri.it\/it\/wp-json\/wp\/v2\/comments?post=411"}],"version-history":[{"count":8,"href":"https:\/\/consedimburgo.esteri.it\/it\/wp-json\/wp\/v2\/pages\/411\/revisions"}],"predecessor-version":[{"id":6688,"href":"https:\/\/consedimburgo.esteri.it\/it\/wp-json\/wp\/v2\/pages\/411\/revisions\/6688"}],"up":[{"embeddable":true,"href":"https:\/\/consedimburgo.esteri.it\/it\/wp-json\/wp\/v2\/pages\/407"}],"wp:attachment":[{"href":"https:\/\/consedimburgo.esteri.it\/it\/wp-json\/wp\/v2\/media?parent=411"}],"curies":[{"name":"wp","href":"https:\/\/api.w.org\/{rel}","templated":true}]}}