{"id":420,"date":"2023-05-12T15:30:53","date_gmt":"2023-05-12T13:30:53","guid":{"rendered":"https:\/\/consedimburgo.esteri.it\/?page_id=420"},"modified":"2024-09-25T14:28:07","modified_gmt":"2024-09-25T12:28:07","slug":"elenchi-dei-professionisti-di-riferimento-del-consolato-generale","status":"publish","type":"page","link":"https:\/\/consedimburgo.esteri.it\/it\/servizi-consolari-e-visti\/servizi-per-il-cittadino-italiano\/elenchi-dei-professionisti-di-riferimento-del-consolato-generale\/","title":{"rendered":"Elenchi dei professionisti di riferimento del Consolato Generale"},"content":{"rendered":"<ul>\n<li><a href=\"https:\/\/consedimburgo.esteri.it\/it\/servizi-consolari-e-visti\/servizi-per-il-cittadino-italiano\/elenchi-dei-professionisti-di-riferimento-del-consolato-generale\/traduttori-e-interpreti\/\"><strong>Traduttori e interpreti<\/strong><\/a><\/li>\n<li><a href=\"https:\/\/consedimburgo.esteri.it\/it\/servizi-consolari-e-visti\/servizi-per-il-cittadino-italiano\/elenchi-dei-professionisti-di-riferimento-del-consolato-generale\/avvocati\/\"><strong>Avvocati<\/strong><\/a><em><br \/>\n<\/em><\/li>\n<li><a href=\"https:\/\/consedimburgo.esteri.it\/it\/servizi-consolari-e-visti\/servizi-per-il-cittadino-italiano\/elenchi-dei-professionisti-di-riferimento-del-consolato-generale\/commercialisti\/\"><strong>Commercialisti<\/strong><\/a><\/li>\n<li><a href=\"https:\/\/consedimburgo.esteri.it\/it\/servizi-consolari-e-visti\/servizi-per-il-cittadino-italiano\/elenchi-dei-professionisti-di-riferimento-del-consolato-generale\/psicologi\/\"><strong>Psicologi<\/strong><em>\u00a0<\/em><\/a><\/li>\n<\/ul>\n<p>I nominativi sono riportati in ordine alfabetico e l&#8217;iscrizione\u00a0\u00e9 su richiesta degli interessati.<\/p>\n<p>Il Consolato Generale d\u2019Italia a Edimburgo non sottopone i professionisti a verifica la loro attivit\u00e0, n\u00e9 risponde per il loro operato. Il Consolato Generale non si assume pertanto alcuna responsabilit\u00e0 sulla qualit\u00e0 dei servizi prestati da detti professionisti, n\u00e9 sugli esiti di eventuali rapporti intercorsi tra essi e l&#8217;utenza. Questo Consolato Generale declina ogni responsabilit\u00e0 da danni derivanti da imprecisioni od omissioni nei dati personali forniti dai professionisti.<\/p>\n<p><strong>Richieste di iscrizione e di mantenimento del nominativo in uno degli elenchi<\/strong><\/p>\n<p>Gli elenchi dei professionisti di riferimento del Consolato Generale sono da intendersi come non esaustivi e aperti ad integrazioni su richiesta degli interessati.<\/p>\n<p>I professionisti che intendono mantenere il proprio nominativo in uno degli elenchi dei professionisti di riferimento, o desiderino sottoporre la propria candidatura per l\u2019inserimento, dovranno far pervenire questo Consolato Generale i seguenti documenti:<\/p>\n<ul>\n<li>modulo di richiesta (vedi <a href=\"https:\/\/consedimburgo.esteri.it\/it\/servizi-consolari-e-visti\/servizi-per-il-cittadino-italiano\/modulistica\/\">Modulistica<\/a>) compilato in ogni sua parte e sottoscritto;<\/li>\n<li>copia di un documento di identit\u00e0;<\/li>\n<li>curriculum professionale;<\/li>\n<li>documentazione comprovante l\u2019iscrizione all\u2019albo britannico per l\u2019esercizio della relativa professione.<\/li>\n<\/ul>\n<p>La documentazione potr\u00e0 essere inoltrata all\u2019indirizzo e-mail\u00a0<a href=\"mailto:consolato.edimburgo@esteri.it?subject=Candidatura%20elenchi%20professionisti\">consolato.edimburgo@esteri.it<\/a>, oppure inviata via posta (Italy House | 20-22 East London Street | Edinburgh &#8211; EH7 4BQ).<\/p>\n<p>Nell\u2019inviare la documentazione, il professionista autorizzer\u00e0 questo Consolato al trattamento dei dati personali ai sensi del Regolamento Generale sulla Protezione dei Dati (UE) 2016\/679 ed alla relativa pubblicazione sul sito.<\/p>\n<p>Si specifica che il Consolato si riserva di accertare la veridicit\u00e0 di tale documentazione.<\/p>\n<p>Il consolato si riserva di verificare periodicamente il possesso dei requisiti richiesti ai singoli professionisti, nonch\u00e9 la loro reperibilit\u00e0. In caso di irreperibilit\u00e0 o di sopravvenuta mancanza dei requisiti, il nominativo del professionista verr\u00e0 cancellato dalla lista, anche senza preavviso.<\/p>\n<p>Si ricorda che gli elenchi non vanno confusi con quelli dei professionisti cosiddetti \u201cdi fiducia\u201d, cui la Sede conferisce incarichi con specifico provvedimento e che fanno diretto riferimento alla Sede stessa.<\/p>\n","protected":false},"excerpt":{"rendered":"Traduttori e interpreti Avvocati Commercialisti Psicologi\u00a0 I nominativi sono riportati in ordine alfabetico e l&#8217;iscrizione\u00a0\u00e9 su richiesta degli interessati. Il Consolato Generale d\u2019Italia a Edimburgo non sottopone i professionisti a verifica la loro attivit\u00e0, n\u00e9 risponde per il loro operato. Il Consolato Generale non si assume pertanto alcuna responsabilit\u00e0 sulla qualit\u00e0 dei servizi prestati da [&hellip;]","protected":false},"author":6,"featured_media":0,"parent":59,"menu_order":15,"comment_status":"closed","ping_status":"closed","template":"","meta":{"footnotes":""},"class_list":["post-420","page","type-page","status-publish","hentry"],"_links":{"self":[{"href":"https:\/\/consedimburgo.esteri.it\/it\/wp-json\/wp\/v2\/pages\/420","targetHints":{"allow":["GET"]}}],"collection":[{"href":"https:\/\/consedimburgo.esteri.it\/it\/wp-json\/wp\/v2\/pages"}],"about":[{"href":"https:\/\/consedimburgo.esteri.it\/it\/wp-json\/wp\/v2\/types\/page"}],"author":[{"embeddable":true,"href":"https:\/\/consedimburgo.esteri.it\/it\/wp-json\/wp\/v2\/users\/6"}],"replies":[{"embeddable":true,"href":"https:\/\/consedimburgo.esteri.it\/it\/wp-json\/wp\/v2\/comments?post=420"}],"version-history":[{"count":6,"href":"https:\/\/consedimburgo.esteri.it\/it\/wp-json\/wp\/v2\/pages\/420\/revisions"}],"predecessor-version":[{"id":3533,"href":"https:\/\/consedimburgo.esteri.it\/it\/wp-json\/wp\/v2\/pages\/420\/revisions\/3533"}],"up":[{"embeddable":true,"href":"https:\/\/consedimburgo.esteri.it\/it\/wp-json\/wp\/v2\/pages\/59"}],"wp:attachment":[{"href":"https:\/\/consedimburgo.esteri.it\/it\/wp-json\/wp\/v2\/media?parent=420"}],"curies":[{"name":"wp","href":"https:\/\/api.w.org\/{rel}","templated":true}]}}