{"id":4708,"date":"2025-06-09T18:05:01","date_gmt":"2025-06-09T16:05:01","guid":{"rendered":"https:\/\/consedimburgo.esteri.it\/?page_id=4708"},"modified":"2026-03-11T18:13:36","modified_gmt":"2026-03-11T17:13:36","slug":"dichiarazione-di-volonta","status":"publish","type":"page","link":"https:\/\/consedimburgo.esteri.it\/it\/servizi-consolari-e-visti\/servizi-per-il-cittadino-italiano\/stato-civile\/per-registrare-il-certificato-di-nascita\/dichiarazione-di-volonta\/","title":{"rendered":"Dichiarazione di volont\u00e0"},"content":{"rendered":"<h4>Modalit\u00e0 di presentazione della <u>Dichiarazione di Volont\u00e0<\/u><strong> entro tre anni dalla nascita del minore <\/strong>(o dal giorno successivo in cui \u00e8 stata stabilita la filiazione, anche adottiva, durante la minore et\u00e0)<\/h4>\n<p><strong>La dichiarazione di volont\u00e0 di acquisto della cittadinanza deve essere formale e avvenire di persona, alla presenza di dipendente delegato all\u2019esercizio delle funzioni di stato civile.<\/strong> Se i genitori non rendono la dichiarazione contestualmente, il requisito di legge si considera soddisfatto alla data in cui \u00e8 presentata la dichiarazione del secondo genitore. Se la filiazione (anche adottiva) \u00e8 stabilita nei confronti di una sola persona (o se l\u2019altro genitore \u00e8 deceduto), sar\u00e0 sufficiente la dichiarazione di un solo genitore (la responsabilit\u00e0 di fornire una valida prova documentale di tale circostanza \u00e8 <u>esclusivamente a carico del richiedente<\/u>).<\/p>\n<p>La dichiarazione di acquisto si effettua in Consolato su appuntamento ed \u00e8 soggetta alla verifica delle condizioni di legge sopra illustrate.<br \/>\nA partire dal 1\u00b0 gennaio 2026, per le Dichiarazioni di Volont\u00e0 di cui al paragrafo precedente \u00e8 prevista la gratuit\u00e0. Questa modifica <u>non ha carattere retroattivo<\/u> e per questa ragione vale per le sole istanze presentate a partire dal 1\u00b0 gennaio 2026. <u>Non \u00e8 previsto alcun rimborso per le istanze gi\u00e0 presentate.<\/u><\/p>\n<p><u><br \/>\n<\/u>Nel caso di <strong>stabilimento della residenza legale del minore in Italia<\/strong>, la dichiarazione pu\u00f2 essere presentata anche successivamente al termine di un anno dalla nascita, ma la residenza deve perdurare per almeno due anni continuativi dopo la dichiarazione di volont\u00e0 di acquisto della cittadinanza presentata dai genitori. <strong>Tale caso esula tuttavia dalla competenza del Consolato ed \u00e8 rimesso esclusivamente ai Comuni.<\/strong><\/p>\n<p>Per fissare un appuntamento per presentare la Dichiarazione di Volont\u00e0, mandare un\u2019email con oggetto \u201cDichiarazione di Volont\u00e0\u201d all\u2019Ufficio cittadinanza (<a href=\"mailto:cittadinanza.edimburgo@esteri.it\">cittadinanza.edimburgo@esteri.it<\/a>) allegando in formato PDF quanto segue:<\/p>\n<ol>\n<li>Atto di nascita di almeno un genitore, rilasciato dal competente Comune italiano;<\/li>\n<li>Certificato di cittadinanza italiana di almeno un genitore, rilasciato dal competente Comune italiano e con l\u2019<u>indicazione della data di\u00a0<\/u><u>acquisto della cittadinanza italiana<\/u>;<\/li>\n<li>Atto integrale di nascita del minore rilasciato dalle competenti autorit\u00e0 britanniche munito di apostille e traduzione certificata (vedi <a href=\"https:\/\/consedimburgo.esteri.it\/it\/servizi-consolari-e-visti\/servizi-per-il-cittadino-straniero\/traduzione-e-legalizzazione-dei-documenti\/\">QUI<\/a>). Se del caso, includere anche uno dei seguenti (regolarmente muniti di apostille e traduzione certificata laddove necessario):\n<ul>\n<li>Riconoscimento di filiazione;<\/li>\n<li>Dichiarazione giudiziale di filiazione;<\/li>\n<li>Provvedimento di adozione;<\/li>\n<li>Documentazione comprovante la qualit\u00e0 di tutore o la condizione di unico genitore del\/della minore;<\/li>\n<\/ul>\n<\/li>\n<li>Passaporto britannico del minore, o in sua assenza, certificato di cittadinanza britannica del\/della minore munito di apostille e traduzione certificata (vedi <a href=\"https:\/\/consedimburgo.esteri.it\/it\/servizi-consolari-e-visti\/servizi-per-il-cittadino-straniero\/traduzione-e-legalizzazione-dei-documenti\/\">QUI<\/a>)<\/li>\n<li>Recente prova di indirizzo (non pi\u00f9 vecchia di tre mesi): bolletta, council tax, o estratto conto bancario;<\/li>\n<li>Passaporti dei genitori (italiani e stranieri) e qualsiasi altro passaporto straniero in possesso del\/della minore.<\/li>\n<\/ol>\n<p>Laddove ci si avvalga della\u00a0<strong>norma transitoria<\/strong>\u00a0<strong>(art. 1, c. 1-ter del D.L. n. 36\/2025)<\/strong>, il figlio dovr\u00e0 essere di\u00a0<strong><u>minore et\u00e0 alla data del 24 maggio 2025<\/u>\u00a0<\/strong>e la dichiarazione dovr\u00e0 essere regolarmente sottoscritta da entrambi i genitori\u00a0<u>entro il 31 maggio 2029<\/u>\u00a0(\u00e8 esclusiva responsabilit\u00e0 del richiedente organizzarsi per tempo).\u00a0<strong>Includere<\/strong>, oltre a quanto sopra indicato, anche:<\/p>\n<ol>\n<li>Regolare certificazione originale comprovante che il genitore cittadino per nascita \u00e8 stato riconosciuto come tale sulla base di domanda amministrativa o giudiziale presentata entro le 23:59 (ora di Roma) del 27 marzo 2025, o sulla base di domanda di riconoscimento della cittadinanza italiana presentata sulla base di appuntamento comunicato dall\u2019Ufficio consolare o dal Comune entro la medesima data.\n<ul>\n<li>Se l\u2019interessato, minorenne alla data del 24 maggio 2025, diviene nel frattempo maggiorenne, la dichiarazione dovr\u00e0 essere presentata da lui personalmente <u>entro il 31 maggio 2029<\/u>.<\/li>\n<\/ul>\n<\/li>\n<\/ol>\n<p>&nbsp;<\/p>\n<p><strong>NOTA BENE: <\/strong>l&#8217;Ufficio consolare si riserva il diritto di richiedere documentazione aggiuntiva o integrazioni laddove sia ritenuto necessario per il corretto svolgimento della pratica.<\/p>\n<p><strong>Tutta<\/strong> la documentazione dovr\u00e0 essere presentata in originale il giorno dell\u2019appuntamento.<\/p>\n<p><strong>N.B.<\/strong>\u00a0Non \u00e8 possibile fissare appuntamenti telefonicamente.<\/p>\n","protected":false},"excerpt":{"rendered":"Modalit\u00e0 di presentazione della Dichiarazione di Volont\u00e0 entro tre anni dalla nascita del minore (o dal giorno successivo in cui \u00e8 stata stabilita la filiazione, anche adottiva, durante la minore et\u00e0) La dichiarazione di volont\u00e0 di acquisto della cittadinanza deve essere formale e avvenire di persona, alla presenza di dipendente delegato all\u2019esercizio delle funzioni di [&hellip;]","protected":false},"author":6,"featured_media":0,"parent":345,"menu_order":0,"comment_status":"closed","ping_status":"closed","template":"","meta":{"footnotes":""},"class_list":["post-4708","page","type-page","status-publish","hentry"],"_links":{"self":[{"href":"https:\/\/consedimburgo.esteri.it\/it\/wp-json\/wp\/v2\/pages\/4708","targetHints":{"allow":["GET"]}}],"collection":[{"href":"https:\/\/consedimburgo.esteri.it\/it\/wp-json\/wp\/v2\/pages"}],"about":[{"href":"https:\/\/consedimburgo.esteri.it\/it\/wp-json\/wp\/v2\/types\/page"}],"author":[{"embeddable":true,"href":"https:\/\/consedimburgo.esteri.it\/it\/wp-json\/wp\/v2\/users\/6"}],"replies":[{"embeddable":true,"href":"https:\/\/consedimburgo.esteri.it\/it\/wp-json\/wp\/v2\/comments?post=4708"}],"version-history":[{"count":6,"href":"https:\/\/consedimburgo.esteri.it\/it\/wp-json\/wp\/v2\/pages\/4708\/revisions"}],"predecessor-version":[{"id":6859,"href":"https:\/\/consedimburgo.esteri.it\/it\/wp-json\/wp\/v2\/pages\/4708\/revisions\/6859"}],"up":[{"embeddable":true,"href":"https:\/\/consedimburgo.esteri.it\/it\/wp-json\/wp\/v2\/pages\/345"}],"wp:attachment":[{"href":"https:\/\/consedimburgo.esteri.it\/it\/wp-json\/wp\/v2\/media?parent=4708"}],"curies":[{"name":"wp","href":"https:\/\/api.w.org\/{rel}","templated":true}]}}