{"id":4932,"date":"2025-06-18T16:45:27","date_gmt":"2025-06-18T14:45:27","guid":{"rendered":"https:\/\/consedimburgo.esteri.it\/?page_id=4932"},"modified":"2025-06-18T16:49:09","modified_gmt":"2025-06-18T14:49:09","slug":"modalita-di-riacquisto","status":"publish","type":"page","link":"https:\/\/consedimburgo.esteri.it\/it\/servizi-consolari-e-visti\/servizi-per-il-cittadino-straniero\/cittadinanza\/riacquisto-possesso-ininterrotto-della-cittadinanza\/modalita-di-riacquisto\/","title":{"rendered":"Modalit\u00e0 di riacquisto"},"content":{"rendered":"<p><strong>La dichiarazione di riacquisto da parte dell\u2019ex cittadino pu\u00f2 essere presentata tra il 1\u00b0 luglio 2025 e il 31 dicembre 2027.<\/strong><\/p>\n<p>La dichiarazione deve essere resa dall\u2019interessato di persona in Consolato.\u00a0L\u2019ex cittadino riacquista la cittadinanza italiana dal giorno successivo alla dichiarazione. <span style=\"text-decoration: underline;\">La dichiarazione di riacquisto non ha effetto retroattivo<\/span>: dal giorno della perdita della cittadinanza (per i naturalizzati stranieri il giorno successivo all\u2019acquisto volontario della cittadinanza straniera) fino al giorno in cui \u00e8 presentata la dichiarazione di riacquisto, l\u2019interessato \u00e8 considerato straniero a tutti gli effetti di legge.<\/p>\n<p>Il riacquisto della cittadinanza comporta il riacquisto di diritti ed obblighi propri dello stato di cittadinanza, tra cui si segnalano:<\/p>\n<ul>\n<li>l\u2019obbligo di <strong>iscrizione anagrafica<\/strong> (AIRE);<\/li>\n<li>l\u2019obbligo di <strong>aggiornare la propria posizione di stato civile<\/strong> (ad esempio, fornendo l\u2019atto di matrimonio, gli atti con i quali i matrimoni precedenti sono stati sciolti, eccetera);<\/li>\n<li>il diritto di essere <strong>iscritto alle liste elettorali<\/strong>;<\/li>\n<li>il diritto di ottenere il passaporto e la carta di identit\u00e0.<\/li>\n<\/ul>\n<p><strong>Il riacquisto della cittadinanza da parte della persona residente all\u2019estero non comporta pi\u00f9 l\u2019automatico acquisto della cittadinanza da parte del figlio minorenne convivente, se residente all\u2019estero.<\/strong> Per tale acquisto \u00e8 ora necessario che il figlio minorenne sia <span style=\"text-decoration: underline;\">convivente in Italia<\/span> con il genitore che riacquista la cittadinanza <span style=\"text-decoration: underline;\">per almeno due anni anteriormente al riacquisto<\/span>.<br \/>\nPertanto, i figli (minorenni o, a maggior ragione, maggiorenni) residenti all\u2019estero e nati prima del riacquisto della cittadinanza del genitore <span style=\"text-decoration: underline;\">non acquistano<\/span> la cittadinanza italiana. Tuttavia, <span style=\"text-decoration: underline;\">se il genitore era originariamente cittadino italiano per nascita, il figlio nato prima del riacquisto potr\u00e0 acquistare la cittadinanza italiana con la residenza in Italia<\/span> (articolo 4, comma 1, lettera c, o articolo 9, comma 1, lettera a, della legge n. 91\/1992).<br \/>\nPoich\u00e9 il genitore che riacquista la cittadinanza non \u00e8 pi\u00f9 un cittadino per nascita, non \u00e8 invece possibile presentare, la dichiarazione di cui all\u2019articolo 4, comma 1-bis, della legge n. 91\/1992 per la registrazione, entro un anno dallo stabilimento della filiazione, dei figli minorenni nati prima del riacquisto della cittadinanza da parte del genitore. Ugualmente non pu\u00f2 essere applicata l\u2019articolo 1, comma 1-ter, del decreto legge n. 36\/2025 per la registrazione dei figli minorenni al 24 maggio 2025 (data di entrata in vigore della legge n. 74\/2025).<\/p>\n<h4><strong>Per prenotare un appuntamento<\/strong><\/h4>\n<p>Inviare un&#8217;email a <a href=\"mailto:cittadinanza.edimburgo@esteri.it\">cittadinanza.edimburgo@esteri.it<\/a> con oggetto &#8220;Riacquisto della cittadinanza italiana&#8221; allegando in formato PDF quanto indicato di seguito:<\/p>\n<ol>\n<li>Valido <strong>documento di identit\u00e0<\/strong> emesso dall\u2019autorit\u00e0 del Paese di attuale cittadinanza;<\/li>\n<li><strong>Prova di indirizzo:<\/strong>\u00a0bolletta, council tax, estratto conto bancario, lettera del GP o NHS, non pi\u00f9 vecchi di tre mesi alla data dell\u2019appuntamento;<\/li>\n<li><strong>Atto di nascita <\/strong>originale, che nel caso di nati all\u2019estero dovr\u00e0 essere presentato nelle forme previste per la trascrizione in Italia (apostille e traduzione certificata, vedi <a href=\"https:\/\/consedimburgo.esteri.it\/it\/servizi-consolari-e-visti\/servizi-per-il-cittadino-straniero\/traduzione-e-legalizzazione-dei-documenti\/\"><strong>QUI<\/strong><\/a>);<\/li>\n<li><span style=\"text-decoration: underline;\">Solo per i nati all\u2019estero<\/span>, <strong>Certificato storico di residenza<\/strong> rilasciato dal competente Comune Italiano attestante la residenza in Italia per almeno due anni continuativi;<\/li>\n<li><strong>Certificato storico di cittadinanza<\/strong> rilasciato dal competente Comune Italiano attestante il precedente possesso della cittadinanza italiana;<\/li>\n<li><strong>Certificato di cittadinanza\/naturalizzazione\u00a0<\/strong>originale rilasciato dalle competenti autorit\u00e0 britanniche munito di apostille e traduzione certificata) vedi <a href=\"https:\/\/consedimburgo.esteri.it\/it\/servizi-consolari-e-visti\/servizi-per-il-cittadino-straniero\/traduzione-e-legalizzazione-dei-documenti\/\"><strong>QUI<\/strong><\/a>);<\/li>\n<li>Se del caso, documentazione atta a dimostrare la <strong>rinuncia alla cittadinanza italiana<\/strong>;<\/li>\n<\/ol>\n<p><strong>N.B.<\/strong> Non sar\u00e0 possibile ricorrere all\u2019utilizzo delle dichiarazioni sostitutive di cui agli articoli 46 e 47 del D.P.R. 28 dicembre 2000, n. 445 in sostituzione della documentazione di cui sopra.<\/p>\n<p>Il giorno dell&#8217;appuntamento, il richiedente \u00e8 tenuto al versamento (in Sterline) del diritto consolare pari ad euro 250 (art. 7-ter\u00a0\u2013 vedi\u00a0<a href=\"https:\/\/consedimburgo.esteri.it\/it\/servizi-consolari-e-visti\/servizi-per-il-cittadino-italiano\/548-2\/\"><strong>Tariffe Consolari<\/strong><\/a>).<\/p>\n","protected":false},"excerpt":{"rendered":"La dichiarazione di riacquisto da parte dell\u2019ex cittadino pu\u00f2 essere presentata tra il 1\u00b0 luglio 2025 e il 31 dicembre 2027. La dichiarazione deve essere resa dall\u2019interessato di persona in Consolato.\u00a0L\u2019ex cittadino riacquista la cittadinanza italiana dal giorno successivo alla dichiarazione. La dichiarazione di riacquisto non ha effetto retroattivo: dal giorno della perdita della cittadinanza [&hellip;]","protected":false},"author":6,"featured_media":0,"parent":515,"menu_order":0,"comment_status":"closed","ping_status":"closed","template":"","meta":{"footnotes":""},"class_list":["post-4932","page","type-page","status-publish","hentry"],"_links":{"self":[{"href":"https:\/\/consedimburgo.esteri.it\/it\/wp-json\/wp\/v2\/pages\/4932","targetHints":{"allow":["GET"]}}],"collection":[{"href":"https:\/\/consedimburgo.esteri.it\/it\/wp-json\/wp\/v2\/pages"}],"about":[{"href":"https:\/\/consedimburgo.esteri.it\/it\/wp-json\/wp\/v2\/types\/page"}],"author":[{"embeddable":true,"href":"https:\/\/consedimburgo.esteri.it\/it\/wp-json\/wp\/v2\/users\/6"}],"replies":[{"embeddable":true,"href":"https:\/\/consedimburgo.esteri.it\/it\/wp-json\/wp\/v2\/comments?post=4932"}],"version-history":[{"count":4,"href":"https:\/\/consedimburgo.esteri.it\/it\/wp-json\/wp\/v2\/pages\/4932\/revisions"}],"predecessor-version":[{"id":4941,"href":"https:\/\/consedimburgo.esteri.it\/it\/wp-json\/wp\/v2\/pages\/4932\/revisions\/4941"}],"up":[{"embeddable":true,"href":"https:\/\/consedimburgo.esteri.it\/it\/wp-json\/wp\/v2\/pages\/515"}],"wp:attachment":[{"href":"https:\/\/consedimburgo.esteri.it\/it\/wp-json\/wp\/v2\/media?parent=4932"}],"curies":[{"name":"wp","href":"https:\/\/api.w.org\/{rel}","templated":true}]}}