{"id":599,"date":"2023-05-19T14:11:09","date_gmt":"2023-05-19T12:11:09","guid":{"rendered":"https:\/\/consedimburgo.esteri.it\/?page_id=599"},"modified":"2026-02-26T14:21:32","modified_gmt":"2026-02-26T13:21:32","slug":"richiedere-il-passaporto-italiano-minori-da-12-17-anni","status":"publish","type":"page","link":"https:\/\/consedimburgo.esteri.it\/it\/servizi-consolari-e-visti\/servizi-per-il-cittadino-italiano\/passaporti-e-carte-didentita\/richiedere-il-passaporto-italiano-minori-da-12-17-anni\/","title":{"rendered":"Richiedere il passaporto italiano (minori da 12 &#8211; 17 anni)"},"content":{"rendered":"<p><strong>Tuo figlio ha diritto al passaporto italiano?<\/strong><\/p>\n<p>Il minorenne deve essere in possesso della cittadinanza italiana per aver diritto al rilascio del passaporto.<\/p>\n<p>Per richiedere il passaporto presso questo consolato, il minorenne deve essere residente in Scozia o Irlanda del Nord e deve essere regolarmente registrato presso questo ufficio, nonch\u00e9 al comune AIRE di riferimento di uno dei genitori. Per informazioni relative all&#8217;iscrizione AIRE del minore consulta la sezione Anagrafe (clicca <a href=\"https:\/\/consedimburgo.esteri.it\/it\/servizi-consolari-e-visti\/servizi-per-il-cittadino-italiano\/anagrafe-degli-italiani-residenti-allestero-aire\/\"><strong>QUI<\/strong><\/a>).<\/p>\n<p>Eccezionalmente il passaporto pu\u00f2 essere richiesto dai cittadini italiani non iscritti in AIRE per i quali questo Consolato deve preventivamente acquisire il Nulla Osta e Delega al rilascio da parte della Questura italiana competente.<\/p>\n<p>&nbsp;<\/p>\n<p><strong>AVVERTENZE<\/strong><\/p>\n<p>PER I MINORI CHE:<\/p>\n<ul>\n<li>Sono nati all\u2019estero (non in Italia)<\/li>\n<li>Hanno acquisito la cittadinanza italiana all\u2019estero o in Italia (ma non tramite il Consolato Generale d\u2019Italia in Edimburgo)<\/li>\n<\/ul>\n<p>Prima di avviare la procedura di richiesta del passaporto italiano, occorre assicurarsi che il relativo atto di nascita sia stato registrato presso il competente Comune di iscrizione A.I.R.E.<\/p>\n<p>Quanto sopra si applica a tutti i minori, inclusi coloro che sono gi\u00e0 in possesso di precedente passaporto italiano.<\/p>\n<p>Per le informazioni inerenti la registrazione degli atti di nascita, la cui competenza \u00e8 dell&#8217;Ufficio di Stato Civile,\u00a0clicca <a href=\"https:\/\/consedimburgo.esteri.it\/it\/servizi-consolari-e-visti\/servizi-per-il-cittadino-italiano\/stato-civile\/\"><strong>QUI<\/strong><\/a>.<\/p>\n<p>&nbsp;<\/p>\n<p><strong>DURATA e VALIDITA&#8217; DEL PASSAPORTO:<\/strong><\/p>\n<p>Il passaporto biometrico \u00e8 un documento di identit\u00e0 provvisto di microchip, all\u2019interno del quale, oltre ai dati anagrafici, saranno memorizzate anche la foto e le impronte digitali del titolare. Sono esentati dalla rilevazione delle impronte digitali le persone affette da malattia o altro impedimento &#8211; certificate con le modalit\u00e0 previste dalla legge &#8211; e i minori di 12 anni.<\/p>\n<p>Validit\u00e0 del passaporto biometrico:<strong>\u00a05 anni<\/strong><\/p>\n<p>&nbsp;<\/p>\n<p><strong>COME RICHIEDERE IL PASSAPORTO PER UN MINORENNE (12 \u2013 17 anni)<\/strong><\/p>\n<p><strong>DI PERSONA<\/strong>\u00a0presso questo ufficio previo appuntamento &#8211;\u00a0<strong>l&#8217;Ufficio Passaporti riceve esclusivamente su appuntamento. L&#8217;appuntamento andr\u00e0 prenotato utilizzando l&#8217;account <a href=\"https:\/\/prenotami.esteri.it\/\" target=\"_blank\" rel=\"noopener\">Prenot@mi<\/a> di uno dei due genitori e selezionando dal men\u00f9 <em>tipo prenotazione<\/em> l&#8217;opzione &#8220;prenota per altre persone&#8221;.\u00a0 <\/strong><\/p>\n<p>Di seguito, la documentazione da esibire all&#8217;appuntamento:<\/p>\n<ul>\n<li>Domanda di rilascio del passaporto per minorenni MOD2 (vedi\u00a0<a href=\"https:\/\/consedimburgo.esteri.it\/it\/servizi-consolari-e-visti\/servizi-per-il-cittadino-italiano\/modulistica\/\">Modulistica<\/a>)<\/li>\n<li>Fotocopie di un valido documento di identit\u00e0 di entrambi i genitori<\/li>\n<li>Atto di assenso (vedi <a href=\"https:\/\/consedimburgo.esteri.it\/it\/servizi-consolari-e-visti\/servizi-per-il-cittadino-italiano\/modulistica\/\">Modulistica<\/a>)<\/li>\n<li>1 fotografia formato tessera acquisita da non oltre 6 mesi, conforme agli standard internazionali ICAO (clicca <a href=\"https:\/\/consedimburgo.esteri.it\/wp-content\/uploads\/2023\/05\/photograph_guidelines_it.pdf\"><strong>QUI<\/strong><\/a>)<\/li>\n<li>Pagamento. Vedi <a href=\"https:\/\/consedimburgo.esteri.it\/it\/servizi-consolari-e-visti\/servizi-per-il-cittadino-italiano\/548-2\/\">Tariffe consolari<\/a><\/li>\n<li>Eventuale passaporto originale in scadenza, scaduto o danneggiato<\/li>\n<li>in caso di smarrimento\/furto\/danneggiamento del passaporto: denuncia resa alle autorit\u00e0 di polizia locali &amp; formulario di denuncia (vedi <a href=\"https:\/\/consedimburgo.esteri.it\/it\/servizi-consolari-e-visti\/servizi-per-il-cittadino-italiano\/modulistica\/\">Modulistica<\/a>)<\/li>\n<\/ul>\n<p>&nbsp;<\/p>\n<p>Per accelerare l&#8217;iter della pratica si prega di verificare di avere a disposizione, al momento della presentazione della domanda, tutti i documenti indicati nella checklist. Per scaricare il modello di domanda e la checklist (vedi <a href=\"https:\/\/consedimburgo.esteri.it\/it\/servizi-consolari-e-visti\/servizi-per-il-cittadino-italiano\/modulistica\/\">Modulistica<\/a>).<\/p>\n<p>&nbsp;<\/p>\n<p><strong>AVVERTENZE<\/strong><\/p>\n<p><strong>Assensi di entrambi i genitori:<\/strong><\/p>\n<ul>\n<li>Il MOD2 va firmato da entrambi i genitori. E\u2019 necessario anche in caso di coppie non sposate, separate o divorziate ed anche se i figli minori sono titolari di passaporto individuale. In mancanza, \u00e8 possibile presentare separatamente il Modulo Atto di Assenso (vedi\u00a0<a href=\"https:\/\/consedimburgo.esteri.it\/it\/servizi-consolari-e-visti\/servizi-per-il-cittadino-italiano\/modulistica\/\">Modulistica<\/a>), purch\u00e9 redatto correttamente. In entrambi i casi, sar\u00e0 necessario presentare un documento di riconoscimento dei genitori con foto e firma (e.g. passaporto o carta identit\u00e0), accertandosi che la firma sul documento d\u2019identit\u00e0 combaci alla perfezione con quella sul modulo.<\/li>\n<li>Se uno dei genitori \u00e8 di cittadinanza non comunitaria (cittadino di stato non membro dell\u2019UE), il modulo di richiesta deve essere firmato di persona durante l&#8217;appuntamento;<\/li>\n<li>Se uno dei genitori \u00e8 di cittadinanza non comunitaria\u00a0(cittadino di stato non membro dell&#8217;UE) ed \u00e8 impossibilitato a presentarsi di persona deve firmare la dichiarazione di assenso alla presenza di un Pubblico Ufficiale in Italia oppure si deve recare a firmare l\u2019assenso presso l&#8217;Ambasciata o il Consolato italiano presente nel Paese estero dove si trova.<\/li>\n<li>Nel caso in cui non sia possibile ottenere l\u2019assenso da parte dell\u2019altro genitore sar\u00e0 necessario un <a href=\"https:\/\/consedimburgo.esteri.it\/it\/servizi-consolari-e-visti\/servizi-per-il-cittadino-italiano\/istanze-al-giudice-tutelare\/\">decreto del Giudice tutelare<\/a>. Il Console Generale di Edimburgo esercita le funzioni di Giudice tutelare per i minori residenti\/iscritti nella circoscrizione di Edimburgo. Se invece il minore \u00e8 residente in Italia, \u00e8 competente il Tribunale dei Minori.<\/li>\n<li>In caso di mancata presenza (morte) di uno dei genitori, dovr\u00e0 essere presentata una copia originale del certificato di morte. Se il decesso \u00e8 avvenuto in un paese che non sia il Regno Unito o l&#8217;Italia, questo dovr\u00e0 essere presentato esclusivamente con traduzione autenticata in Italiano o in formato plurilingue.<\/li>\n<\/ul>\n<p>&nbsp;<\/p>\n<p><strong>Costi e modalit\u00e0 di pagamento<\/strong><\/p>\n<p>Il costo del passaporto \u00e8 soggetto a fluttuazioni trimestrali dovute al cambio Euro\/GBP. Per il costo attuale del passaporto (vedi\u00a0<a href=\"https:\/\/consedimburgo.esteri.it\/it\/servizi-consolari-e-visti\/servizi-per-il-cittadino-italiano\/548-2\/\">Tariffe consolari<\/a>)<\/p>\n<p>Il pagamento pu\u00f2 essere effettuato tramite:<\/p>\n<ul>\n<li>Contante<\/li>\n<li>Carta di debito britannica, unicamente con tesserino (no app)<\/li>\n<li>Postal Order, intestato a &#8220;Italian Consulate General&#8221; (si prega di indicare il cognome sul retro del suddetto Postal order)<\/li>\n<\/ul>\n<p><strong>Tempistiche:<\/strong><\/p>\n<p>Se il minore \u00e8 regolarmente registrato presso questo Consolato, se la domanda \u00e8 completa e se la situazione anagrafica e di Stato Civile sono aggiornate, il passaporto verr\u00e0 rilasciato a vista il giorno dell\u2019appuntamento. Qualora la domanda non fosse formulata correttamente, o siano necessarie integrazioni di atti di Stato Civile, o ulteriori verifiche da parte delle autorit\u00e0 italiane, la pratica subir\u00e0 necessariamente dei ritardi non imputabili a questo ufficio.<\/p>\n<p>&nbsp;<\/p>\n<p><a href=\"https:\/\/prenotami.esteri.it\/\"><strong>CLICCA QUI PER PRENOTARE UN APPUNTAMENTO<\/strong><\/a><\/p>\n","protected":false},"excerpt":{"rendered":"Tuo figlio ha diritto al passaporto italiano? Il minorenne deve essere in possesso della cittadinanza italiana per aver diritto al rilascio del passaporto. Per richiedere il passaporto presso questo consolato, il minorenne deve essere residente in Scozia o Irlanda del Nord e deve essere regolarmente registrato presso questo ufficio, nonch\u00e9 al comune AIRE di riferimento [&hellip;]","protected":false},"author":6,"featured_media":0,"parent":67,"menu_order":3,"comment_status":"closed","ping_status":"closed","template":"","meta":{"footnotes":""},"class_list":["post-599","page","type-page","status-publish","hentry"],"_links":{"self":[{"href":"https:\/\/consedimburgo.esteri.it\/it\/wp-json\/wp\/v2\/pages\/599","targetHints":{"allow":["GET"]}}],"collection":[{"href":"https:\/\/consedimburgo.esteri.it\/it\/wp-json\/wp\/v2\/pages"}],"about":[{"href":"https:\/\/consedimburgo.esteri.it\/it\/wp-json\/wp\/v2\/types\/page"}],"author":[{"embeddable":true,"href":"https:\/\/consedimburgo.esteri.it\/it\/wp-json\/wp\/v2\/users\/6"}],"replies":[{"embeddable":true,"href":"https:\/\/consedimburgo.esteri.it\/it\/wp-json\/wp\/v2\/comments?post=599"}],"version-history":[{"count":6,"href":"https:\/\/consedimburgo.esteri.it\/it\/wp-json\/wp\/v2\/pages\/599\/revisions"}],"predecessor-version":[{"id":6706,"href":"https:\/\/consedimburgo.esteri.it\/it\/wp-json\/wp\/v2\/pages\/599\/revisions\/6706"}],"up":[{"embeddable":true,"href":"https:\/\/consedimburgo.esteri.it\/it\/wp-json\/wp\/v2\/pages\/67"}],"wp:attachment":[{"href":"https:\/\/consedimburgo.esteri.it\/it\/wp-json\/wp\/v2\/media?parent=599"}],"curies":[{"name":"wp","href":"https:\/\/api.w.org\/{rel}","templated":true}]}}