{"id":601,"date":"2023-05-19T15:00:15","date_gmt":"2023-05-19T13:00:15","guid":{"rendered":"https:\/\/consedimburgo.esteri.it\/?page_id=601"},"modified":"2025-10-06T10:26:59","modified_gmt":"2025-10-06T08:26:59","slug":"richiedere-il-passaporto-italiano-minori-da-0-12-anni","status":"publish","type":"page","link":"https:\/\/consedimburgo.esteri.it\/it\/servizi-consolari-e-visti\/servizi-per-il-cittadino-italiano\/passaporti-e-carte-didentita\/richiedere-il-passaporto-italiano-minori-da-0-12-anni\/","title":{"rendered":"Richiedere il passaporto italiano (minori da 0 &#8211; 11 anni)"},"content":{"rendered":"<p><strong>Tuo figlio ha diritto al passaporto italiano?<\/strong><\/p>\n<p>Il minorenne deve essere in possesso della cittadinanza italiana per aver diritto al rilascio del passaporto.<\/p>\n<p>Per richiedere il passaporto presso questo consolato, il minorenne deve essere residente in Scozia o Irlanda del Nord e deve essere regolarmente registrato presso questo ufficio, nonch\u00e9 al comune AIRE di riferimento di uno dei genitori. Per informazioni relative all&#8217;iscrizione AIRE del minore consulta la sezione Anagrafe (clicca\u00a0 <a href=\"https:\/\/consedimburgo.esteri.it\/it\/servizi-consolari-e-visti\/servizi-per-il-cittadino-italiano\/anagrafe-degli-italiani-residenti-allestero-aire\/\"><strong>QUI<\/strong><\/a>).<\/p>\n<p>Eccezionalmente il passaporto pu\u00f2 essere richiesto dai cittadini italiani non iscritti in AIRE per i quali questo Consolato deve preventivamente acquisire il Nulla Osta e Delega al rilascio da parte della Questura italiana competente.<\/p>\n<p>&nbsp;<\/p>\n<p><strong>AVVERTENZE<\/strong><\/p>\n<p>PER I MINORI CHE:<\/p>\n<ul>\n<li>Sono nati all\u2019estero (non in Italia)<\/li>\n<li>Hanno acquisito la cittadinanza italiana all\u2019estero o in Italia (ma non tramite il Consolato Generale d\u2019Italia in Edimburgo)<\/li>\n<\/ul>\n<p>Prima di avviare la procedura di richiesta del passaporto italiano, occorre assicurarsi che il relativo atto di nascita sia stato registrato presso il competente Comune di iscrizione A.I.R.E.<\/p>\n<p>Quanto sopra si applica a tutti i minori, inclusi coloro che sono gi\u00e0 in possesso di precedente passaporto italiano.<\/p>\n<p>Per le informazioni inerenti la registrazione degli atti di nascita, la cui competenza \u00e8 dell&#8217;Ufficio di Stato Civile,\u00a0clicca <a href=\"https:\/\/consedimburgo.esteri.it\/it\/servizi-consolari-e-visti\/servizi-per-il-cittadino-italiano\/stato-civile\/\"><strong>QUI<\/strong><\/a>.<\/p>\n<p><strong>NEONATI<\/strong>: L\u2019atto di nascita apostillato del neonato deve essere gi\u00e0 stato inviato all\u2019Ufficio di Stato Civile di questo Consolato per la relativa registrazione prima della richiesta di rilascio del passaporto in favore del neonato. E\u2019 necessario acquisirlo preliminarmente (o contestualmente) al fine di verificare la costituzione del rapporto di filiazione con almeno un genitore di cittadinanza italiana.<\/p>\n<p>In concreto, non verranno accettate le richieste di passaporto in favore di neonati il cui atto di nascita non sia stato gi\u00e0 trasmesso agli Uffici di Stato Civile di questo Consolato. Solo successivamente, nelle more del perfezionamento della trascrizione del predetto atto in Italia, si potr\u00e0 dare seguito alla domanda di passaporto.<\/p>\n<p><strong>DURATA VALIDITA&#8217; DEL PASSAPORTO<\/strong>:<\/p>\n<p>Il passaporto biometrico \u00e8 un documento di identit\u00e0 provvisto di microchip, all\u2019interno del quale, oltre ai dati anagrafici, saranno memorizzate anche la foto e le impronte digitali del titolare. Sono esentati dalla rilevazione delle impronte digitali le persone affette da malattia o altro impedimento &#8211; certificate con le modalit\u00e0 previste dalla legge &#8211; e i minori di 12 anni.<\/p>\n<p><strong>Validit\u00e0 del passaporto biometrico:<\/strong><\/p>\n<ul>\n<li>5 anni per minori da 3 anni compiuti fino a 12 anni di et\u00e0<\/li>\n<li>3 anni per minori da 0 a 3 anni di et\u00e0 non compiuti<\/li>\n<\/ul>\n<p>&nbsp;<\/p>\n<p><strong>COME RICHIEDERE IL PASSAPORTO PER UN MINORENNE (0 \u2013 11 anni)<\/strong><\/p>\n<p>L&#8217;istanza va presentata<strong>\u00a0PER POSTA<\/strong>\u00a0inviando la sottoelencata documentazione a:<\/p>\n<p style=\"text-align: center;\">Ufficio Passaporti<br \/>\nItalian Consulate General<br \/>\nItaly House<br \/>\n20-22 East London Street<br \/>\nEdinburgh &#8211; EH7 4BQ<\/p>\n<ul>\n<li>Domanda di rilascio del passaporto per minorenni MOD2 (vedi\u00a0<a href=\"https:\/\/consedimburgo.esteri.it\/it\/servizi-consolari-e-visti\/servizi-per-il-cittadino-italiano\/modulistica\/\">Modulistica<\/a>)<\/li>\n<li>Fotocopie di un valido documento di identit\u00e0 di entrambi i genitori<\/li>\n<li>Atto di assenso (<a href=\"https:\/\/consedimburgo.esteri.it\/it\/servizi-consolari-e-visti\/servizi-per-il-cittadino-italiano\/modulistica\/\">Modulistica<\/a>)<\/li>\n<li>Eventuale passaporto italiano originale in scadenza, scaduto o danneggiato; in caso di rilascio di primo passaporto italiano, allegare copia di altro documento d&#8217;identita&#8217; estero &#8211; NON e&#8217; necessario allegare alcun documento nel caso di neonati<\/li>\n<li>2 fotografie formato tessera identiche e recenti (acquisite da non oltre 6 mesi) conformi agli standard internazionali ICAO (clicca <a href=\"https:\/\/consedimburgo.esteri.it\/wp-content\/uploads\/2023\/05\/photograph_guidelines_it.pdf\"><strong>QUI<\/strong><\/a>) di cui una autenticata e apposta (con colla o nastro adesivo) sull&#8217; apposito Modello per l&#8217;autentica della foto per i minori di anni 12 MOD 3 (vedi <a href=\"https:\/\/consedimburgo.esteri.it\/it\/servizi-consolari-e-visti\/servizi-per-il-cittadino-italiano\/modulistica\/\">Modulistica<\/a>), e l&#8217;altra controfirmata sul retro dal professionista abilitato<\/li>\n<li>Pagamento. Vedi <a href=\"https:\/\/consedimburgo.esteri.it\/it\/servizi-consolari-e-visti\/servizi-per-il-cittadino-italiano\/548-2\/\">Tariffe Consolari<\/a><\/li>\n<li>Una busta \u201cSpecial Delivery\u201d prepagata fino a 500g<\/li>\n<li>in caso di smarrimento\/furto\/danneggiamento del passaporto: denuncia resa alle autorit\u00e0 di polizia locali &amp; formulario di denuncia (vedi <a href=\"https:\/\/consedimburgo.esteri.it\/it\/servizi-consolari-e-visti\/servizi-per-il-cittadino-italiano\/modulistica\/\">Modulistica<\/a>)<\/li>\n<\/ul>\n<p>Per accelerare l&#8217;iter della pratica si prega di verificare di avere a disposizione, al momento dell\u2019invio della domanda, tutti i documenti indicati nella checklist. Per scaricare il modello di domanda e la checklist (vedi <a href=\"https:\/\/consedimburgo.esteri.it\/it\/servizi-consolari-e-visti\/servizi-per-il-cittadino-italiano\/modulistica\/\">Modulistica<\/a>).<\/p>\n<p>Si prega di prestare attenzione nel compilare il modulo di domanda in ogni sua parte, al fine di evitare ritardi nel rilascio del passaporto. In particolare, e&#8217; sempre necessario indicare l&#8217;altezza e il colore degli occhi del minore, dati che devono essere poi stampati sul nuovo passaporto. Si ricorda, inoltre, e&#8217; possibile far indicare le generalit\u00e0 di uno o entrambi i genitori, su esplicita richiesta degli stessi, a pagina 5 del nuovo passaporto. Nel caso i genitori volessero avvalersi di questa possibilit\u00e0 \u00e8 obbligatorio segnare la casella nell&#8217;apposito spazio al di sotto delle firme, in fondo al modulo.<\/p>\n<p>\u00c8 possibile richiedere l\u2019autentica della foto anche al Console Onorario della propria area di residenza.<\/p>\n<p>&nbsp;<\/p>\n<p><strong>AVVERTENZE<\/strong><\/p>\n<p><strong>Assensi di entrambi i genitori:<\/strong><\/p>\n<ul>\n<li>Il MOD2 va firmato da entrambi i genitori. E\u2019 necessario anche in caso di coppie non sposate, separate o divorziate ed anche se i figli minori sono titolari di passaporto individuale. In mancanza, \u00e8 possibile presentare separatamente il Modulo Atto di Assenso (vedi <a href=\"https:\/\/consedimburgo.esteri.it\/it\/servizi-consolari-e-visti\/servizi-per-il-cittadino-italiano\/modulistica\/\">Modulistica<\/a>), purch\u00e9 redatto correttamente. In entrambi i casi, sar\u00e0 necessario presentare un documento di riconoscimento dei genitori con foto e firma (e.g. passaporto o carta identit\u00e0), accertandosi che la firma sul documento d\u2019identit\u00e0 combaci alla perfezione con quella sul modulo.<\/li>\n<li>Se uno dei genitori \u00e8 di cittadinanza non comunitaria (cittadino di stato non membro dell\u2019UE), il modulo di richiesta deve essere firmato di persona in presenza presso uno dei Consolati Onorari (Aberdeen, Belfast o Glasgow) con un appuntamento da concordare per email direttamente con il\u00a0<a href=\"https:\/\/consedimburgo.esteri.it\/it\/chi-siamo\/la-rete-consolare\/\">Console Onorario<\/a> <strong>oppure<\/strong> presso il Consolato Generale ad Edimburgo, prenotando un appuntamento per &#8220;Passaporto (minori 0 -11 anni) &#8211; SOLO AUTENTICA FIRMA GENITORE NON-EU&#8221; sul portale <a href=\"https:\/\/prenotami.esteri.it\/\" target=\"_blank\" rel=\"noopener\">Prenot@mi<\/a>;<\/li>\n<li>Se uno dei genitori \u00e8 di cittadinanza non comunitaria (cittadino di stato non membro dell&#8217;UE) ed \u00e8 impossibilitato a presentarsi di persona deve firmare la dichiarazione di assenso alla presenza di un Pubblico Ufficiale in Italia oppure si deve recare a firmare l\u2019assenso presso l&#8217;Ambasciata o il Consolato italiano presente nel Paese estero dove si trova.<\/li>\n<li>Nel caso in cui non sia possibile ottenere l\u2019assenso da parte dell\u2019altro genitore sar\u00e0 necessario un <a href=\"https:\/\/consedimburgo.esteri.it\/it\/servizi-consolari-e-visti\/servizi-per-il-cittadino-italiano\/istanze-al-giudice-tutelare\/\">decreto del Giudice tutelare<\/a>. Il Console Generale di Edimburgo esercita le funzioni di Giudice tutelare per i minori residenti\/iscritti nella circoscrizione di Edimburgo. Se invece il minore \u00e8 residente in Italia, \u00e8 competente il Tribunale dei Minori.<\/li>\n<li>In caso di mancata presenza (morte) di uno dei genitori, dovr\u00e0 essere presentata una copia originale del certificato di morte. Se il decesso \u00e8 avvenuto in un paese che non sia il Regno Unito o l&#8217;Italia, questo dovr\u00e0 essere presentato esclusivamente con traduzione autenticata in Italiano o in formato plurilingue.<\/li>\n<\/ul>\n<p>&nbsp;<\/p>\n<p><strong>Costi e modalit\u00e0 di pagamento<\/strong><\/p>\n<p>Il costo del passaporto \u00e8 soggetto a fluttuazioni trimestrali dovute al cambio Euro\/GBP. Per il costo attuale del passaporto (vedi <a href=\"https:\/\/consedimburgo.esteri.it\/it\/servizi-consolari-e-visti\/servizi-per-il-cittadino-italiano\/548-2\/\">Tariffe Consolari<\/a>)<\/p>\n<p><strong>N.B.<\/strong> A causa delle fluttuazioni trimestrali del tasso di cambio Euro\/GBP, le tariffe per le domande ricevute per posta a cavallo dei trimestri potrebbero variare dal momento di presentazione della domanda al momento della stampa. Per questi motivi potrebbero essere necessarie integrazioni da far pervenire a questo Consolato prima della stampa del passaporto.<\/p>\n<p>Il pagamento pu\u00f2 essere effettuato tramite:<\/p>\n<ul>\n<li>Contante (solo per il rilascio del passaporto di persona su appuntamento)<\/li>\n<li>Postal Order, intestato a &#8220;Italian Consulate General&#8221; (si prega di indicare il cognome sul retro del suddetto Postal order)<\/li>\n<\/ul>\n<p><strong>Tempistiche:<\/strong><\/p>\n<p>Se il minore \u00e8 regolarmente registrato presso questo Consolato, se la domanda \u00e8 completa e se la situazione anagrafica e di Stato Civile sono aggiornate, il passaporto verr\u00e0 rilasciato a vista il giorno dell\u2019appuntamento, oppure entro 30gg per le richieste pervenute via posta. Qualora la domanda non fosse formulata correttamente, o siano necessarie integrazioni di atti di Stato Civile, o ulteriori verifiche da parte delle autorit\u00e0 italiane, la pratica subir\u00e0 necessariamente dei ritardi non imputabili a questo ufficio.<\/p>\n","protected":false},"excerpt":{"rendered":"Tuo figlio ha diritto al passaporto italiano? Il minorenne deve essere in possesso della cittadinanza italiana per aver diritto al rilascio del passaporto. Per richiedere il passaporto presso questo consolato, il minorenne deve essere residente in Scozia o Irlanda del Nord e deve essere regolarmente registrato presso questo ufficio, nonch\u00e9 al comune AIRE di riferimento [&hellip;]","protected":false},"author":6,"featured_media":0,"parent":67,"menu_order":4,"comment_status":"closed","ping_status":"closed","template":"","meta":{"footnotes":""},"class_list":["post-601","page","type-page","status-publish","hentry"],"_links":{"self":[{"href":"https:\/\/consedimburgo.esteri.it\/it\/wp-json\/wp\/v2\/pages\/601","targetHints":{"allow":["GET"]}}],"collection":[{"href":"https:\/\/consedimburgo.esteri.it\/it\/wp-json\/wp\/v2\/pages"}],"about":[{"href":"https:\/\/consedimburgo.esteri.it\/it\/wp-json\/wp\/v2\/types\/page"}],"author":[{"embeddable":true,"href":"https:\/\/consedimburgo.esteri.it\/it\/wp-json\/wp\/v2\/users\/6"}],"replies":[{"embeddable":true,"href":"https:\/\/consedimburgo.esteri.it\/it\/wp-json\/wp\/v2\/comments?post=601"}],"version-history":[{"count":8,"href":"https:\/\/consedimburgo.esteri.it\/it\/wp-json\/wp\/v2\/pages\/601\/revisions"}],"predecessor-version":[{"id":5709,"href":"https:\/\/consedimburgo.esteri.it\/it\/wp-json\/wp\/v2\/pages\/601\/revisions\/5709"}],"up":[{"embeddable":true,"href":"https:\/\/consedimburgo.esteri.it\/it\/wp-json\/wp\/v2\/pages\/67"}],"wp:attachment":[{"href":"https:\/\/consedimburgo.esteri.it\/it\/wp-json\/wp\/v2\/media?parent=601"}],"curies":[{"name":"wp","href":"https:\/\/api.w.org\/{rel}","templated":true}]}}