{"id":64,"date":"2023-04-03T19:26:13","date_gmt":"2023-04-03T17:26:13","guid":{"rendered":"https:\/\/consolatozurigo.esteri.it\/?page_id=64"},"modified":"2023-05-19T13:11:24","modified_gmt":"2023-05-19T11:11:24","slug":"fare-affari-in-italia","status":"publish","type":"page","link":"https:\/\/consedimburgo.esteri.it\/it\/italia-e-regno-unito\/diplomazia-economica\/fare-affari-in-italia\/","title":{"rendered":"Fare affari in Italia"},"content":{"rendered":"<p>L\u2019Italia \u00e8 il sesto Paese nell\u2019area OCSE e il quarto in quella europea per valore del Prodotto interno lordo. La produzione italiana costituisce pi\u00f9 del 13% del PIL dell\u2019Unione europea.<br \/>\nPer caratteristiche della struttura produttiva, la composizione italiana per settori di attivit\u00e0 economica risulta simile a quella dei principali Paesi europei, con il 27,7% della produzione nel comparto manifatturiero e delle costruzioni e con quasi il 70% in quello dei servizi. All\u2019interno di quest\u2019ultimo settore, il commercio, i trasporti e le comunicazioni assorbono una quota di PIL pi\u00f9 elevata rispetto alla media dei Paesi europei.<br \/>\nSituata nel cuore del mediterraneo, l\u2019Italia rappresenta uno snodo cruciale per i collegamenti stradali, marittimi ed aerei tra il Nord ed il Sud d\u2019Europa.<br \/>\nIl mercato italiano offre innumerevoli opportunit\u00e0 alle imprese in espansione, con quasi 60 milioni di consumatori e un PIL che si colloca al quarto posto in Italia.<br \/>\nGrazie alla sua ubicazione strategica, l\u2019Italia permette di raggiungere facilmente i 396 milioni di consumatori negli altri Stati dell\u2019Unione europea e i 240 milioni dell\u2019Africa settentrionale e del Medio Oriente.<br \/>\nHa conquistato una posizione leader (11% della quota del mercato europeo), con un fatturato di circa 65 miliardi di euro.<br \/>\nIn Europa, l\u2019Italia si colloca al primo posto come Paese con il minor costo di insediamento per il settore delle biotecnologie, al secondo posto per i test su prodotto nelle attivit\u00e0 di ricerca e sviluppo, nella chimica e nell\u2019elettronica.<\/p>\n<p>&nbsp;<\/p>\n<p><strong>Norme ed incentivi<\/strong><\/p>\n<p>Nel corso degli anni \u201990 sono state introdotte riforme strutturali che hanno permesso all\u2019Italia di armonizzare il proprio quadro normativo, fiscale ed agevolativo agli standard europei.<\/p>\n<p>In particolare sono state attuate riforme importanti nel mercato del lavoro, del credito, dell\u2019energia, della Pubblica Amministrazione.<\/p>\n<p>Sono stati rivoluzionati i tre fondamentali comparti della legislazione economica. Filo conduttore degli interventi \u00e8 stato l\u2019adeguamento delle regole a quelle dei Paesi pi\u00f9 avanzati, al fine di rendere il Sistema Italia pi\u00f9 attraente per gli operatori economici e pi\u00f9 competitivo nel confronto internazionale.<\/p>\n<p>&nbsp;<\/p>\n<p><strong>Quadro macroeconomico<\/strong><\/p>\n<p>Nella homepage del sito della\u00a0<a title=\"Vai al sito web della banca d'Italia\" href=\"http:\/\/www.bancaditalia.it\/\"><strong>Banca d&#8217;Italia<\/strong><\/a>\u00a0\u00e8 presente il collegamento alla sezione pubblicazioni attraverso il quale si accede ai servizi di carattere economico e statistico e di politica monetaria sull\u2019Italia.<\/p>\n<p>Di particolare interesse ai fini di un\u2019accurata ed aggiornata analisi sul quadro economico nazionale si segnala, in questa sezione, il Bollettino Economico che viene aggiornato dall\u2019Istituto a novembre e marzo di ogni anno.<\/p>\n<p>&nbsp;<\/p>\n<p><a title=\"Vai al sito web di Invitalia\" href=\"https:\/\/www.invitalia.it\/\"><strong>Invitalia<\/strong><\/a><\/p>\n<p>Invitalia \u00e8 l&#8217;Agenzia nazionale per lo sviluppo d&#8217;impresa e l&#8217;attrazione d&#8217;investimenti con la missione di promuovere, accelerare e diffondere lo sviluppo produttivo e imprenditoriale nel Paese attraverso tre linee d&#8217;intervento:<\/p>\n<ul>\n<li>attrazione d&#8217;investimenti;<\/li>\n<li>sviluppo e creazione d&#8217;impresa;<\/li>\n<li>supporto alla Pubblica Amministrazione.<\/li>\n<\/ul>\n<p>&nbsp;<\/p>\n<p><a title=\"Vai al sito web di AssoCamerEstero\" href=\"http:\/\/www.assocamerestero.it\/\"><strong>Assocamerestero<\/strong><\/a><\/p>\n<p>Assocamerestero \u00e8 l\u00b4associazione delle Camere di Commercio Italiane nel mondo, nata per valorizzare e sviluppare le attivit\u00e0 delle Camere, diffondendo interesse e conoscenza sulla rete e sulle sue peculiarit\u00e0 presso le istituzioni italiane ed internazionali e presso le organizzazioni imprenditoriali. L&#8217;Associazione:<\/p>\n<ul>\n<li>rappresenta le esigenze e le potenzialit\u00e0 di servizio delle CCIE;<\/li>\n<li>ricerca collaborazioni ed alleanze strategiche con soggetti ed enti pubblici e privati per favorire la conoscenza e l\u00b4utilizzo della rete delle CCIE;<\/li>\n<li>sintetizza le esperienze e il know-how acquisito dai diversi \u201dnodi\u201d;<\/li>\n<li>promuove e diffonde programmi e progetti in una logica di rete;<\/li>\n<li>promuove e diffonde una aggiornata cultura informatica;<\/li>\n<li>svolge azioni di comunicazione verso i media italiani, le istituzioni, le imprese;<\/li>\n<li>promuove ed eroga formazione manageriale;<\/li>\n<li>assiste i promotori di nuove Camere all\u00b4estero;<\/li>\n<li>svolge attivit\u00e0 di networking con gli altri sistemi camerali bi-nazionali europei.<\/li>\n<\/ul>\n<p>&nbsp;<\/p>\n<p><a title=\"Vai al sito web di UnionCamere\" href=\"http:\/\/www.unioncamere.it\/\"><strong>Unioncamere<\/strong><\/a><br \/>\n<strong>Unione italiana delle Camere di Commercio Industria e Artigianato<\/strong><\/p>\n<p>L&#8217;Unione cura e rappresenta gli interessi generali delle Camere di Commercio, punto di riferimento per i settori produttivi, sia a livello locale sia nazionale ed internazionale. Inoltre:<\/p>\n<ul>\n<li>promuove, realizza e gestisce, direttamente o per il tramite di proprie aziende speciali, servizi e attivit\u00e0 d&#8217;interesse delle Camere di commercio e delle categorie economiche;<\/li>\n<li>punta a consolidare e sviluppare la collaborazione con la rete delle CCIE;<\/li>\n<li>facilita l&#8217;accesso, con tecnologie all&#8217;avanguardia, a iniziative e programmi comunitari, favorendo accordi internazionali per promuovere l&#8217;Italia nel mondo.<\/li>\n<\/ul>\n<p>&nbsp;<\/p>\n<p><a title=\"Vai al sito web di Confindustria\" href=\"http:\/\/www.confindustria.it\/\"><strong>Confindustria<\/strong><\/a><br \/>\n<strong>Organizzazione rappresentativa delle imprese manifatturiere di servizi in Italia<\/strong><\/p>\n<p>Fondata nel 1910, Confindustria \u00e8 la principale organizzazione rappresentativa delle imprese manufatturiere e di servizi in Italia.<\/p>\n<p>Raggruppa, su base volontaria, pi\u00f9 di 115.000 imprese di tutte le dimensioni per un totale di circa 4.300.000 addetti.<\/p>\n<p>Confindustria, in base al suo statuto, si propone di contribuire, insieme alle istituzioni politiche e alle organizzazioni economiche, sociali e culturali, nazionali ed internazionali, alla crescita economica e al progresso sociale del paese.<\/p>\n<p>&nbsp;<\/p>\n<p class=\"boxLevel03\"><strong><a href=\"https:\/\/www.ice.it\/it\/it\">ICE &#8211; Agenzia per la promozione all&#8217;estero e l&#8217;internazionalizzazione delle imprese italiane<\/a><\/strong><\/p>\n<p class=\"boxLevel03\">L&#8217;ICE \u00e8 stata istituita dall&#8217;art. 14, cc.17-27, DL n.98 del 06.07.11, convertito in L. n.111 del 15.07.11, come sostituito dall&#8217;art. 22, c.6, DL n.201 del 06.12.11, convertito in L. n.214 del 22.12.11 e successive modifiche, come ente dotato di personalit\u00e0 giuridica di diritto pubblico, sottoposto ai poteri di indirizzo e vigilanza del Ministero dello sviluppo economico che li esercita, per le materie di rispettiva competenza, d&#8217;intesa con il Ministero degli affari esteri e sentito il Ministero dell&#8217;economia e delle finanze.<span class=\"Apple-converted-space\">\u00a0<\/span><\/p>\n<p>L&#8217;ICE-Agenzia ha il compito di agevolare, sviluppare e promuovere i rapporti economici e commerciali italiani con l&#8217;estero &#8211; con particolare attenzione alle esigenze delle piccole e medie imprese, dei loro consorzi e raggruppamenti &#8211; e opera al fine di sviluppare l&#8217;internazionalizzazione delle imprese italiane nonch\u00e9 la commercializzazione dei beni e servizi italiani nei mercati internazionali.<span class=\"Apple-converted-space\">\u00a0<\/span><\/p>\n<p>Attraverso la sede di Roma, l&#8217;Ufficio di Milano e la rete nel mondo l&#8217;Agenzia svolge attivit\u00e0 di informazione, assistenza, promozione a imprese e istituzioni, di formazione a imprese e a giovani laureati e promuove la cooperazione nei settori industriale, agricolo e agro-alimentare, della distribuzione e del terziario. L&#8217;ICE-Agenzia opera all&#8217;estero nell&#8217;ambito delle Rappresentanze diplomatiche italiane, in sinergia con le organizzazioni imprenditoriali e gli altri soggetti pubblici e privati interessati, assicurando un supporto coordinato alle imprese e reti nazionali che si impegnano nel processo di internazionalizzazione con l&#8217;obiettivo di promuovere l&#8217;immagine del prodotto italiano nel mondo e l&#8217;Italia quale destinazione degli investimenti esteri.<span class=\"Apple-converted-space\">\u00a0<\/span><\/p>\n<p>Nello svolgimento delle proprie attivit\u00e0, l&#8217;Agenzia opera in stretto raccordo con le regioni, le camere di commercio, industria, artigianato e agricoltura, le organizzazioni imprenditoriali e gli altri soggetti pubblici e privati interessati, ai sensi di linee guida e di indirizzo strategico in materia di promozione ed internazionalizzazione delle imprese assunte dalla Cabina di Regia istituzionale.<\/p>\n","protected":false},"excerpt":{"rendered":"L\u2019Italia \u00e8 il sesto Paese nell\u2019area OCSE e il quarto in quella europea per valore del Prodotto interno lordo. La produzione italiana costituisce pi\u00f9 del 13% del PIL dell\u2019Unione europea. Per caratteristiche della struttura produttiva, la composizione italiana per settori di attivit\u00e0 economica risulta simile a quella dei principali Paesi europei, con il 27,7% della [&hellip;]","protected":false},"author":1,"featured_media":0,"parent":40,"menu_order":2,"comment_status":"closed","ping_status":"closed","template":"","meta":{"footnotes":""},"class_list":["post-64","page","type-page","status-publish","hentry"],"_links":{"self":[{"href":"https:\/\/consedimburgo.esteri.it\/it\/wp-json\/wp\/v2\/pages\/64","targetHints":{"allow":["GET"]}}],"collection":[{"href":"https:\/\/consedimburgo.esteri.it\/it\/wp-json\/wp\/v2\/pages"}],"about":[{"href":"https:\/\/consedimburgo.esteri.it\/it\/wp-json\/wp\/v2\/types\/page"}],"author":[{"embeddable":true,"href":"https:\/\/consedimburgo.esteri.it\/it\/wp-json\/wp\/v2\/users\/1"}],"replies":[{"embeddable":true,"href":"https:\/\/consedimburgo.esteri.it\/it\/wp-json\/wp\/v2\/comments?post=64"}],"version-history":[{"count":3,"href":"https:\/\/consedimburgo.esteri.it\/it\/wp-json\/wp\/v2\/pages\/64\/revisions"}],"predecessor-version":[{"id":576,"href":"https:\/\/consedimburgo.esteri.it\/it\/wp-json\/wp\/v2\/pages\/64\/revisions\/576"}],"up":[{"embeddable":true,"href":"https:\/\/consedimburgo.esteri.it\/it\/wp-json\/wp\/v2\/pages\/40"}],"wp:attachment":[{"href":"https:\/\/consedimburgo.esteri.it\/it\/wp-json\/wp\/v2\/media?parent=64"}],"curies":[{"name":"wp","href":"https:\/\/api.w.org\/{rel}","templated":true}]}}