{"id":657,"date":"2023-05-19T16:54:36","date_gmt":"2023-05-19T14:54:36","guid":{"rendered":"https:\/\/consedimburgo.esteri.it\/?page_id=657"},"modified":"2026-02-23T16:13:24","modified_gmt":"2026-02-23T15:13:24","slug":"avvocati","status":"publish","type":"page","link":"https:\/\/consedimburgo.esteri.it\/it\/servizi-consolari-e-visti\/servizi-per-il-cittadino-italiano\/elenchi-dei-professionisti-di-riferimento-del-consolato-generale\/avvocati\/","title":{"rendered":"Avvocati"},"content":{"rendered":"<p>Il presente elenco contiene i dati degli avvocati che, per vari motivi, sono noti a questa Sede. La lista \u00e8 in ordine alfabetico e l\u2019attivit\u00e0 degli stessi non \u00e8 in alcun modo riferibile a questo Consolato Generale che, pertanto, non si assume alcuna responsabilit\u00e0 per l\u2019operato degli stessi.<\/p>\n<p><em>The following list includes contact details of lawyers who, for various reasons, are known to the Italian Consulate. The list is in alphabetical order and their activity is under no circumstance related to this Consulate General, that therefore is not responsible for their job.<\/em><\/p>\n<p>&nbsp;<\/p>\n<table class=\"table\" border=\"0\">\n<tbody>\n<tr>\n<td><strong>Nome e Cognome<\/strong><\/td>\n<td><strong>Specializzazione<\/strong><\/td>\n<td><strong>Indirizzo<\/strong><\/td>\n<td><strong>Telefono<\/strong><\/td>\n<td><strong>Sito Internet\/Indirizzo e-mail<\/strong><\/td>\n<\/tr>\n<tr>\n<td><strong>Avv. Daniel Bianco<\/strong><\/td>\n<td>Civile, Gestione Crisi d\u2019Impresa<\/td>\n<td>Corso Vittorio Emanuele n.58<br \/>\n84122 &#8211; Salerno<\/td>\n<td>+39 089 220 763<\/p>\n<p>+39 334 2183 084<\/td>\n<td>www.bcbassociati.it<\/p>\n<p>daniel.bianco@bcbassociati.it<\/td>\n<\/tr>\n<tr>\n<td><strong>Avv. Monica Cervellini<\/strong><\/td>\n<td>Diritto successorio, immobiliare, internazionale privato<\/td>\n<td>Merali Beedle Limited<\/td>\n<td>+44 207 368 3325<\/td>\n<td>MCervellini@meralibeedle.com<\/td>\n<\/tr>\n<tr>\n<td><strong>Avv. Sabrina D&#8217;Elpidio<\/strong><\/td>\n<td>Business Development, Consultente per l&#8217;internazionalizzazione PMI<\/td>\n<td>Royal Mile Mansion,<br \/>\n50 North Bridge<br \/>\nEdimburgo &#8211; EH1 1QN<\/td>\n<td>+44 7491 497 786<\/td>\n<td>sabrinadelpidio@hotmail.it<br \/>\nwww.sabrinadelpidioconsulting.com<\/td>\n<\/tr>\n<tr>\n<td><strong>Avv. Leandro Franchi<\/strong><\/td>\n<td>Diritto Immobiliare \u2013 Residenziale e Commerciale, Successioni, Notaio<\/td>\n<td>Harper MacLeod LLP<br \/>\nThe Ca&#8217;D&#8217;Oro<br \/>\n45 Gordon Street,<br \/>\nGlasgow &#8211; G1 3PE<\/td>\n<td>+44 141 225 3811<\/td>\n<td>www.harpermacleod.co.uk<br \/>\nleandro.franchi@harpermacleod.co.uk<\/td>\n<\/tr>\n<tr>\n<td><strong>Avv. Mirella Marchini<\/strong><\/td>\n<td>Successioni, Trust, Diritto Internazionale Privato, Compravendite immobiliari in Italia<\/td>\n<td>Wright, Johnston &amp; Mackenzie LLP<br \/>\n61 High Street<br \/>\nDunblane &#8211; FK15 0EH<\/td>\n<td>+44 1786 822 296<\/td>\n<td>www.wjm.co.uk<br \/>\nmgm@wjm.co.uk<\/td>\n<\/tr>\n<tr>\n<td><strong>Avv. Alessia Morris<\/strong><\/td>\n<td>Management Consulting; Business Consulting; Notaio; Diritto dell&#8217;immigrazione; Italian\/English bilingual services<\/td>\n<td>PSE Unit 3, Eastfield Business Centre, Penicuik &#8211; EH26 8EZ<\/td>\n<td>+44 7503 639 164<\/td>\n<td>www.giambronelaw.com\/site\/people\/profile\/a.morris<br \/>\nalessia.morris@giambronelaw.com<\/td>\n<\/tr>\n<tr>\n<td><strong>Avv. Augusto Scerrato<\/strong><\/td>\n<td>Diritto di immigrazione<br \/>\nAbilitazione IAA &#8211; Level 1<\/td>\n<td>72 University Street,<br \/>\nBelfast &#8211; BT7 1HB<\/td>\n<td>+44 28 9002 6575<\/td>\n<td>www.immigration-employment-ni.com<br \/>\ncontact@immigration-employment-ni.com<\/td>\n<\/tr>\n<tr>\n<td><strong>Avv. John Vassiliou<\/strong><\/td>\n<td>Diritto dell&#8217;immigrazione in Regno Unito &#8211; Cittadinanza britannica<\/td>\n<td>Shepherd and Wedderburn LLP<br \/>\n9 Haymarket Square<br \/>\nEdimburgo &#8211; EH3 8FY<\/td>\n<td>+44 131 473 5144<\/td>\n<td>www.shepwedd.com<br \/>\njohn.vassiliou@shepwedd.com<\/td>\n<\/tr>\n<tr>\n<td><strong>Avv. Zoe Webster<\/strong><\/td>\n<td>Avvocato e Notaio &#8211; Diritto Finanza Aziendale (Corporate\/M&amp;A)<\/td>\n<td>Shepherd and Wedderburn LLP<br \/>\n1 West Regent Street<br \/>\nGlasgow &#8211; G2 1RW<\/td>\n<td>+44 141 566 8550<\/td>\n<td>www.shepwedd.com<br \/>\nzoe.webster@shepwedd.com<\/td>\n<\/tr>\n<\/tbody>\n<\/table>\n<p><em>Ultimo aggiornamento \/ Last updated: 03\/07\/2025<\/em><\/p>\n","protected":false},"excerpt":{"rendered":"Il presente elenco contiene i dati degli avvocati che, per vari motivi, sono noti a questa Sede. La lista \u00e8 in ordine alfabetico e l\u2019attivit\u00e0 degli stessi non \u00e8 in alcun modo riferibile a questo Consolato Generale che, pertanto, non si assume alcuna responsabilit\u00e0 per l\u2019operato degli stessi. The following list includes contact details of [&hellip;]","protected":false},"author":6,"featured_media":0,"parent":420,"menu_order":2,"comment_status":"closed","ping_status":"closed","template":"","meta":{"footnotes":""},"class_list":["post-657","page","type-page","status-publish","hentry"],"_links":{"self":[{"href":"https:\/\/consedimburgo.esteri.it\/it\/wp-json\/wp\/v2\/pages\/657","targetHints":{"allow":["GET"]}}],"collection":[{"href":"https:\/\/consedimburgo.esteri.it\/it\/wp-json\/wp\/v2\/pages"}],"about":[{"href":"https:\/\/consedimburgo.esteri.it\/it\/wp-json\/wp\/v2\/types\/page"}],"author":[{"embeddable":true,"href":"https:\/\/consedimburgo.esteri.it\/it\/wp-json\/wp\/v2\/users\/6"}],"replies":[{"embeddable":true,"href":"https:\/\/consedimburgo.esteri.it\/it\/wp-json\/wp\/v2\/comments?post=657"}],"version-history":[{"count":8,"href":"https:\/\/consedimburgo.esteri.it\/it\/wp-json\/wp\/v2\/pages\/657\/revisions"}],"predecessor-version":[{"id":6655,"href":"https:\/\/consedimburgo.esteri.it\/it\/wp-json\/wp\/v2\/pages\/657\/revisions\/6655"}],"up":[{"embeddable":true,"href":"https:\/\/consedimburgo.esteri.it\/it\/wp-json\/wp\/v2\/pages\/420"}],"wp:attachment":[{"href":"https:\/\/consedimburgo.esteri.it\/it\/wp-json\/wp\/v2\/media?parent=657"}],"curies":[{"name":"wp","href":"https:\/\/api.w.org\/{rel}","templated":true}]}}