{"id":660,"date":"2023-05-19T16:56:25","date_gmt":"2023-05-19T14:56:25","guid":{"rendered":"https:\/\/consedimburgo.esteri.it\/?page_id=660"},"modified":"2024-09-30T12:49:41","modified_gmt":"2024-09-30T10:49:41","slug":"commercialisti","status":"publish","type":"page","link":"https:\/\/consedimburgo.esteri.it\/it\/servizi-consolari-e-visti\/servizi-per-il-cittadino-italiano\/elenchi-dei-professionisti-di-riferimento-del-consolato-generale\/commercialisti\/","title":{"rendered":"Commercialisti"},"content":{"rendered":"<p>Il presente elenco contiene i dati dei commercialisti che, per vari motivi, sono noti a questa Sede. La lista \u00e8 in ordine alfabetico e l\u2019attivit\u00e0 degli stessi non \u00e8 in alcun modo riferibile a questo Consolato Generale che, pertanto, non si assume alcuna responsabilit\u00e0 per l\u2019operato degli stessi.<\/p>\n<p><em>The following list includes contact details of accountants who, for various reasons, are known to the Italian Consulate. The list is in alphabetical order and their activity is under no circumstance related to this Consulate General, that therefore is not responsible for their job.<\/em><\/p>\n<p>&nbsp;<\/p>\n<p>&nbsp;<\/p>\n<p>&nbsp;<\/p>\n<table class=\"table\" border=\"0\">\n<tbody>\n<tr>\n<td><strong>Nome e Cognome<\/strong><\/td>\n<td><strong>Specializzazione<\/strong><\/td>\n<td><strong>Indirizzo<\/strong><\/td>\n<td><strong>Telefono<\/strong><\/td>\n<td><strong>Sito Internet\/Indirizzo e-mail<\/strong><\/td>\n<\/tr>\n<tr>\n<td><strong>Vincenzo Borelli<\/strong><\/td>\n<td>Contabilit\u00e0, Societ\u00e0, Self-Assessment, Sole Trader<\/td>\n<td>17 Carlisle Street, W1D 3BU, London<\/td>\n<td>+44 0207 233 6797<\/td>\n<td><a href=\"http:\/\/www.pfc-international.co.uk\">www.pfc-international.co.uk<\/a><a href=\"mailto:vborelli@pfcinternational.co.uk\">vborelli@pfcinternational.co.uk<\/a><\/td>\n<\/tr>\n<tr>\n<td><strong>Luca Mancini<\/strong><\/td>\n<td>Budgeting, Forecasting, Reporting &amp; Analysis, Tax Planning &amp; Compliance<\/td>\n<td>9 Braehead Place, Bellshill, Glasgow<\/td>\n<td>+44 07935 065473<\/td>\n<td><a href=\"https:\/\/studiolucamancini.com\/\">https:\/\/studiolucamancini.com\/<\/a><\/td>\n<\/tr>\n<\/tbody>\n<\/table>\n<p><em>Ultimo aggiornamento \/ Last updated: 03\/01\/2023<\/em><\/p>\n","protected":false},"excerpt":{"rendered":"Il presente elenco contiene i dati dei commercialisti che, per vari motivi, sono noti a questa Sede. La lista \u00e8 in ordine alfabetico e l\u2019attivit\u00e0 degli stessi non \u00e8 in alcun modo riferibile a questo Consolato Generale che, pertanto, non si assume alcuna responsabilit\u00e0 per l\u2019operato degli stessi. The following list includes contact details of [&hellip;]","protected":false},"author":6,"featured_media":0,"parent":420,"menu_order":3,"comment_status":"closed","ping_status":"closed","template":"","meta":{"footnotes":""},"class_list":["post-660","page","type-page","status-publish","hentry"],"_links":{"self":[{"href":"https:\/\/consedimburgo.esteri.it\/it\/wp-json\/wp\/v2\/pages\/660","targetHints":{"allow":["GET"]}}],"collection":[{"href":"https:\/\/consedimburgo.esteri.it\/it\/wp-json\/wp\/v2\/pages"}],"about":[{"href":"https:\/\/consedimburgo.esteri.it\/it\/wp-json\/wp\/v2\/types\/page"}],"author":[{"embeddable":true,"href":"https:\/\/consedimburgo.esteri.it\/it\/wp-json\/wp\/v2\/users\/6"}],"replies":[{"embeddable":true,"href":"https:\/\/consedimburgo.esteri.it\/it\/wp-json\/wp\/v2\/comments?post=660"}],"version-history":[{"count":6,"href":"https:\/\/consedimburgo.esteri.it\/it\/wp-json\/wp\/v2\/pages\/660\/revisions"}],"predecessor-version":[{"id":3637,"href":"https:\/\/consedimburgo.esteri.it\/it\/wp-json\/wp\/v2\/pages\/660\/revisions\/3637"}],"up":[{"embeddable":true,"href":"https:\/\/consedimburgo.esteri.it\/it\/wp-json\/wp\/v2\/pages\/420"}],"wp:attachment":[{"href":"https:\/\/consedimburgo.esteri.it\/it\/wp-json\/wp\/v2\/media?parent=660"}],"curies":[{"name":"wp","href":"https:\/\/api.w.org\/{rel}","templated":true}]}}