{"id":662,"date":"2023-05-19T16:57:16","date_gmt":"2023-05-19T14:57:16","guid":{"rendered":"https:\/\/consedimburgo.esteri.it\/?page_id=662"},"modified":"2025-01-16T11:05:34","modified_gmt":"2025-01-16T10:05:34","slug":"psicologi","status":"publish","type":"page","link":"https:\/\/consedimburgo.esteri.it\/it\/servizi-consolari-e-visti\/servizi-per-il-cittadino-italiano\/elenchi-dei-professionisti-di-riferimento-del-consolato-generale\/psicologi\/","title":{"rendered":"Psicologi\u00a0"},"content":{"rendered":"<p>Il presente elenco contiene i dati degli psicologi che, per vari motivi, sono noti a questa Sede. La lista \u00e8 in ordine alfabetico e l\u2019attivit\u00e0 degli stessi non \u00e8 in alcun modo riferibile a questo Consolato Generale che, pertanto, non si assume alcuna responsabilit\u00e0 per l\u2019operato degli stessi.<\/p>\n<p><em>The following list includes contact details of psychologists\u00a0who, for various reasons, are known to the Italian Consulate. The list is in alphabetical order and their activity is under no circumstance related to this Consulate General, that therefore is not responsible for their job.<\/em><\/p>\n<p>&nbsp;<\/p>\n<table class=\"table\">\n<tbody>\n<tr>\n<td><strong>Nome e Cognome<\/strong><\/td>\n<td><strong>Specializzazione<\/strong><\/td>\n<td><strong>Indirizzo<\/strong><\/td>\n<td><strong>Telefono<\/strong><\/td>\n<td><strong>Sito Internet\/Indirizzo e-mail<\/strong><\/td>\n<\/tr>\n<tr>\n<td><strong>Margherita Sacc\u00e0<\/strong><\/td>\n<td>Approccio relazionale-sistemico. Formazione ed esperienza con adulti, giovani, coppie e famiglie.<\/td>\n<td>One Allan Park Wellbeing Clinic, 1 Allan Park, Stirling, FK8 2QG<\/td>\n<td>+44 7853 207 191<\/td>\n<td><a href=\"http:\/\/www.saccacounselling.com\">www.saccacounselling.com<\/a><\/p>\n<p><a href=\"mailto:margheritasacca@gmail.com\">margheritasacca@gmail.com<\/a><\/td>\n<\/tr>\n<tr>\n<td><strong>Elisabetta Tedoldi<\/strong><\/td>\n<td>Counselling integrativo di stampo psicodinamico e sistemico relazionale<\/td>\n<td>Wellspring Scotland, 13 Smith&#8217;s Place, Edinburgh, EH6 8nt<\/td>\n<td>+44 7460 699 822<\/td>\n<td><a href=<\/a><\/p>\n<p><a href=\"mailto:tedoldi.elisabetta@gmail.com\">tedoldi.elisabetta@gmail.com<\/a><\/td>\n<\/tr>\n<\/tbody>\n<\/table>\n<p><em>Ultimo aggiornamento \/ Last updated: 16\/01\/2024<\/em><\/p>\n","protected":false},"excerpt":{"rendered":"Il presente elenco contiene i dati degli psicologi che, per vari motivi, sono noti a questa Sede. La lista \u00e8 in ordine alfabetico e l\u2019attivit\u00e0 degli stessi non \u00e8 in alcun modo riferibile a questo Consolato Generale che, pertanto, non si assume alcuna responsabilit\u00e0 per l\u2019operato degli stessi. The following list includes contact details of [&hellip;]","protected":false},"author":6,"featured_media":0,"parent":420,"menu_order":4,"comment_status":"closed","ping_status":"closed","template":"","meta":{"footnotes":""},"class_list":["post-662","page","type-page","status-publish","hentry"],"_links":{"self":[{"href":"https:\/\/consedimburgo.esteri.it\/it\/wp-json\/wp\/v2\/pages\/662","targetHints":{"allow":["GET"]}}],"collection":[{"href":"https:\/\/consedimburgo.esteri.it\/it\/wp-json\/wp\/v2\/pages"}],"about":[{"href":"https:\/\/consedimburgo.esteri.it\/it\/wp-json\/wp\/v2\/types\/page"}],"author":[{"embeddable":true,"href":"https:\/\/consedimburgo.esteri.it\/it\/wp-json\/wp\/v2\/users\/6"}],"replies":[{"embeddable":true,"href":"https:\/\/consedimburgo.esteri.it\/it\/wp-json\/wp\/v2\/comments?post=662"}],"version-history":[{"count":6,"href":"https:\/\/consedimburgo.esteri.it\/it\/wp-json\/wp\/v2\/pages\/662\/revisions"}],"predecessor-version":[{"id":4147,"href":"https:\/\/consedimburgo.esteri.it\/it\/wp-json\/wp\/v2\/pages\/662\/revisions\/4147"}],"up":[{"embeddable":true,"href":"https:\/\/consedimburgo.esteri.it\/it\/wp-json\/wp\/v2\/pages\/420"}],"wp:attachment":[{"href":"https:\/\/consedimburgo.esteri.it\/it\/wp-json\/wp\/v2\/media?parent=662"}],"curies":[{"name":"wp","href":"https:\/\/api.w.org\/{rel}","templated":true}]}}