{"id":67,"date":"2023-04-03T19:27:59","date_gmt":"2023-04-03T17:27:59","guid":{"rendered":"https:\/\/consolatozurigo.esteri.it\/?page_id=67"},"modified":"2024-09-25T13:50:11","modified_gmt":"2024-09-25T11:50:11","slug":"passaporti-e-carte-didentita","status":"publish","type":"page","link":"https:\/\/consedimburgo.esteri.it\/it\/servizi-consolari-e-visti\/servizi-per-il-cittadino-italiano\/passaporti-e-carte-didentita\/","title":{"rendered":"Passaporti"},"content":{"rendered":"<p style=\"text-align: center;\"><strong>*IMPORTANTE*<\/strong><\/p>\n<p><strong>Il passaporto nuovo pu\u00f2 essere richiesto gi\u00e0 a partire da sei mesi prima della scadenza di quello vecchio. E&#8217; esclusiva responsabilit\u00e0 del titolare assicurarsi di essere in possesso di un passaporto in corso di validit\u00e0 per ogni necessit\u00e0 ed eventualmente provvedere al rinnovo in tempo utile. Si rammenta che le procedure di urgenza sono ben precise e assolutamente inderogabili (vedi <a href=\"https:\/\/consedimburgo.esteri.it\/it\/servizi-consolari-e-visti\/servizi-per-il-cittadino-italiano\/passaporti-e-carte-didentita\/richiedere-il-passaporto-in-caso-di-urgenza\/\">QUI<\/a>).<\/strong><\/p>\n<p>&nbsp;<\/p>\n<p><strong>L&#8217;Ufficio Passaporti riceve\u00a0esclusivamente\u00a0su appuntamento\u00a0<\/strong>(salvo casi di comprovata e documentata urgenza)\u00a0<strong>da prenotare sul portale <a href=\"https:\/\/prenotami.esteri.it\/\">Prenot@Mi<\/a><\/strong>. L&#8217;appuntamento avr\u00e0 luogo presso la Sede del Consolato Generale d&#8217;Italia a Edimburgo (Italy House | 20-22 East London Street | Edinburgh &#8211; EH7 4BQ).<\/p>\n<p>&nbsp;<\/p>\n<p><em>\u00c8 possibile richiedere un appuntamento per la raccolta dei dati biometrici per il rilascio del passaporto, presso i Consolati Onorari a Belfast, Aberdeen e Glasgow.<br \/>\n<\/em><em>L&#8217;appuntamento presso queste Sedi andr\u00e0 concordato contattando per e-mail direttamente il Console Onorario e la concessione di un appuntamento \u00e8 subordinata al controllo preventivo da parte del Consolato della ricevibilit\u00e0 della domanda.<br \/>\n<\/em><em>Il MAECI ha dotato i Consoli Onorari di un dispositivo per la sola raccolta dei dati biometrici. Il Consolato ricever\u00e0 i dati biometrici dai Consoli Onorari e provveder\u00e0 in un secondo momento al rilascio del passaporto.<br \/>\n<\/em><em>Per maggiori informazioni contattare il nostro Ufficio Passaporti oppure il proprio Console Onorario di riferimento (clicca\u00a0<a href=\"https:\/\/consedimburgo.esteri.it\/it\/servizi-consolari-e-visti\/servizi-per-il-cittadino-italiano\/consolati-onorari\/\"><strong>QUI<\/strong><\/a>)<\/em><\/p>\n<p>&nbsp;<\/p>\n<p>Alcune casistiche non necessitano tuttavia della presenza del richiedente in Consolato, potendosi effettuare per posta. Si prega di leggere attentamente le informazioni riportate nelle sezioni seguenti.<br \/>\nIl passaporto italiano \u00e8 un documento di identit\u00e0 che consente di viaggiare in tutti i Paesi riconosciuti dal Governo italiano. Attualmente si rilascia un passaporto biometrico costituito da un libretto a 48 pagine a modello unificato. Tale libretto \u00e8 dotato di un microchip in copertina, che contiene le informazioni relative ai dati anagrafici, la foto e le impronte digitali del titolare. Sono esentati dal rilascio delle impronte i minori sotto i 12 anni e coloro che sono permanentemente impossibilitati a viaggiare.<\/p>\n<p>&nbsp;<\/p>\n<p><strong>Chi pu\u00f2 richiedere il rilascio del passaporto?<\/strong><\/p>\n<p>Possono richiedere il passaporto al Consolato Generale di Edimburgo solo i cittadini italiani residenti in Scozia o Irlanda del Nord regolarmente iscritti in A.I.R.E. (Anagrafe Italiani Residenti all\u2019Estero). Per informazioni su come iscriversi in AIRE,\u00a0clicca <a href=\"https:\/\/consedimburgo.esteri.it\/it\/servizi-consolari-e-visti\/servizi-per-il-cittadino-italiano\/anagrafe-degli-italiani-residenti-allestero-aire\/\"><strong>QUI<\/strong><\/a>.<\/p>\n<p>Solo in casi particolari (art 7, Legge 21 novembre 1967, n.1185) il passaporto pu\u00f2 altres\u00ec essere richiesto dai cittadini italiani non iscritti in AIRE per i quali questo Consolato deve preventivamente acquisire il Nulla Osta e Delega al rilascio da parte della Questura italiana competente.<\/p>\n<p><strong>\u00a0<\/strong><\/p>\n<p><strong>AVVERTENZE<\/strong><\/p>\n<p>PER COLORO CHE:<\/p>\n<ul>\n<li>sono nati all\u2019estero (non in Italia)<\/li>\n<li>hanno acquisito la cittadinanza italiana all\u2019estero o in Italia (ma non tramite il Consolato Generale d\u2019Italia in Edimburgo)<\/li>\n<li>hanno acquisito la cittadinanza italiana per matrimonio all\u2019estero o in Italia (ma non tramite il Consolato Generale d\u2019Italia in Edimburgo)<\/li>\n<\/ul>\n<p>Prima di avviare la procedura di richiesta del passaporto, occorre assicurarsi che il proprio atto di nascita sia stato registrato presso il proprio Comune di iscrizione A.I.R.E. Laddove il connazionale non sia in possesso dell\u2019atto di nascita trascritto in Italia, contestualmente alla domanda di rilascio del passaporto, ne presenta copia eventualmente legalizzata\/apostillata e tradotta.<\/p>\n<p>Quanto sopra si applica a tutti i connazionali, inclusi coloro che sono gi\u00e0 in possesso di precedente passaporto italiano.<\/p>\n<p>Per le informazioni inerenti la registrazione degli atti di nascita, la cui competenza \u00e8 dell\u2019Ufficio di Stato Civile,\u00a0clicca <a href=\"https:\/\/consedimburgo.esteri.it\/it\/servizi-consolari-e-visti\/servizi-per-il-cittadino-italiano\/stato-civile\/\"><strong>QUI<\/strong><\/a>.<\/p>\n<p>&nbsp;<\/p>\n<p>COME:<\/p>\n<ul>\n<li><a href=\"https:\/\/consedimburgo.esteri.it\/it\/servizi-consolari-e-visti\/servizi-per-il-cittadino-italiano\/passaporti-e-carte-didentita\/richiedere-il-passaporto-italiano-maggiorenni\/\">Richiedere il passaporto italiano (Maggiorenni)<\/a><\/li>\n<li><a href=\"https:\/\/consedimburgo.esteri.it\/it\/servizi-consolari-e-visti\/servizi-per-il-cittadino-italiano\/passaporti-e-carte-didentita\/richiedere-il-passaporto-italiano-minori-da-12-17-anni\/\">Richiedere il passaporto italiano (minori da 12 &#8211; 17 anni)<\/a><\/li>\n<li><a href=\"https:\/\/consedimburgo.esteri.it\/it\/servizi-consolari-e-visti\/servizi-per-il-cittadino-italiano\/passaporti-e-carte-didentita\/richiedere-il-passaporto-italiano-minori-da-0-12-anni\/\">Richiedere il passaporto italiano (minori da 0 &#8211; 12 anni)<\/a><\/li>\n<li><a href=\"https:\/\/consedimburgo.esteri.it\/it\/servizi-consolari-e-visti\/servizi-per-il-cittadino-italiano\/passaporti-e-carte-didentita\/richiedere-il-passaporto-in-caso-di-urgenza\/\">Richiedere il passaporto italiano in caso di urgenza<\/a><\/li>\n<li><a href=\"https:\/\/consedimburgo.esteri.it\/it\/servizi-consolari-e-visti\/servizi-per-il-cittadino-italiano\/passaporti-e-carte-didentita\/come-denunciare-lo-smarrimento-o-furto-di-passaporto\/\">Come denunciare lo smarrimento o furto di passaporto<\/a><\/li>\n<li><a href=\"https:\/\/consedimburgo.esteri.it\/it\/servizi-consolari-e-visti\/servizi-per-il-cittadino-italiano\/emergency-travel-documents-etd\/\">Richiedere un ETD (Emergency Travel Document) per il rimpatrio<\/a><\/li>\n<\/ul>\n","protected":false},"excerpt":{"rendered":"*IMPORTANTE* Il passaporto nuovo pu\u00f2 essere richiesto gi\u00e0 a partire da sei mesi prima della scadenza di quello vecchio. E&#8217; esclusiva responsabilit\u00e0 del titolare assicurarsi di essere in possesso di un passaporto in corso di validit\u00e0 per ogni necessit\u00e0 ed eventualmente provvedere al rinnovo in tempo utile. Si rammenta che le procedure di urgenza sono [&hellip;]","protected":false},"author":1,"featured_media":0,"parent":59,"menu_order":0,"comment_status":"closed","ping_status":"closed","template":"","meta":{"footnotes":""},"class_list":["post-67","page","type-page","status-publish","hentry"],"_links":{"self":[{"href":"https:\/\/consedimburgo.esteri.it\/it\/wp-json\/wp\/v2\/pages\/67","targetHints":{"allow":["GET"]}}],"collection":[{"href":"https:\/\/consedimburgo.esteri.it\/it\/wp-json\/wp\/v2\/pages"}],"about":[{"href":"https:\/\/consedimburgo.esteri.it\/it\/wp-json\/wp\/v2\/types\/page"}],"author":[{"embeddable":true,"href":"https:\/\/consedimburgo.esteri.it\/it\/wp-json\/wp\/v2\/users\/1"}],"replies":[{"embeddable":true,"href":"https:\/\/consedimburgo.esteri.it\/it\/wp-json\/wp\/v2\/comments?post=67"}],"version-history":[{"count":4,"href":"https:\/\/consedimburgo.esteri.it\/it\/wp-json\/wp\/v2\/pages\/67\/revisions"}],"predecessor-version":[{"id":3481,"href":"https:\/\/consedimburgo.esteri.it\/it\/wp-json\/wp\/v2\/pages\/67\/revisions\/3481"}],"up":[{"embeddable":true,"href":"https:\/\/consedimburgo.esteri.it\/it\/wp-json\/wp\/v2\/pages\/59"}],"wp:attachment":[{"href":"https:\/\/consedimburgo.esteri.it\/it\/wp-json\/wp\/v2\/media?parent=67"}],"curies":[{"name":"wp","href":"https:\/\/api.w.org\/{rel}","templated":true}]}}