{"id":85,"date":"2023-04-03T19:28:49","date_gmt":"2023-04-03T17:28:49","guid":{"rendered":"https:\/\/consolatozurigo.esteri.it\/?page_id=85"},"modified":"2023-05-26T15:37:09","modified_gmt":"2023-05-26T13:37:09","slug":"anagrafe-degli-italiani-residenti-allestero-aire","status":"publish","type":"page","link":"https:\/\/consedimburgo.esteri.it\/it\/servizi-consolari-e-visti\/servizi-per-il-cittadino-italiano\/anagrafe-degli-italiani-residenti-allestero-aire\/","title":{"rendered":"AIRE &#8211; Anagrafe degli Italiani residenti all\u2019estero"},"content":{"rendered":"<p><strong><span style=\"font-size: 16px;\">L\u2019Anagrafe degli Italiani Residenti all\u2019Estero (AIRE) \u00e8 stata istituita con legge 27 ottobre 1988, n. 470 e contiene i dati dei cittadini italiani che intendono risiedere all\u2019estero per un periodo superiore ai dodici mesi.<\/span><\/strong><\/p>\n<p>Essa \u00e8 gestita dai Comuni sulla base dei dati e delle informazioni provenienti dalle Rappresentanze consolari all\u2019estero.<br \/>\nI comuni italiani sono gli unici competenti alla regolare tenuta dell\u2019anagrafe della popolazione, sia di quella residente in Italia che dei cittadini residenti all\u2019estero, cio\u00e8 degli italiani che dimorano abitualmente all\u2019estero.<br \/>\nCiascun Comune ha la propria AIRE. Esiste, inoltre, un\u2019AIRE nazionale, istituita presso il Ministero dell\u2019Interno, che contiene i dati trasmessi dalle anagrafi comunali.<br \/>\nOltre ai dati anagrafici, l\u2019AIRE registra l\u2019indicazione relativa all\u2019iscrizione del cittadino nelle liste elettorali del comune di provenienza.<\/p>\n<div class=\"entry-content\"><strong>INFORMAZIONI SULL\u2019A.I.R.E. (Anagrafe degli Italiani Residenti all\u2019Estero)<\/strong><\/div>\n<div class=\"entry-content\">\n<p>L\u2019iscrizione all\u2019AIRE \u00e8 un diritto-dovere del cittadino (art. 6 legge 470\/1988) e costituisce il presupposto per usufruire di una serie di servizi forniti dalle Rappresentanze consolari all\u2019estero, nonch\u00e9 per l\u2019esercizio di importanti diritti, quali per esempio:<\/p>\n<ul>\n<li>la possibilit\u00e0 di votare per elezioni politiche e referendum nazionali per corrispondenza nel Paese di residenza, e per l\u2019elezione dei rappresentanti italiani al Parlamento Europeo nei seggi istituiti dalla rete diplomatico-consolare nei Paesi appartenenti all\u2019U.E.;<\/li>\n<li>la possibilit\u00e0 di ottenere il rilascio o rinnovo di documenti di identit\u00e0 e di viaggio, nonch\u00e9 certificazioni.<\/li>\n<\/ul>\n<\/div>\n<p>La <strong>circoscrizione consolare di Edimburgo <\/strong>comprende esclusivamente la Scozia e l&#8217;Irlanda del Nord<span lang=\"EN\">.<\/span><\/p>\n<p>&nbsp;<\/p>\n<ul>\n<li><a href=\"https:\/\/consedimburgo.esteri.it\/it\/servizi-consolari-e-visti\/servizi-per-il-cittadino-italiano\/anagrafe-degli-italiani-residenti-allestero-aire\/come-iscriversi-allaire\/\"><strong>Come iscriversi all&#8217;AIRE<\/strong><\/a><\/li>\n<li><a href=\"https:\/\/consedimburgo.esteri.it\/it\/servizi-consolari-e-visti\/servizi-per-il-cittadino-italiano\/anagrafe-degli-italiani-residenti-allestero-aire\/come-cambiare-indirizzo\/\"><strong>Come cambiare indirizzo<\/strong><\/a><\/li>\n<li><a href=\"https:\/\/consedimburgo.esteri.it\/it\/servizi-consolari-e-visti\/servizi-per-il-cittadino-italiano\/anagrafe-degli-italiani-residenti-allestero-aire\/rimpatrio\/\"><strong>Rimpatrio<\/strong><\/a><\/li>\n<li><a href=\"https:\/\/consedimburgo.esteri.it\/it\/servizi-consolari-e-visti\/servizi-per-il-cittadino-italiano\/anagrafe-degli-italiani-residenti-allestero-aire\/trasferimento-in-altra-circoscrizione-consolare\/\"><strong>Trasferimento in altra circoscrizione consolare<\/strong><\/a><\/li>\n<li><a href=\"https:\/\/consedimburgo.esteri.it\/it\/servizi-consolari-e-visti\/servizi-per-il-cittadino-italiano\/anagrafe-degli-italiani-residenti-allestero-aire\/obbligatorieta-ed-esenzioni-dalliscrizione-allaire\/\"><b>Obbligatoriet\u00e0 ed esenzioni dall&#8217;iscrizione all&#8217;AIRE<\/b><\/a><\/li>\n<li><a href=\"https:\/\/consedimburgo.esteri.it\/it\/servizi-consolari-e-visti\/servizi-per-il-cittadino-italiano\/anagrafe-degli-italiani-residenti-allestero-aire\/iscrizione-aire-di-minorenni\/\"><strong>Iscrizione AIRE di minorenni<\/strong><\/a><\/li>\n<li><a href=\"https:\/\/consedimburgo.esteri.it\/it\/servizi-consolari-e-visti\/servizi-per-il-cittadino-italiano\/anagrafe-degli-italiani-residenti-allestero-aire\/trasferimento-ad-aire-di-altro-comune\/\"><strong>Trasferimento ad AIRE di altro Comune<\/strong><\/a><\/li>\n<\/ul>\n<p>&nbsp;<\/p>\n<p>Contatti: <a href=\"mailto:anagrafe.consedimburgo@esteri.it\">anagrafe.consedimburgo@esteri.it<\/a><\/p>\n","protected":false},"excerpt":{"rendered":"L\u2019Anagrafe degli Italiani Residenti all\u2019Estero (AIRE) \u00e8 stata istituita con legge 27 ottobre 1988, n. 470 e contiene i dati dei cittadini italiani che intendono risiedere all\u2019estero per un periodo superiore ai dodici mesi. Essa \u00e8 gestita dai Comuni sulla base dei dati e delle informazioni provenienti dalle Rappresentanze consolari all\u2019estero. I comuni italiani sono [&hellip;]","protected":false},"author":1,"featured_media":0,"parent":59,"menu_order":4,"comment_status":"closed","ping_status":"closed","template":"","meta":{"footnotes":""},"class_list":["post-85","page","type-page","status-publish","hentry"],"_links":{"self":[{"href":"https:\/\/consedimburgo.esteri.it\/it\/wp-json\/wp\/v2\/pages\/85","targetHints":{"allow":["GET"]}}],"collection":[{"href":"https:\/\/consedimburgo.esteri.it\/it\/wp-json\/wp\/v2\/pages"}],"about":[{"href":"https:\/\/consedimburgo.esteri.it\/it\/wp-json\/wp\/v2\/types\/page"}],"author":[{"embeddable":true,"href":"https:\/\/consedimburgo.esteri.it\/it\/wp-json\/wp\/v2\/users\/1"}],"replies":[{"embeddable":true,"href":"https:\/\/consedimburgo.esteri.it\/it\/wp-json\/wp\/v2\/comments?post=85"}],"version-history":[{"count":16,"href":"https:\/\/consedimburgo.esteri.it\/it\/wp-json\/wp\/v2\/pages\/85\/revisions"}],"predecessor-version":[{"id":2636,"href":"https:\/\/consedimburgo.esteri.it\/it\/wp-json\/wp\/v2\/pages\/85\/revisions\/2636"}],"up":[{"embeddable":true,"href":"https:\/\/consedimburgo.esteri.it\/it\/wp-json\/wp\/v2\/pages\/59"}],"wp:attachment":[{"href":"https:\/\/consedimburgo.esteri.it\/it\/wp-json\/wp\/v2\/media?parent=85"}],"curies":[{"name":"wp","href":"https:\/\/api.w.org\/{rel}","templated":true}]}}