{"id":87,"date":"2023-04-03T19:29:13","date_gmt":"2023-04-03T17:29:13","guid":{"rendered":"https:\/\/consolatozurigo.esteri.it\/?page_id=87"},"modified":"2023-05-19T17:20:02","modified_gmt":"2023-05-19T15:20:02","slug":"assistenza-ai-cittadini-allestero","status":"publish","type":"page","link":"https:\/\/consedimburgo.esteri.it\/it\/servizi-consolari-e-visti\/servizi-per-il-cittadino-italiano\/assistenza-ai-cittadini-allestero\/","title":{"rendered":"Assistenza ai cittadini all&#8217;estero"},"content":{"rendered":"<p class=\"entry-header\"><strong><span style=\"font-size: 16px;\">Il servizio di assistenza sociale \u00e8 destinato ai connazionali che versano in una situazione di indigenza. Questi connazionali possono ricevere dal Consolato Generale un aiuto (economico o di altro tipo) per superare, momentaneamente, la propria difficile situazione. I presupposti per ottenere l\u2019assistenza sono:<\/span><\/strong><\/p>\n<div class=\"entry-content\">\n<ul>\n<li>cittadinanza italiana<\/li>\n<li>stato di indigenza<\/li>\n<li>residenza nella circoscrizione consolare<\/li>\n<\/ul>\n<p><strong>Il Consolato concentra le proprie risorse nell\u2019assistenza alla fascia pi\u00f9 povera di connazionali, sulla base dei seguenti criteri:<\/strong><\/p>\n<ul>\n<li>reddito (priorit\u00e0 a coloro che ne sono totalmente sprovvisti, che non ricevono pensione o altri sussidi o hanno solo la pensione minima)<\/li>\n<li>et\u00e0 (priorit\u00e0 ai pi\u00f9 anziani)<\/li>\n<li>situazione di famiglia (priorit\u00e0 alle persone che non hanno abitazione o che non hanno familiari che li possano aiutare)<\/li>\n<li>salute (priorit\u00e0 a coloro che necessitano di cure prolungate e\/o molto onerose)<\/li>\n<li>familiari a carico con handicap fisici o mentali<\/li>\n<\/ul>\n<p><strong>IMPORTANTE<\/strong>:<br \/>\nL\u2019Ufficio Assistenza Sociale non si occupa di emergenze riguardanti i servizi consolari (es. scadenza passaporti e\/o carte d\u2019identit\u00e0). Per tali questioni si invita il pubblico ad indirizzare le richieste alle email dei singoli Uffici. Per informazioni scrivere all&#8217;indirizzo e-mail <a href=\"mailto:consolato.edimburgo@esteri.it\">consolato.edimburgo@esteri.it<\/a><\/p>\n<\/div>\n","protected":false},"excerpt":{"rendered":"Il servizio di assistenza sociale \u00e8 destinato ai connazionali che versano in una situazione di indigenza. Questi connazionali possono ricevere dal Consolato Generale un aiuto (economico o di altro tipo) per superare, momentaneamente, la propria difficile situazione. I presupposti per ottenere l\u2019assistenza sono: cittadinanza italiana stato di indigenza residenza nella circoscrizione consolare Il Consolato concentra [&hellip;]","protected":false},"author":1,"featured_media":0,"parent":59,"menu_order":8,"comment_status":"closed","ping_status":"closed","template":"","meta":{"footnotes":""},"class_list":["post-87","page","type-page","status-publish","hentry"],"_links":{"self":[{"href":"https:\/\/consedimburgo.esteri.it\/it\/wp-json\/wp\/v2\/pages\/87","targetHints":{"allow":["GET"]}}],"collection":[{"href":"https:\/\/consedimburgo.esteri.it\/it\/wp-json\/wp\/v2\/pages"}],"about":[{"href":"https:\/\/consedimburgo.esteri.it\/it\/wp-json\/wp\/v2\/types\/page"}],"author":[{"embeddable":true,"href":"https:\/\/consedimburgo.esteri.it\/it\/wp-json\/wp\/v2\/users\/1"}],"replies":[{"embeddable":true,"href":"https:\/\/consedimburgo.esteri.it\/it\/wp-json\/wp\/v2\/comments?post=87"}],"version-history":[{"count":6,"href":"https:\/\/consedimburgo.esteri.it\/it\/wp-json\/wp\/v2\/pages\/87\/revisions"}],"predecessor-version":[{"id":672,"href":"https:\/\/consedimburgo.esteri.it\/it\/wp-json\/wp\/v2\/pages\/87\/revisions\/672"}],"up":[{"embeddable":true,"href":"https:\/\/consedimburgo.esteri.it\/it\/wp-json\/wp\/v2\/pages\/59"}],"wp:attachment":[{"href":"https:\/\/consedimburgo.esteri.it\/it\/wp-json\/wp\/v2\/media?parent=87"}],"curies":[{"name":"wp","href":"https:\/\/api.w.org\/{rel}","templated":true}]}}