{"id":92,"date":"2023-04-03T19:30:10","date_gmt":"2023-04-03T17:30:10","guid":{"rendered":"https:\/\/consolatozurigo.esteri.it\/?page_id=92"},"modified":"2026-02-11T13:52:51","modified_gmt":"2026-02-11T12:52:51","slug":"codice-fiscale","status":"publish","type":"page","link":"https:\/\/consedimburgo.esteri.it\/it\/servizi-consolari-e-visti\/servizi-per-il-cittadino-italiano\/codice-fiscale\/","title":{"rendered":"Codice fiscale"},"content":{"rendered":"<p>I Consolati italiani sono abilitati a rilasciare codici fiscali sia a cittadini italiani che stranieri esclusivamente per uso privato, da parte quindi delle sole \u201cpersone fisiche\u201d. I Consolati italiani non sono invece abilitati ad emettere codici fiscali per le \u201cpersone giuridiche\u201d. In questo caso \u00e8 necessario contattare l\u2019 \u201cAgenzia delle Entrate\u201d (<a href=\"http:\/\/www.agenziaentrate.gov.it\/\">www.agenziaentrate.gov.it<\/a>).<\/p>\n<p>La richiesta di codice fiscale, per chi si trova al di fuori del territorio nazionale italiano, pu\u00f2 essere presentata tramite l\u2019Ufficio Consolare competente per il luogo di residenza dell&#8217;interessato. Per verificare il Consolato competente si prega di consultare la pagina\u00a0vedi <a href=\"https:\/\/serviziconsolarionline.esteri.it\/ScoFE\/services\/consulate\/find-consulate.sco\"><strong>QUI<\/strong><\/a>.<\/p>\n<p>Il codice fiscale compare sulla tessera sanitaria, che ha una scadenza e viene rilasciata a chi risiede in Italia. Chi risiede all&#8217;estero e non ha diritto alla tessera sanitaria in quanto non beneficiario di assistenza sanitaria in Italia, pu\u00f2 richiedere il certificato di codice fiscale. <strong>NON \u00e8 pi\u00f9 possibile ottenere il tesserino plastificato per il tramite dell&#8217;Ufficio Consolare.\u00a0<\/strong><\/p>\n<p><strong>Ai fini della richiesta di\u00a0<a href=\"https:\/\/www.spid.gov.it\/?lang=it\">SPID<\/a>, \u00e8 sufficiente il CERTIFICATO di codice fiscale.<br \/>\n<\/strong>Come precisato anche dall&#8217;<strong>Avviso dell&#8217;AGID del 30 aprile 2024<\/strong> (clicca <a href=\"https:\/\/www.agid.gov.it\/sites\/default\/files\/repository_files\/spid-avviso-n7v2-rilascio-identita-italiani-stabiliti-estero_f.pdf\"><strong>QUI<\/strong><\/a>), i <em>providers<\/em> abilitati al rilascio dello SPID, in sede di verifica del codice fiscale del richiedente, sono tenuti a riconoscere come valide ed autentiche le attestazioni di rilascio emesse dagli Uffici consolari all\u2019estero, incluso il certificato di attribuzione scaricabile dal portale dei servizi consolari &#8211; Fast It.<\/p>\n<p>&nbsp;<\/p>\n<p><strong>Come richiedere il codice<\/strong>\u00a0<strong>fiscale<\/strong><\/p>\n<p>I <span style=\"text-decoration: underline;\"><strong>CITTADINI ITALIANI<\/strong><\/span> che risiedono <strong>in Scozia e Irlanda del Nord<\/strong> e che sono regolarmente <strong>iscritti all&#8217;AIRE nella\u00a0Circoscrizione consolare<\/strong> di questo Consolato Generale, a partire <strong>dal 15 luglio 2024<\/strong> possono scaricare il certificato di attribuzione del codice fiscale <span style=\"text-decoration: underline;\">esclusivamente<\/span> tramite il <strong><a href=\"https:\/\/serviziconsolari.esteri.it\/ScoFE\/services\/service-info.sco?serviceId=95&amp;sCode=GCF#_blank\">Portale Fast It<\/a><\/strong>. Da tale data <strong>NON verranno pi\u00f9 accettate richieste di rilascio di certificato di Codice Fiscale ricevute con modalit\u00e0 diverse.\u00a0<\/strong><\/p>\n<p><strong><em>Come?<\/em><\/strong><\/p>\n<ol>\n<li>Accedi al Portale Fast It;<\/li>\n<li>Clicca su \u201cAnagrafe Consolare e AIRE\u201d e poi su\u00a0<strong>\u201cAttribuzione Codice Fiscale\u201d;<\/strong><\/li>\n<li>Conferma i dati e avvia la richiesta;<\/li>\n<li>Scarica in autonomia (download) il certificato di attribuzione del Codice Fiscale.<\/li>\n<\/ol>\n<p><strong>Se non riesci a scaricare<\/strong>\u00a0il certificato di attribuzione del Codice Fiscale:<\/p>\n<ol>\n<li>Registrati sul\u00a0<a href=\"https:\/\/serviziconsolari.esteri.it\/#_blank\">portale FAST IT<\/a>, oppure accedi se hai gi\u00e0 un account attivo;<\/li>\n<li>Richiedi la \u201cAssociazione Online\u201d cliccando su \u201cAnagrafe Consolare e AIRE\u201d e poi su \u201cVisualizzare la propria scheda anagrafica\u201d;<\/li>\n<li>Entro 2 giorni lavorativi dalla richiesta, riceverai sulla tua casella di posta il messaggio di avvenuta associazione;<\/li>\n<li>Accedi nuovamente al portale e scarica il certificato.<\/li>\n<\/ol>\n<p>Accedendo alla propria scheda anagrafica sul portale Fast It, i genitori potranno inoltre scaricare il certificato di attribuzione del Codice Fiscale dei propri <strong>figli minorenni <\/strong>che siano registrati all&#8217;AIRE.<br \/>\n<strong>ATTENZIONE:\u00a0<\/strong>Per i figli minori nati all&#8217;estero, al fine di ottenere il certificato di attribuzione del Codice Fiscale, \u00e8 obbligatorio che l\u2019atto di nascita sia stato trascritto dal Comune di riferimento AIRE in Italia (clicca <a href=\"https:\/\/consedimburgo.esteri.it\/it\/servizi-consolari-e-visti\/servizi-per-il-cittadino-italiano\/stato-civile\/per-registrare-il-certificato-di-nascita\/\"><strong>QUI<\/strong><\/a> per maggiori informazioni).<\/p>\n<p>I cittadini maggiorenni iscritti all\u2019AIRE <strong>che hanno gi\u00e0 il Codice fiscale<\/strong> possono\u00a0<strong>scaricare direttamente il certificato di attestazione del Codice fiscale\u00a0<\/strong>attraverso il portale telematico Fast It accedendo al relativo servizio e seguendo le indicazioni fornite per chiedere il Codice fiscale.<\/p>\n<p><strong>N.B.<\/strong> In linea con la normativa in vigore, tutte le istanze presentate\u00a0correttamente\u00a0verranno evase entro 30gg dalla loro ricezione.<\/p>\n<p>&nbsp;<\/p>\n<p>I <span style=\"text-decoration: underline;\"><strong>CITTADINI STRANIERI<\/strong><\/span> che risiedono <strong>in Scozia e Irlanda del Nord<\/strong> possono richiedere il certificato di attribuzione del Codice Fiscale secondo le modalit\u00e0 indicate <a href=\"https:\/\/consedimburgo.esteri.it\/it\/servizi-consolari-e-visti\/servizi-per-il-cittadino-straniero\/codice-fiscale\/\"><strong>QUI<\/strong><\/a>.<\/p>\n","protected":false},"excerpt":{"rendered":"I Consolati italiani sono abilitati a rilasciare codici fiscali sia a cittadini italiani che stranieri esclusivamente per uso privato, da parte quindi delle sole \u201cpersone fisiche\u201d. I Consolati italiani non sono invece abilitati ad emettere codici fiscali per le \u201cpersone giuridiche\u201d. In questo caso \u00e8 necessario contattare l\u2019 \u201cAgenzia delle Entrate\u201d (www.agenziaentrate.gov.it). La richiesta di [&hellip;]","protected":false},"author":1,"featured_media":0,"parent":59,"menu_order":18,"comment_status":"closed","ping_status":"closed","template":"","meta":{"footnotes":""},"class_list":["post-92","page","type-page","status-publish","hentry"],"_links":{"self":[{"href":"https:\/\/consedimburgo.esteri.it\/it\/wp-json\/wp\/v2\/pages\/92","targetHints":{"allow":["GET"]}}],"collection":[{"href":"https:\/\/consedimburgo.esteri.it\/it\/wp-json\/wp\/v2\/pages"}],"about":[{"href":"https:\/\/consedimburgo.esteri.it\/it\/wp-json\/wp\/v2\/types\/page"}],"author":[{"embeddable":true,"href":"https:\/\/consedimburgo.esteri.it\/it\/wp-json\/wp\/v2\/users\/1"}],"replies":[{"embeddable":true,"href":"https:\/\/consedimburgo.esteri.it\/it\/wp-json\/wp\/v2\/comments?post=92"}],"version-history":[{"count":7,"href":"https:\/\/consedimburgo.esteri.it\/it\/wp-json\/wp\/v2\/pages\/92\/revisions"}],"predecessor-version":[{"id":6590,"href":"https:\/\/consedimburgo.esteri.it\/it\/wp-json\/wp\/v2\/pages\/92\/revisions\/6590"}],"up":[{"embeddable":true,"href":"https:\/\/consedimburgo.esteri.it\/it\/wp-json\/wp\/v2\/pages\/59"}],"wp:attachment":[{"href":"https:\/\/consedimburgo.esteri.it\/it\/wp-json\/wp\/v2\/media?parent=92"}],"curies":[{"name":"wp","href":"https:\/\/api.w.org\/{rel}","templated":true}]}}